{"id":43802,"date":"2026-01-06T12:01:56","date_gmt":"2026-01-06T10:01:56","guid":{"rendered":"https:\/\/zooprekes24.lt\/?post_type=product&#038;p=43802"},"modified":"2026-01-06T16:49:41","modified_gmt":"2026-01-06T14:49:41","slug":"trixie-triusiu-ausys-su-minksta-vistiena-skanestas-sunims-80g","status":"publish","type":"product","link":"https:\/\/zooprekes24.lt\/lv\/produktas\/trixie-triusiu-ausys-su-minksta-vistiena-skanestas-sunims-80g\/","title":{"rendered":"Trixie triu\u0161i\u0173 ausys su mink\u0161ta vi\u0161tiena, skan\u0117stas \u0161unims, 80 g"},"content":{"rendered":"","protected":false},"excerpt":{"rendered":"","protected":false},"featured_media":43803,"comment_status":"closed","ping_status":"closed","template":"","meta":{"_acf_changed":false,"slim_seo":{"title":"Trixie triu\u0161i\u0173 ausys su mink\u0161ta vi\u0161tiena, skan\u0117stas \u0161unims, 80 g - Zooprekes24","description":""},"iawp_total_views":10},"product_brand":[],"product_cat":[9010,8999,31,30,9219],"product_tag":[],"class_list":{"0":"post-43802","1":"product","2":"type-product","3":"status-publish","4":"has-post-thumbnail","6":"product_cat-naturalus-skanestai","7":"product_cat-sunims","8":"product_cat-sunu-prekiu-gamintojai","9":"product_cat-sunu-skanestai","10":"product_cat-trixie-sunims","11":"pa_pasaro-sudetis-triusiena","12":"pa_pasaro-sudetis-vistiena","13":"pa_prekiu-zenklai-trixie","14":"pa_suns-amzius-suaugusiems","16":"first","17":"instock","18":"featured","19":"taxable","20":"shipping-taxable","21":"purchasable","22":"product-type-simple"},"acf":[],"_links":{"self":[{"href":"https:\/\/zooprekes24.lt\/lv\/wp-json\/wp\/v2\/product\/43802","targetHints":{"allow":["GET"]}}],"collection":[{"href":"https:\/\/zooprekes24.lt\/lv\/wp-json\/wp\/v2\/product"}],"about":[{"href":"https:\/\/zooprekes24.lt\/lv\/wp-json\/wp\/v2\/types\/product"}],"replies":[{"embeddable":true,"href":"https:\/\/zooprekes24.lt\/lv\/wp-json\/wp\/v2\/comments?post=43802"}],"wp:featuredmedia":[{"embeddable":true,"href":"https:\/\/zooprekes24.lt\/lv\/wp-json\/wp\/v2\/media\/43803"}],"wp:attachment":[{"href":"https:\/\/zooprekes24.lt\/lv\/wp-json\/wp\/v2\/media?parent=43802"}],"wp:term":[{"taxonomy":"product_brand","embeddable":true,"href":"https:\/\/zooprekes24.lt\/lv\/wp-json\/wp\/v2\/product_brand?post=43802"},{"taxonomy":"product_cat","embeddable":true,"href":"https:\/\/zooprekes24.lt\/lv\/wp-json\/wp\/v2\/product_cat?post=43802"},{"taxonomy":"product_tag","embeddable":true,"href":"https:\/\/zooprekes24.lt\/lv\/wp-json\/wp\/v2\/product_tag?post=43802"}],"curies":[{"name":"wp","href":"https:\/\/api.w.org\/{rel}","templated":true}]}}