{"id":43792,"date":"2026-01-06T11:42:44","date_gmt":"2026-01-06T09:42:44","guid":{"rendered":"https:\/\/zooprekes24.lt\/?post_type=product&#038;p=43792"},"modified":"2026-01-06T16:47:07","modified_gmt":"2026-01-06T14:47:07","slug":"trixie-premio-minksti-zasies-kepeneliu-kubeliai-tinka-dresurai-skanestas-sunims-100g","status":"publish","type":"product","link":"https:\/\/zooprekes24.lt\/lv\/produktas\/trixie-premio-minksti-zasies-kepeneliu-kubeliai-tinka-dresurai-skanestas-sunims-100g\/","title":{"rendered":"Trixie Premio mink\u0161ti \u017e\u0105sies kepen\u0117li\u0173 kubeliai, tinka dres\u016brai, skan\u0117stas \u0161unims, 100 g"},"content":{"rendered":"","protected":false},"excerpt":{"rendered":"","protected":false},"featured_media":43793,"comment_status":"closed","ping_status":"closed","template":"","meta":{"_acf_changed":false,"slim_seo":{"title":"Trixie Premio mink\u0161ti \u017e\u0105sies kepen\u0117li\u0173 kubeliai, tinka dres\u016brai, skan\u0117stas \u0161unims, 100 g - Zooprekes24","description":""},"iawp_total_views":4},"product_brand":[],"product_cat":[9030,9010,8999,31,30,9219],"product_tag":[],"class_list":{"0":"post-43792","1":"product","2":"type-product","3":"status-publish","4":"has-post-thumbnail","6":"product_cat-minksti-kramtalai","7":"product_cat-naturalus-skanestai","8":"product_cat-sunims","9":"product_cat-sunu-prekiu-gamintojai","10":"product_cat-sunu-skanestai","11":"product_cat-trixie-sunims","12":"pa_pasaro-sudetis-kepeneles","13":"pa_pasaro-sudetis-zasiena","14":"pa_prekiu-zenklai-trixie","15":"pa_suns-amzius-suaugusiems","17":"first","18":"instock","19":"featured","20":"taxable","21":"shipping-taxable","22":"purchasable","23":"product-type-simple"},"acf":[],"_links":{"self":[{"href":"https:\/\/zooprekes24.lt\/lv\/wp-json\/wp\/v2\/product\/43792","targetHints":{"allow":["GET"]}}],"collection":[{"href":"https:\/\/zooprekes24.lt\/lv\/wp-json\/wp\/v2\/product"}],"about":[{"href":"https:\/\/zooprekes24.lt\/lv\/wp-json\/wp\/v2\/types\/product"}],"replies":[{"embeddable":true,"href":"https:\/\/zooprekes24.lt\/lv\/wp-json\/wp\/v2\/comments?post=43792"}],"wp:featuredmedia":[{"embeddable":true,"href":"https:\/\/zooprekes24.lt\/lv\/wp-json\/wp\/v2\/media\/43793"}],"wp:attachment":[{"href":"https:\/\/zooprekes24.lt\/lv\/wp-json\/wp\/v2\/media?parent=43792"}],"wp:term":[{"taxonomy":"product_brand","embeddable":true,"href":"https:\/\/zooprekes24.lt\/lv\/wp-json\/wp\/v2\/product_brand?post=43792"},{"taxonomy":"product_cat","embeddable":true,"href":"https:\/\/zooprekes24.lt\/lv\/wp-json\/wp\/v2\/product_cat?post=43792"},{"taxonomy":"product_tag","embeddable":true,"href":"https:\/\/zooprekes24.lt\/lv\/wp-json\/wp\/v2\/product_tag?post=43792"}],"curies":[{"name":"wp","href":"https:\/\/api.w.org\/{rel}","templated":true}]}}