{"id":43683,"date":"2026-01-05T13:11:21","date_gmt":"2026-01-05T11:11:21","guid":{"rendered":"https:\/\/zooprekes24.lt\/?post_type=product&#038;p=43683"},"modified":"2026-01-06T10:38:26","modified_gmt":"2026-01-06T08:38:26","slug":"trixie-sokolado-laseliai-skanestas-sunims","status":"publish","type":"product","link":"https:\/\/zooprekes24.lt\/lv\/produktas\/trixie-sokolado-laseliai-skanestas-sunims\/","title":{"rendered":"Trixie \u0161okolado l\u0105\u0161eliai, skan\u0117stas \u0161unims"},"content":{"rendered":"","protected":false},"excerpt":{"rendered":"","protected":false},"featured_media":43686,"comment_status":"closed","ping_status":"closed","template":"","meta":{"_acf_changed":false,"slim_seo":{"title":"Trixie \u0161okolado l\u0105\u0161eliai, skan\u0117stas \u0161unims - Zooprekes24","description":""},"iawp_total_views":5},"product_brand":[],"product_cat":[9032,8999,31,30,9219],"product_tag":[],"class_list":{"0":"post-43683","1":"product","2":"type-product","3":"status-publish","4":"has-post-thumbnail","6":"product_cat-sausainiai-ir-kepinukai","7":"product_cat-sunims","8":"product_cat-sunu-prekiu-gamintojai","9":"product_cat-sunu-skanestai","10":"product_cat-trixie-sunims","11":"pa_prekiu-zenklai-trixie","12":"pa_suns-amzius-suaugusiems","14":"first","15":"instock","16":"featured","17":"taxable","18":"shipping-taxable","19":"purchasable","20":"product-type-variable"},"acf":[],"_links":{"self":[{"href":"https:\/\/zooprekes24.lt\/lv\/wp-json\/wp\/v2\/product\/43683","targetHints":{"allow":["GET"]}}],"collection":[{"href":"https:\/\/zooprekes24.lt\/lv\/wp-json\/wp\/v2\/product"}],"about":[{"href":"https:\/\/zooprekes24.lt\/lv\/wp-json\/wp\/v2\/types\/product"}],"replies":[{"embeddable":true,"href":"https:\/\/zooprekes24.lt\/lv\/wp-json\/wp\/v2\/comments?post=43683"}],"wp:featuredmedia":[{"embeddable":true,"href":"https:\/\/zooprekes24.lt\/lv\/wp-json\/wp\/v2\/media\/43686"}],"wp:attachment":[{"href":"https:\/\/zooprekes24.lt\/lv\/wp-json\/wp\/v2\/media?parent=43683"}],"wp:term":[{"taxonomy":"product_brand","embeddable":true,"href":"https:\/\/zooprekes24.lt\/lv\/wp-json\/wp\/v2\/product_brand?post=43683"},{"taxonomy":"product_cat","embeddable":true,"href":"https:\/\/zooprekes24.lt\/lv\/wp-json\/wp\/v2\/product_cat?post=43683"},{"taxonomy":"product_tag","embeddable":true,"href":"https:\/\/zooprekes24.lt\/lv\/wp-json\/wp\/v2\/product_tag?post=43683"}],"curies":[{"name":"wp","href":"https:\/\/api.w.org\/{rel}","templated":true}]}}