{"id":42764,"date":"2025-11-14T15:33:39","date_gmt":"2025-11-14T13:33:39","guid":{"rendered":"https:\/\/zooprekes24.lt\/?post_type=product&#038;p=42764"},"modified":"2025-11-15T18:30:45","modified_gmt":"2025-11-15T16:30:45","slug":"trixie-minkstas-zaislas-sunims-kaledinis-suniukas-cypsi-rudas","status":"publish","type":"product","link":"https:\/\/zooprekes24.lt\/lv\/produktas\/trixie-minkstas-zaislas-sunims-kaledinis-suniukas-cypsi-rudas\/","title":{"rendered":"Trixie mink\u0161tas \u017eaislas \u0161unims kal\u0117dinis \u0161uniukas, cypsi, rudas"},"content":{"rendered":"","protected":false},"excerpt":{"rendered":"","protected":false},"featured_media":42765,"comment_status":"closed","ping_status":"closed","template":"","meta":{"_acf_changed":false,"slim_seo":{"title":"Trixie mink\u0161tas \u017eaislas \u0161unims kal\u0117dinis \u0161uniukas, cypsi, rudas - Zooprekes24","description":""},"iawp_total_views":13},"product_brand":[],"product_cat":[9268,32,8999,31,9219,9024],"product_tag":[],"class_list":{"0":"post-42764","1":"product","2":"type-product","3":"status-publish","4":"has-post-thumbnail","6":"product_cat-kaledos","7":"product_cat-kitos-sunu-prekes","8":"product_cat-sunims","9":"product_cat-sunu-prekiu-gamintojai","10":"product_cat-trixie-sunims","11":"product_cat-zaislai-sunims","12":"pa_prekiu-zenklai-trixie","13":"pa_zaislo-tipas-cypiantis","14":"pa_zaislo-tipas-pliusinis","16":"first","17":"instock","18":"featured","19":"taxable","20":"shipping-taxable","21":"purchasable","22":"product-type-simple"},"acf":[],"_links":{"self":[{"href":"https:\/\/zooprekes24.lt\/lv\/wp-json\/wp\/v2\/product\/42764","targetHints":{"allow":["GET"]}}],"collection":[{"href":"https:\/\/zooprekes24.lt\/lv\/wp-json\/wp\/v2\/product"}],"about":[{"href":"https:\/\/zooprekes24.lt\/lv\/wp-json\/wp\/v2\/types\/product"}],"replies":[{"embeddable":true,"href":"https:\/\/zooprekes24.lt\/lv\/wp-json\/wp\/v2\/comments?post=42764"}],"wp:featuredmedia":[{"embeddable":true,"href":"https:\/\/zooprekes24.lt\/lv\/wp-json\/wp\/v2\/media\/42765"}],"wp:attachment":[{"href":"https:\/\/zooprekes24.lt\/lv\/wp-json\/wp\/v2\/media?parent=42764"}],"wp:term":[{"taxonomy":"product_brand","embeddable":true,"href":"https:\/\/zooprekes24.lt\/lv\/wp-json\/wp\/v2\/product_brand?post=42764"},{"taxonomy":"product_cat","embeddable":true,"href":"https:\/\/zooprekes24.lt\/lv\/wp-json\/wp\/v2\/product_cat?post=42764"},{"taxonomy":"product_tag","embeddable":true,"href":"https:\/\/zooprekes24.lt\/lv\/wp-json\/wp\/v2\/product_tag?post=42764"}],"curies":[{"name":"wp","href":"https:\/\/api.w.org\/{rel}","templated":true}]}}