{"id":42744,"date":"2025-11-14T13:55:07","date_gmt":"2025-11-14T11:55:07","guid":{"rendered":"https:\/\/zooprekes24.lt\/?post_type=product&#038;p=42744"},"modified":"2025-11-15T18:40:57","modified_gmt":"2025-11-15T16:40:57","slug":"trixie-keramikinis-skanestu-indas-augintiniams-baltas-su-kalediniu-dizainu","status":"publish","type":"product","link":"https:\/\/zooprekes24.lt\/lv\/produktas\/trixie-keramikinis-skanestu-indas-augintiniams-baltas-su-kalediniu-dizainu\/","title":{"rendered":"Trixie keramikinis skan\u0117st\u0173 indas augintiniams, baltas su kal\u0117diniu dizainu"},"content":{"rendered":"","protected":false},"excerpt":{"rendered":"","protected":false},"featured_media":42747,"comment_status":"closed","ping_status":"closed","template":"","meta":{"_acf_changed":false,"slim_seo":{"title":"Trixie keramikinis skan\u0117st\u0173 indas augintiniams, baltas su kal\u0117diniu dizainu - Zooprekes24","description":""},"iawp_total_views":9},"product_brand":[],"product_cat":[9140,9057,83,9268,25,104,32,8999,31,9219,9222],"product_tag":[],"class_list":{"0":"post-42744","1":"product","2":"type-product","3":"status-publish","4":"has-post-thumbnail","6":"product_cat-dubeneliai-ir-girdyklos-kitos-kaciu-prekes","7":"product_cat-dubeneliai-ir-girdyklos","8":"product_cat-kaciu-prekiu-gamintojai","9":"product_cat-kaledos","10":"product_cat-katems","11":"product_cat-kitos-kaciu-prekes","12":"product_cat-kitos-sunu-prekes","13":"product_cat-sunims","14":"product_cat-sunu-prekiu-gamintojai","15":"product_cat-trixie-sunims","16":"product_cat-trixie-katems","17":"pa_prekiu-zenklai-trixie","19":"first","20":"instock","21":"featured","22":"taxable","23":"shipping-taxable","24":"purchasable","25":"product-type-simple"},"acf":[],"_links":{"self":[{"href":"https:\/\/zooprekes24.lt\/lv\/wp-json\/wp\/v2\/product\/42744","targetHints":{"allow":["GET"]}}],"collection":[{"href":"https:\/\/zooprekes24.lt\/lv\/wp-json\/wp\/v2\/product"}],"about":[{"href":"https:\/\/zooprekes24.lt\/lv\/wp-json\/wp\/v2\/types\/product"}],"replies":[{"embeddable":true,"href":"https:\/\/zooprekes24.lt\/lv\/wp-json\/wp\/v2\/comments?post=42744"}],"wp:featuredmedia":[{"embeddable":true,"href":"https:\/\/zooprekes24.lt\/lv\/wp-json\/wp\/v2\/media\/42747"}],"wp:attachment":[{"href":"https:\/\/zooprekes24.lt\/lv\/wp-json\/wp\/v2\/media?parent=42744"}],"wp:term":[{"taxonomy":"product_brand","embeddable":true,"href":"https:\/\/zooprekes24.lt\/lv\/wp-json\/wp\/v2\/product_brand?post=42744"},{"taxonomy":"product_cat","embeddable":true,"href":"https:\/\/zooprekes24.lt\/lv\/wp-json\/wp\/v2\/product_cat?post=42744"},{"taxonomy":"product_tag","embeddable":true,"href":"https:\/\/zooprekes24.lt\/lv\/wp-json\/wp\/v2\/product_tag?post=42744"}],"curies":[{"name":"wp","href":"https:\/\/api.w.org\/{rel}","templated":true}]}}