{"id":42715,"date":"2025-11-13T14:04:18","date_gmt":"2025-11-13T12:04:18","guid":{"rendered":"https:\/\/zooprekes24.lt\/?post_type=product&#038;p=42715"},"modified":"2025-11-15T18:45:54","modified_gmt":"2025-11-15T16:45:54","slug":"trixie-zaislas-katems-ant-medinio-pagaliuko-eziukas-su-katzole","status":"publish","type":"product","link":"https:\/\/zooprekes24.lt\/lv\/produktas\/trixie-zaislas-katems-ant-medinio-pagaliuko-eziukas-su-katzole\/","title":{"rendered":"Trixie \u017eaislas kat\u0117ms ant medinio pagaliuko, e\u017eiukas su kat\u017eole"},"content":{"rendered":"","protected":false},"excerpt":{"rendered":"","protected":false},"featured_media":42716,"comment_status":"closed","ping_status":"closed","template":"","meta":{"_acf_changed":false,"slim_seo":{"title":"Trixie \u017eaislas kat\u0117ms ant medinio pagaliuko, e\u017eiukas su kat\u017eole - Zooprekes24","description":""},"iawp_total_views":5},"product_brand":[],"product_cat":[83,9268,25,104,9222,9238],"product_tag":[],"class_list":{"0":"post-42715","1":"product","2":"type-product","3":"status-publish","4":"has-post-thumbnail","6":"product_cat-kaciu-prekiu-gamintojai","7":"product_cat-kaledos","8":"product_cat-katems","9":"product_cat-kitos-kaciu-prekes","10":"product_cat-trixie-katems","11":"product_cat-zaislai-katems","12":"pa_prekiu-zenklai-trixie","13":"pa_zaislo-tipas-ant-pagaliuko","14":"pa_zaislo-tipas-su-katzole","16":"first","17":"instock","18":"featured","19":"taxable","20":"shipping-taxable","21":"purchasable","22":"product-type-simple"},"acf":[],"_links":{"self":[{"href":"https:\/\/zooprekes24.lt\/lv\/wp-json\/wp\/v2\/product\/42715","targetHints":{"allow":["GET"]}}],"collection":[{"href":"https:\/\/zooprekes24.lt\/lv\/wp-json\/wp\/v2\/product"}],"about":[{"href":"https:\/\/zooprekes24.lt\/lv\/wp-json\/wp\/v2\/types\/product"}],"replies":[{"embeddable":true,"href":"https:\/\/zooprekes24.lt\/lv\/wp-json\/wp\/v2\/comments?post=42715"}],"wp:featuredmedia":[{"embeddable":true,"href":"https:\/\/zooprekes24.lt\/lv\/wp-json\/wp\/v2\/media\/42716"}],"wp:attachment":[{"href":"https:\/\/zooprekes24.lt\/lv\/wp-json\/wp\/v2\/media?parent=42715"}],"wp:term":[{"taxonomy":"product_brand","embeddable":true,"href":"https:\/\/zooprekes24.lt\/lv\/wp-json\/wp\/v2\/product_brand?post=42715"},{"taxonomy":"product_cat","embeddable":true,"href":"https:\/\/zooprekes24.lt\/lv\/wp-json\/wp\/v2\/product_cat?post=42715"},{"taxonomy":"product_tag","embeddable":true,"href":"https:\/\/zooprekes24.lt\/lv\/wp-json\/wp\/v2\/product_tag?post=42715"}],"curies":[{"name":"wp","href":"https:\/\/api.w.org\/{rel}","templated":true}]}}