{"id":42713,"date":"2025-11-13T14:00:17","date_gmt":"2025-11-13T12:00:17","guid":{"rendered":"https:\/\/zooprekes24.lt\/?post_type=product&#038;p=42713"},"modified":"2025-11-15T18:46:49","modified_gmt":"2025-11-15T16:46:49","slug":"trixie-zaislas-katems-ant-medinio-pagaliuko-zvaigzde-su-katzole-ir-cezacia-folija","status":"publish","type":"product","link":"https:\/\/zooprekes24.lt\/lv\/produktas\/trixie-zaislas-katems-ant-medinio-pagaliuko-zvaigzde-su-katzole-ir-cezacia-folija\/","title":{"rendered":"Trixie \u017eaislas kat\u0117ms ant medinio pagaliuko, \u017evaig\u017ed\u0117 su kat\u017eole ir \u010de\u017ea\u010dia folija"},"content":{"rendered":"","protected":false},"excerpt":{"rendered":"","protected":false},"featured_media":42714,"comment_status":"closed","ping_status":"closed","template":"","meta":{"_acf_changed":false,"slim_seo":{"title":"Trixie \u017eaislas kat\u0117ms ant medinio pagaliuko, \u017evaig\u017ed\u0117 su kat\u017eole ir \u010de\u017ea\u010dia folija - Zooprekes24","description":""},"iawp_total_views":5},"product_brand":[],"product_cat":[83,9268,25,104,9222,9238],"product_tag":[],"class_list":{"0":"post-42713","1":"product","2":"type-product","3":"status-publish","4":"has-post-thumbnail","6":"product_cat-kaciu-prekiu-gamintojai","7":"product_cat-kaledos","8":"product_cat-katems","9":"product_cat-kitos-kaciu-prekes","10":"product_cat-trixie-katems","11":"product_cat-zaislai-katems","12":"pa_prekiu-zenklai-trixie","13":"pa_zaislo-tipas-ant-pagaliuko","14":"pa_zaislo-tipas-su-katzole","15":"pa_zaislo-tipas-traskantis","17":"first","18":"instock","19":"featured","20":"taxable","21":"shipping-taxable","22":"purchasable","23":"product-type-simple"},"acf":[],"_links":{"self":[{"href":"https:\/\/zooprekes24.lt\/lv\/wp-json\/wp\/v2\/product\/42713","targetHints":{"allow":["GET"]}}],"collection":[{"href":"https:\/\/zooprekes24.lt\/lv\/wp-json\/wp\/v2\/product"}],"about":[{"href":"https:\/\/zooprekes24.lt\/lv\/wp-json\/wp\/v2\/types\/product"}],"replies":[{"embeddable":true,"href":"https:\/\/zooprekes24.lt\/lv\/wp-json\/wp\/v2\/comments?post=42713"}],"wp:featuredmedia":[{"embeddable":true,"href":"https:\/\/zooprekes24.lt\/lv\/wp-json\/wp\/v2\/media\/42714"}],"wp:attachment":[{"href":"https:\/\/zooprekes24.lt\/lv\/wp-json\/wp\/v2\/media?parent=42713"}],"wp:term":[{"taxonomy":"product_brand","embeddable":true,"href":"https:\/\/zooprekes24.lt\/lv\/wp-json\/wp\/v2\/product_brand?post=42713"},{"taxonomy":"product_cat","embeddable":true,"href":"https:\/\/zooprekes24.lt\/lv\/wp-json\/wp\/v2\/product_cat?post=42713"},{"taxonomy":"product_tag","embeddable":true,"href":"https:\/\/zooprekes24.lt\/lv\/wp-json\/wp\/v2\/product_tag?post=42713"}],"curies":[{"name":"wp","href":"https:\/\/api.w.org\/{rel}","templated":true}]}}