{"id":42636,"date":"2025-11-12T15:06:12","date_gmt":"2025-11-12T13:06:12","guid":{"rendered":"https:\/\/zooprekes24.lt\/?post_type=product&#038;p=42636"},"modified":"2025-11-15T18:57:14","modified_gmt":"2025-11-15T16:57:14","slug":"trixie-baffos-minksti-diskeliai-su-jautiena-ir-zarnokais-skanestai-sunims-kibirelyje-140g","status":"publish","type":"product","link":"https:\/\/zooprekes24.lt\/lv\/produktas\/trixie-baffos-minksti-diskeliai-su-jautiena-ir-zarnokais-skanestai-sunims-kibirelyje-140g\/","title":{"rendered":"Trixie Baffos mink\u0161ti diskeliai su jautiena ir \u017earnokais, skan\u0117stai \u0161unims kibir\u0117lyje, 140 g"},"content":{"rendered":"","protected":false},"excerpt":{"rendered":"","protected":false},"featured_media":42637,"comment_status":"closed","ping_status":"closed","template":"","meta":{"_acf_changed":false,"slim_seo":{"title":"Trixie Baffos mink\u0161ti diskeliai su jautiena ir \u017earnokais, skan\u0117stai \u0161unims kibir\u0117lyje, 140 g - Zooprekes24","description":""},"iawp_total_views":3},"product_brand":[],"product_cat":[9030,8999,31,30,9219],"product_tag":[],"class_list":{"0":"post-42636","1":"product","2":"type-product","3":"status-publish","4":"has-post-thumbnail","6":"product_cat-minksti-kramtalai","7":"product_cat-sunims","8":"product_cat-sunu-prekiu-gamintojai","9":"product_cat-sunu-skanestai","10":"product_cat-trixie-sunims","11":"pa_pasaro-sudetis-jautiena","12":"pa_prekiu-zenklai-trixie","13":"pa_suns-amzius-suaugusiems","15":"first","16":"instock","17":"featured","18":"taxable","19":"shipping-taxable","20":"purchasable","21":"product-type-simple"},"acf":[],"_links":{"self":[{"href":"https:\/\/zooprekes24.lt\/lv\/wp-json\/wp\/v2\/product\/42636","targetHints":{"allow":["GET"]}}],"collection":[{"href":"https:\/\/zooprekes24.lt\/lv\/wp-json\/wp\/v2\/product"}],"about":[{"href":"https:\/\/zooprekes24.lt\/lv\/wp-json\/wp\/v2\/types\/product"}],"replies":[{"embeddable":true,"href":"https:\/\/zooprekes24.lt\/lv\/wp-json\/wp\/v2\/comments?post=42636"}],"wp:featuredmedia":[{"embeddable":true,"href":"https:\/\/zooprekes24.lt\/lv\/wp-json\/wp\/v2\/media\/42637"}],"wp:attachment":[{"href":"https:\/\/zooprekes24.lt\/lv\/wp-json\/wp\/v2\/media?parent=42636"}],"wp:term":[{"taxonomy":"product_brand","embeddable":true,"href":"https:\/\/zooprekes24.lt\/lv\/wp-json\/wp\/v2\/product_brand?post=42636"},{"taxonomy":"product_cat","embeddable":true,"href":"https:\/\/zooprekes24.lt\/lv\/wp-json\/wp\/v2\/product_cat?post=42636"},{"taxonomy":"product_tag","embeddable":true,"href":"https:\/\/zooprekes24.lt\/lv\/wp-json\/wp\/v2\/product_tag?post=42636"}],"curies":[{"name":"wp","href":"https:\/\/api.w.org\/{rel}","templated":true}]}}