{"id":42634,"date":"2025-11-12T14:57:58","date_gmt":"2025-11-12T12:57:58","guid":{"rendered":"https:\/\/zooprekes24.lt\/?post_type=product&#038;p=42634"},"modified":"2025-11-15T18:57:42","modified_gmt":"2025-11-15T16:57:42","slug":"trixie-bouncies-minksti-kauliukai-su-paukstiena-eriena-ir-zarnokais-skanestai-sunims-kibirelyje-140g","status":"publish","type":"product","link":"https:\/\/zooprekes24.lt\/lv\/produktas\/trixie-bouncies-minksti-kauliukai-su-paukstiena-eriena-ir-zarnokais-skanestai-sunims-kibirelyje-140g\/","title":{"rendered":"Trixie Bouncies mink\u0161ti kauliukai su pauk\u0161tiena, \u0117riena ir \u017earnokais, skan\u0117stai \u0161unims kibir\u0117lyje, 140 g"},"content":{"rendered":"","protected":false},"excerpt":{"rendered":"","protected":false},"featured_media":42635,"comment_status":"closed","ping_status":"closed","template":"","meta":{"_acf_changed":false,"slim_seo":{"title":"Trixie Bouncies mink\u0161ti kauliukai su pauk\u0161tiena, \u0117riena ir \u017earnokais, skan\u0117stai \u0161unims kibir\u0117lyje, 140 g - Zooprekes24","description":""},"iawp_total_views":4},"product_brand":[],"product_cat":[9030,8999,31,30,9219],"product_tag":[],"class_list":{"0":"post-42634","1":"product","2":"type-product","3":"status-publish","4":"has-post-thumbnail","6":"product_cat-minksti-kramtalai","7":"product_cat-sunims","8":"product_cat-sunu-prekiu-gamintojai","9":"product_cat-sunu-skanestai","10":"product_cat-trixie-sunims","11":"pa_pasaro-sudetis-eriena","12":"pa_pasaro-sudetis-paukstiena","13":"pa_prekiu-zenklai-trixie","14":"pa_suns-amzius-suaugusiems","16":"first","17":"instock","18":"featured","19":"taxable","20":"shipping-taxable","21":"purchasable","22":"product-type-simple"},"acf":[],"_links":{"self":[{"href":"https:\/\/zooprekes24.lt\/lv\/wp-json\/wp\/v2\/product\/42634","targetHints":{"allow":["GET"]}}],"collection":[{"href":"https:\/\/zooprekes24.lt\/lv\/wp-json\/wp\/v2\/product"}],"about":[{"href":"https:\/\/zooprekes24.lt\/lv\/wp-json\/wp\/v2\/types\/product"}],"replies":[{"embeddable":true,"href":"https:\/\/zooprekes24.lt\/lv\/wp-json\/wp\/v2\/comments?post=42634"}],"wp:featuredmedia":[{"embeddable":true,"href":"https:\/\/zooprekes24.lt\/lv\/wp-json\/wp\/v2\/media\/42635"}],"wp:attachment":[{"href":"https:\/\/zooprekes24.lt\/lv\/wp-json\/wp\/v2\/media?parent=42634"}],"wp:term":[{"taxonomy":"product_brand","embeddable":true,"href":"https:\/\/zooprekes24.lt\/lv\/wp-json\/wp\/v2\/product_brand?post=42634"},{"taxonomy":"product_cat","embeddable":true,"href":"https:\/\/zooprekes24.lt\/lv\/wp-json\/wp\/v2\/product_cat?post=42634"},{"taxonomy":"product_tag","embeddable":true,"href":"https:\/\/zooprekes24.lt\/lv\/wp-json\/wp\/v2\/product_tag?post=42634"}],"curies":[{"name":"wp","href":"https:\/\/api.w.org\/{rel}","templated":true}]}}