{"id":42632,"date":"2025-11-12T14:47:36","date_gmt":"2025-11-12T12:47:36","guid":{"rendered":"https:\/\/zooprekes24.lt\/?post_type=product&#038;p=42632"},"modified":"2025-11-14T15:58:40","modified_gmt":"2025-11-14T13:58:40","slug":"trixie-minksti-kauliukai-su-jautiena-eriena-ir-paukstiena-skanestai-sunims-kibirelyje-500g","status":"publish","type":"product","link":"https:\/\/zooprekes24.lt\/lv\/produktas\/trixie-minksti-kauliukai-su-jautiena-eriena-ir-paukstiena-skanestai-sunims-kibirelyje-500g\/","title":{"rendered":"Trixie mink\u0161ti kauliukai su jautiena, \u0117riena ir pauk\u0161tiena, skan\u0117stai \u0161unims kibir\u0117lyje, 500 g"},"content":{"rendered":"","protected":false},"excerpt":{"rendered":"","protected":false},"featured_media":42633,"comment_status":"closed","ping_status":"closed","template":"","meta":{"_acf_changed":false,"slim_seo":{"title":"Trixie mink\u0161ti kauliukai su jautiena, \u0117riena ir pauk\u0161tiena, skan\u0117stai \u0161unims kibir\u0117lyje, 500 g - Zooprekes24","description":""},"iawp_total_views":31},"product_brand":[],"product_cat":[9030,8999,31,30,9219],"product_tag":[],"class_list":{"0":"post-42632","1":"product","2":"type-product","3":"status-publish","4":"has-post-thumbnail","6":"product_cat-minksti-kramtalai","7":"product_cat-sunims","8":"product_cat-sunu-prekiu-gamintojai","9":"product_cat-sunu-skanestai","10":"product_cat-trixie-sunims","11":"pa_pasaro-sudetis-eriena","12":"pa_pasaro-sudetis-jautiena","13":"pa_pasaro-sudetis-paukstiena","14":"pa_prekiu-zenklai-trixie","15":"pa_suns-amzius-suaugusiems","17":"first","18":"instock","19":"featured","20":"taxable","21":"shipping-taxable","22":"purchasable","23":"product-type-simple"},"acf":[],"_links":{"self":[{"href":"https:\/\/zooprekes24.lt\/lv\/wp-json\/wp\/v2\/product\/42632","targetHints":{"allow":["GET"]}}],"collection":[{"href":"https:\/\/zooprekes24.lt\/lv\/wp-json\/wp\/v2\/product"}],"about":[{"href":"https:\/\/zooprekes24.lt\/lv\/wp-json\/wp\/v2\/types\/product"}],"replies":[{"embeddable":true,"href":"https:\/\/zooprekes24.lt\/lv\/wp-json\/wp\/v2\/comments?post=42632"}],"wp:featuredmedia":[{"embeddable":true,"href":"https:\/\/zooprekes24.lt\/lv\/wp-json\/wp\/v2\/media\/42633"}],"wp:attachment":[{"href":"https:\/\/zooprekes24.lt\/lv\/wp-json\/wp\/v2\/media?parent=42632"}],"wp:term":[{"taxonomy":"product_brand","embeddable":true,"href":"https:\/\/zooprekes24.lt\/lv\/wp-json\/wp\/v2\/product_brand?post=42632"},{"taxonomy":"product_cat","embeddable":true,"href":"https:\/\/zooprekes24.lt\/lv\/wp-json\/wp\/v2\/product_cat?post=42632"},{"taxonomy":"product_tag","embeddable":true,"href":"https:\/\/zooprekes24.lt\/lv\/wp-json\/wp\/v2\/product_tag?post=42632"}],"curies":[{"name":"wp","href":"https:\/\/api.w.org\/{rel}","templated":true}]}}