{"id":42624,"date":"2025-11-12T14:04:27","date_gmt":"2025-11-12T12:04:27","guid":{"rendered":"https:\/\/zooprekes24.lt\/?post_type=product&#038;p=42624"},"modified":"2025-11-14T15:56:10","modified_gmt":"2025-11-14T13:56:10","slug":"trixie-happy-rolls-minkstos-lazdeles-su-lasisa-skanestai-sunims-kibirelyje-500g","status":"publish","type":"product","link":"https:\/\/zooprekes24.lt\/lv\/produktas\/trixie-happy-rolls-minkstos-lazdeles-su-lasisa-skanestai-sunims-kibirelyje-500g\/","title":{"rendered":"Trixie Happy Rolls mink\u0161tos lazdel\u0117s su la\u0161i\u0161a, skan\u0117stai \u0161unims kibir\u0117lyje, 500 g\u00a0"},"content":{"rendered":"","protected":false},"excerpt":{"rendered":"","protected":false},"featured_media":42625,"comment_status":"closed","ping_status":"closed","template":"","meta":{"_acf_changed":false,"slim_seo":{"title":"Trixie Happy Rolls mink\u0161tos lazdel\u0117s su la\u0161i\u0161a, skan\u0117stai \u0161unims kibir\u0117lyje, 500 g\u00a0 - Zooprekes24","description":""},"iawp_total_views":11},"product_brand":[],"product_cat":[9030,8999,31,30,9219],"product_tag":[],"class_list":{"0":"post-42624","1":"product","2":"type-product","3":"status-publish","4":"has-post-thumbnail","6":"product_cat-minksti-kramtalai","7":"product_cat-sunims","8":"product_cat-sunu-prekiu-gamintojai","9":"product_cat-sunu-skanestai","10":"product_cat-trixie-sunims","11":"pa_pasaro-sudetis-lasisa","12":"pa_pasaro-sudetis-zuvis","13":"pa_prekiu-zenklai-trixie","14":"pa_suns-amzius-suaugusiems","16":"first","17":"instock","18":"featured","19":"taxable","20":"shipping-taxable","21":"purchasable","22":"product-type-simple"},"acf":[],"_links":{"self":[{"href":"https:\/\/zooprekes24.lt\/lv\/wp-json\/wp\/v2\/product\/42624","targetHints":{"allow":["GET"]}}],"collection":[{"href":"https:\/\/zooprekes24.lt\/lv\/wp-json\/wp\/v2\/product"}],"about":[{"href":"https:\/\/zooprekes24.lt\/lv\/wp-json\/wp\/v2\/types\/product"}],"replies":[{"embeddable":true,"href":"https:\/\/zooprekes24.lt\/lv\/wp-json\/wp\/v2\/comments?post=42624"}],"wp:featuredmedia":[{"embeddable":true,"href":"https:\/\/zooprekes24.lt\/lv\/wp-json\/wp\/v2\/media\/42625"}],"wp:attachment":[{"href":"https:\/\/zooprekes24.lt\/lv\/wp-json\/wp\/v2\/media?parent=42624"}],"wp:term":[{"taxonomy":"product_brand","embeddable":true,"href":"https:\/\/zooprekes24.lt\/lv\/wp-json\/wp\/v2\/product_brand?post=42624"},{"taxonomy":"product_cat","embeddable":true,"href":"https:\/\/zooprekes24.lt\/lv\/wp-json\/wp\/v2\/product_cat?post=42624"},{"taxonomy":"product_tag","embeddable":true,"href":"https:\/\/zooprekes24.lt\/lv\/wp-json\/wp\/v2\/product_tag?post=42624"}],"curies":[{"name":"wp","href":"https:\/\/api.w.org\/{rel}","templated":true}]}}