{"id":42490,"date":"2025-11-06T14:39:14","date_gmt":"2025-11-06T12:39:14","guid":{"rendered":"https:\/\/zooprekes24.lt\/?post_type=product&#038;p=42490"},"modified":"2026-04-27T14:38:54","modified_gmt":"2026-04-27T12:38:54","slug":"trixie-tako-su-vistiena-skanestas-sunims-10vnt","status":"publish","type":"product","link":"https:\/\/zooprekes24.lt\/lv\/produktas\/trixie-tako-su-vistiena-skanestas-sunims-10vnt\/","title":{"rendered":"Trixie tako su vi\u0161tiena, skan\u0117stas \u0161unims, 10 vnt"},"content":{"rendered":"","protected":false},"excerpt":{"rendered":"","protected":false},"featured_media":42491,"comment_status":"closed","ping_status":"closed","template":"","meta":{"_acf_changed":false,"slim_seo":{"title":"Trixie tako su vi\u0161tiena, skan\u0117stas \u0161unims, 10 vnt - Zooprekes24","description":""},"iawp_total_views":10},"product_brand":[],"product_cat":[9010,8999,31,30,9219],"product_tag":[],"class_list":{"0":"post-42490","1":"product","2":"type-product","3":"status-publish","4":"has-post-thumbnail","6":"product_cat-naturalus-skanestai","7":"product_cat-sunims","8":"product_cat-sunu-prekiu-gamintojai","9":"product_cat-sunu-skanestai","10":"product_cat-trixie-sunims","11":"pa_pasaro-sudetis-jautiena","12":"pa_pasaro-sudetis-vistiena","13":"pa_prekiu-zenklai-trixie","14":"pa_suns-amzius-jauniems","15":"pa_suns-amzius-senjorams","16":"pa_suns-amzius-suaugusiems","17":"pa_suns-amzius-visiems-amziams","19":"first","20":"instock","21":"featured","22":"taxable","23":"shipping-taxable","24":"purchasable","25":"product-type-simple"},"acf":[],"_links":{"self":[{"href":"https:\/\/zooprekes24.lt\/lv\/wp-json\/wp\/v2\/product\/42490","targetHints":{"allow":["GET"]}}],"collection":[{"href":"https:\/\/zooprekes24.lt\/lv\/wp-json\/wp\/v2\/product"}],"about":[{"href":"https:\/\/zooprekes24.lt\/lv\/wp-json\/wp\/v2\/types\/product"}],"replies":[{"embeddable":true,"href":"https:\/\/zooprekes24.lt\/lv\/wp-json\/wp\/v2\/comments?post=42490"}],"wp:featuredmedia":[{"embeddable":true,"href":"https:\/\/zooprekes24.lt\/lv\/wp-json\/wp\/v2\/media\/42491"}],"wp:attachment":[{"href":"https:\/\/zooprekes24.lt\/lv\/wp-json\/wp\/v2\/media?parent=42490"}],"wp:term":[{"taxonomy":"product_brand","embeddable":true,"href":"https:\/\/zooprekes24.lt\/lv\/wp-json\/wp\/v2\/product_brand?post=42490"},{"taxonomy":"product_cat","embeddable":true,"href":"https:\/\/zooprekes24.lt\/lv\/wp-json\/wp\/v2\/product_cat?post=42490"},{"taxonomy":"product_tag","embeddable":true,"href":"https:\/\/zooprekes24.lt\/lv\/wp-json\/wp\/v2\/product_tag?post=42490"}],"curies":[{"name":"wp","href":"https:\/\/api.w.org\/{rel}","templated":true}]}}