{"id":42444,"date":"2025-11-05T18:12:25","date_gmt":"2025-11-05T16:12:25","guid":{"rendered":"https:\/\/zooprekes24.lt\/?post_type=product&#038;p=42444"},"modified":"2025-11-11T13:30:37","modified_gmt":"2025-11-11T11:30:37","slug":"trixie-naturali-dziovinta-galviju-galvos-odos-juostele-skanestas-sunims-75cm","status":"publish","type":"product","link":"https:\/\/zooprekes24.lt\/lv\/produktas\/trixie-naturali-dziovinta-galviju-galvos-odos-juostele-skanestas-sunims-75cm\/","title":{"rendered":"Trixie nat\u016brali d\u017eiovinta galvij\u0173 galvos odos juostel\u0117, skan\u0117stas \u0161unims, 75 cm"},"content":{"rendered":"","protected":false},"excerpt":{"rendered":"","protected":false},"featured_media":42446,"comment_status":"closed","ping_status":"closed","template":"","meta":{"_acf_changed":false,"slim_seo":{"title":"Trixie nat\u016brali d\u017eiovinta galvij\u0173 galvos odos juostel\u0117, skan\u0117stas \u0161unims, 75 cm - Zooprekes24","description":""},"iawp_total_views":2},"product_brand":[],"product_cat":[9010,8999,31,30,9219],"product_tag":[],"class_list":{"0":"post-42444","1":"product","2":"type-product","3":"status-publish","4":"has-post-thumbnail","6":"product_cat-naturalus-skanestai","7":"product_cat-sunims","8":"product_cat-sunu-prekiu-gamintojai","9":"product_cat-sunu-skanestai","10":"product_cat-trixie-sunims","11":"pa_pasaro-sudetis-jautiena","12":"pa_prekiu-zenklai-trixie","13":"pa_suns-amzius-jauniems","14":"pa_suns-amzius-senjorams","15":"pa_suns-amzius-suaugusiems","16":"pa_suns-amzius-visiems-amziams","18":"first","19":"instock","20":"featured","21":"taxable","22":"shipping-taxable","23":"purchasable","24":"product-type-simple"},"acf":[],"_links":{"self":[{"href":"https:\/\/zooprekes24.lt\/lv\/wp-json\/wp\/v2\/product\/42444","targetHints":{"allow":["GET"]}}],"collection":[{"href":"https:\/\/zooprekes24.lt\/lv\/wp-json\/wp\/v2\/product"}],"about":[{"href":"https:\/\/zooprekes24.lt\/lv\/wp-json\/wp\/v2\/types\/product"}],"replies":[{"embeddable":true,"href":"https:\/\/zooprekes24.lt\/lv\/wp-json\/wp\/v2\/comments?post=42444"}],"wp:featuredmedia":[{"embeddable":true,"href":"https:\/\/zooprekes24.lt\/lv\/wp-json\/wp\/v2\/media\/42446"}],"wp:attachment":[{"href":"https:\/\/zooprekes24.lt\/lv\/wp-json\/wp\/v2\/media?parent=42444"}],"wp:term":[{"taxonomy":"product_brand","embeddable":true,"href":"https:\/\/zooprekes24.lt\/lv\/wp-json\/wp\/v2\/product_brand?post=42444"},{"taxonomy":"product_cat","embeddable":true,"href":"https:\/\/zooprekes24.lt\/lv\/wp-json\/wp\/v2\/product_cat?post=42444"},{"taxonomy":"product_tag","embeddable":true,"href":"https:\/\/zooprekes24.lt\/lv\/wp-json\/wp\/v2\/product_tag?post=42444"}],"curies":[{"name":"wp","href":"https:\/\/api.w.org\/{rel}","templated":true}]}}