{"id":42421,"date":"2025-11-05T17:14:53","date_gmt":"2025-11-05T15:14:53","guid":{"rendered":"https:\/\/zooprekes24.lt\/?post_type=product&#038;p=42421"},"modified":"2026-04-27T14:43:15","modified_gmt":"2026-04-27T12:43:15","slug":"trixie-kauliukas-su-vistiena-sunims-iv-dydziu","status":"publish","type":"product","link":"https:\/\/zooprekes24.lt\/lv\/produktas\/trixie-kauliukas-su-vistiena-sunims-iv-dydziu\/","title":{"rendered":"Trixie kauliukas su vi\u0161tiena \u0161unims, \u012fv. dyd\u017ei\u0173"},"content":{"rendered":"<p>Kauliuk\u0173 svoris:<\/p>\n<ul>\n<li>12 cm &#8211; 11 g (240 g),<\/li>\n<li>17 cm &#8211; 45 g (450 g),<\/li>\n<li>28 cm &#8211; 80 g (800 g).<\/li>\n<\/ul>","protected":false},"excerpt":{"rendered":"<p>Kauliuk\u0173 svoris: 12 cm &#8211; 11 g (240 g), 17 cm &#8211; 45 g (450 g), 28 cm &#8211; 80 g (800 g).<\/p>","protected":false},"featured_media":42426,"comment_status":"closed","ping_status":"closed","template":"","meta":{"_acf_changed":false,"slim_seo":{"title":"Trixie kauliukas su vi\u0161tiena \u0161unims, \u012fv. dyd\u017ei\u0173 - Zooprekes24","description":"Kauliuk\u0173 svoris: 12 cm - 11 g (240 g), 17 cm - 45 g (450 g), 28 cm - 80 g (800 g)."},"iawp_total_views":72},"product_brand":[],"product_cat":[9039,9010,8999,31,30,9219],"product_tag":[],"class_list":{"0":"post-42421","1":"product","2":"type-product","3":"status-publish","4":"has-post-thumbnail","6":"product_cat-kaulai-ir-susukta-oda","7":"product_cat-naturalus-skanestai","8":"product_cat-sunims","9":"product_cat-sunu-prekiu-gamintojai","10":"product_cat-sunu-skanestai","11":"product_cat-trixie-sunims","12":"pa_pasaro-sudetis-jautiena","13":"pa_pasaro-sudetis-vistiena","14":"pa_prekiu-zenklai-trixie","15":"pa_suns-amzius-jauniems","16":"pa_suns-amzius-senjorams","17":"pa_suns-amzius-suaugusiems","18":"pa_suns-amzius-visiems-amziams","20":"first","21":"instock","22":"featured","23":"taxable","24":"shipping-taxable","25":"purchasable","26":"product-type-variable"},"acf":[],"_links":{"self":[{"href":"https:\/\/zooprekes24.lt\/lv\/wp-json\/wp\/v2\/product\/42421","targetHints":{"allow":["GET"]}}],"collection":[{"href":"https:\/\/zooprekes24.lt\/lv\/wp-json\/wp\/v2\/product"}],"about":[{"href":"https:\/\/zooprekes24.lt\/lv\/wp-json\/wp\/v2\/types\/product"}],"replies":[{"embeddable":true,"href":"https:\/\/zooprekes24.lt\/lv\/wp-json\/wp\/v2\/comments?post=42421"}],"wp:featuredmedia":[{"embeddable":true,"href":"https:\/\/zooprekes24.lt\/lv\/wp-json\/wp\/v2\/media\/42426"}],"wp:attachment":[{"href":"https:\/\/zooprekes24.lt\/lv\/wp-json\/wp\/v2\/media?parent=42421"}],"wp:term":[{"taxonomy":"product_brand","embeddable":true,"href":"https:\/\/zooprekes24.lt\/lv\/wp-json\/wp\/v2\/product_brand?post=42421"},{"taxonomy":"product_cat","embeddable":true,"href":"https:\/\/zooprekes24.lt\/lv\/wp-json\/wp\/v2\/product_cat?post=42421"},{"taxonomy":"product_tag","embeddable":true,"href":"https:\/\/zooprekes24.lt\/lv\/wp-json\/wp\/v2\/product_tag?post=42421"}],"curies":[{"name":"wp","href":"https:\/\/api.w.org\/{rel}","templated":true}]}}