{"id":42395,"date":"2025-11-05T16:18:44","date_gmt":"2025-11-05T14:18:44","guid":{"rendered":"https:\/\/zooprekes24.lt\/?post_type=product&#038;p=42395"},"modified":"2026-04-27T14:58:25","modified_gmt":"2026-04-27T12:58:25","slug":"trixie-kaulas-su-dumbliais-skanestas-sunims-iv-dydziu","status":"publish","type":"product","link":"https:\/\/zooprekes24.lt\/lv\/produktas\/trixie-kaulas-su-dumbliais-skanestas-sunims-iv-dydziu\/","title":{"rendered":"Trixie kaulas su dumbliais, skan\u0117stas \u0161unims, \u012fv. dyd\u017ei\u0173"},"content":{"rendered":"<p>Kaul\u0173 dydis:<\/p>\n<ul>\n<li>Ma\u017eesnis: 8.5cm, 28 g (560 g),<\/li>\n<li>Didesnis: 12cm, 58 g (580 g).<\/li>\n<\/ul>","protected":false},"excerpt":{"rendered":"<p>Kaul\u0173 dydis: Ma\u017eesnis: 8.5cm, 28 g (560 g), Didesnis: 12cm, 58 g (580 g).<\/p>","protected":false},"featured_media":42400,"comment_status":"closed","ping_status":"closed","template":"","meta":{"_acf_changed":false,"slim_seo":{"title":"Trixie kaulas su dumbliais, skan\u0117stas \u0161unims, \u012fv. dyd\u017ei\u0173 - Zooprekes24","description":"Kaul\u0173 dydis: Ma\u017eesnis: 8.5cm, 28 g (560 g), Didesnis: 12cm, 58 g (580 g)."},"iawp_total_views":15},"product_brand":[],"product_cat":[9039,8999,31,30,9219],"product_tag":[],"class_list":{"0":"post-42395","1":"product","2":"type-product","3":"status-publish","4":"has-post-thumbnail","6":"product_cat-kaulai-ir-susukta-oda","7":"product_cat-sunims","8":"product_cat-sunu-prekiu-gamintojai","9":"product_cat-sunu-skanestai","10":"product_cat-trixie-sunims","11":"pa_prekiu-zenklai-trixie","12":"pa_suns-amzius-jauniems","13":"pa_suns-amzius-senjorams","14":"pa_suns-amzius-suaugusiems","15":"pa_suns-amzius-visiems-amziams","17":"first","18":"instock","19":"featured","20":"taxable","21":"shipping-taxable","22":"purchasable","23":"product-type-variable"},"acf":[],"_links":{"self":[{"href":"https:\/\/zooprekes24.lt\/lv\/wp-json\/wp\/v2\/product\/42395","targetHints":{"allow":["GET"]}}],"collection":[{"href":"https:\/\/zooprekes24.lt\/lv\/wp-json\/wp\/v2\/product"}],"about":[{"href":"https:\/\/zooprekes24.lt\/lv\/wp-json\/wp\/v2\/types\/product"}],"replies":[{"embeddable":true,"href":"https:\/\/zooprekes24.lt\/lv\/wp-json\/wp\/v2\/comments?post=42395"}],"wp:featuredmedia":[{"embeddable":true,"href":"https:\/\/zooprekes24.lt\/lv\/wp-json\/wp\/v2\/media\/42400"}],"wp:attachment":[{"href":"https:\/\/zooprekes24.lt\/lv\/wp-json\/wp\/v2\/media?parent=42395"}],"wp:term":[{"taxonomy":"product_brand","embeddable":true,"href":"https:\/\/zooprekes24.lt\/lv\/wp-json\/wp\/v2\/product_brand?post=42395"},{"taxonomy":"product_cat","embeddable":true,"href":"https:\/\/zooprekes24.lt\/lv\/wp-json\/wp\/v2\/product_cat?post=42395"},{"taxonomy":"product_tag","embeddable":true,"href":"https:\/\/zooprekes24.lt\/lv\/wp-json\/wp\/v2\/product_tag?post=42395"}],"curies":[{"name":"wp","href":"https:\/\/api.w.org\/{rel}","templated":true}]}}