{"id":42314,"date":"2025-11-03T12:55:11","date_gmt":"2025-11-03T10:55:11","guid":{"rendered":"https:\/\/zooprekes24.lt\/?post_type=product&#038;p=42314"},"modified":"2025-11-11T17:06:54","modified_gmt":"2025-11-11T15:06:54","slug":"trixie-kaulas-su-mazgais-sunims-iv-dydziu","status":"publish","type":"product","link":"https:\/\/zooprekes24.lt\/lv\/produktas\/trixie-kaulas-su-mazgais-sunims-iv-dydziu\/","title":{"rendered":"Trixie kaulas su mazgais \u0161unims, \u012fv. dyd\u017ei\u0173"},"content":{"rendered":"<p>Kaul\u0173 dyd\u017eiai:<\/p>\n<ul>\n<li>Ma\u017eesnis &#8211; 16 cm, 110 g,<\/li>\n<li>Didesnis &#8211; 24 cm, 240 g.<\/li>\n<\/ul>","protected":false},"excerpt":{"rendered":"<p>Kaul\u0173 dyd\u017eiai: Ma\u017eesnis &#8211; 16 cm, 110 g, Didesnis &#8211; 24 cm, 240 g.<\/p>","protected":false},"featured_media":42317,"comment_status":"closed","ping_status":"closed","template":"","meta":{"_acf_changed":false,"slim_seo":{"title":"Trixie kaulas su mazgais \u0161unims, \u012fv. dyd\u017ei\u0173 - Zooprekes24","description":"Kaul\u0173 dyd\u017eiai: Ma\u017eesnis - 16 cm, 110 g, Didesnis - 24 cm, 240 g."},"iawp_total_views":2},"product_brand":[],"product_cat":[9039,8999,31,30,9219],"product_tag":[],"class_list":{"0":"post-42314","1":"product","2":"type-product","3":"status-publish","4":"has-post-thumbnail","6":"product_cat-kaulai-ir-susukta-oda","7":"product_cat-sunims","8":"product_cat-sunu-prekiu-gamintojai","9":"product_cat-sunu-skanestai","10":"product_cat-trixie-sunims","11":"pa_pasaro-sudetis-jautiena","12":"pa_prekiu-zenklai-trixie","13":"pa_suns-amzius-jauniems","14":"pa_suns-amzius-senjorams","15":"pa_suns-amzius-suaugusiems","16":"pa_suns-amzius-visiems-amziams","18":"first","19":"instock","20":"featured","21":"taxable","22":"shipping-taxable","23":"purchasable","24":"product-type-variable"},"acf":[],"_links":{"self":[{"href":"https:\/\/zooprekes24.lt\/lv\/wp-json\/wp\/v2\/product\/42314","targetHints":{"allow":["GET"]}}],"collection":[{"href":"https:\/\/zooprekes24.lt\/lv\/wp-json\/wp\/v2\/product"}],"about":[{"href":"https:\/\/zooprekes24.lt\/lv\/wp-json\/wp\/v2\/types\/product"}],"replies":[{"embeddable":true,"href":"https:\/\/zooprekes24.lt\/lv\/wp-json\/wp\/v2\/comments?post=42314"}],"wp:featuredmedia":[{"embeddable":true,"href":"https:\/\/zooprekes24.lt\/lv\/wp-json\/wp\/v2\/media\/42317"}],"wp:attachment":[{"href":"https:\/\/zooprekes24.lt\/lv\/wp-json\/wp\/v2\/media?parent=42314"}],"wp:term":[{"taxonomy":"product_brand","embeddable":true,"href":"https:\/\/zooprekes24.lt\/lv\/wp-json\/wp\/v2\/product_brand?post=42314"},{"taxonomy":"product_cat","embeddable":true,"href":"https:\/\/zooprekes24.lt\/lv\/wp-json\/wp\/v2\/product_cat?post=42314"},{"taxonomy":"product_tag","embeddable":true,"href":"https:\/\/zooprekes24.lt\/lv\/wp-json\/wp\/v2\/product_tag?post=42314"}],"curies":[{"name":"wp","href":"https:\/\/api.w.org\/{rel}","templated":true}]}}