{"id":42276,"date":"2025-10-31T13:43:24","date_gmt":"2025-10-31T11:43:24","guid":{"rendered":"https:\/\/zooprekes24.lt\/?post_type=product&#038;p=42276"},"modified":"2026-04-27T13:25:36","modified_gmt":"2026-04-27T11:25:36","slug":"trixie-riestainis-sirdele-su-vistiena-skanestas-sunims-10vnt","status":"publish","type":"product","link":"https:\/\/zooprekes24.lt\/lv\/produktas\/trixie-riestainis-sirdele-su-vistiena-skanestas-sunims-10vnt\/","title":{"rendered":"Trixie riestainis \u0161irdel\u0117 su vi\u0161tiena, skan\u0117stas \u0161unims, 10 vnt"},"content":{"rendered":"","protected":false},"excerpt":{"rendered":"","protected":false},"featured_media":42279,"comment_status":"closed","ping_status":"closed","template":"","meta":{"_acf_changed":false,"slim_seo":{"title":"Trixie riestainis \u0161irdel\u0117 su vi\u0161tiena, skan\u0117stas \u0161unims, 10 vnt - Zooprekes24","description":""},"iawp_total_views":3},"product_brand":[],"product_cat":[9039,9010,8999,31,30,9219],"product_tag":[],"class_list":{"0":"post-42276","1":"product","2":"type-product","3":"status-publish","4":"has-post-thumbnail","6":"product_cat-kaulai-ir-susukta-oda","7":"product_cat-naturalus-skanestai","8":"product_cat-sunims","9":"product_cat-sunu-prekiu-gamintojai","10":"product_cat-sunu-skanestai","11":"product_cat-trixie-sunims","12":"pa_pasaro-sudetis-jautiena","13":"pa_pasaro-sudetis-vistiena","14":"pa_prekiu-zenklai-trixie","15":"pa_suns-amzius-jauniems","16":"pa_suns-amzius-senjorams","17":"pa_suns-amzius-suaugusiems","18":"pa_suns-amzius-visiems-amziams","20":"first","21":"instock","22":"featured","23":"taxable","24":"shipping-taxable","25":"purchasable","26":"product-type-simple"},"acf":[],"_links":{"self":[{"href":"https:\/\/zooprekes24.lt\/lv\/wp-json\/wp\/v2\/product\/42276","targetHints":{"allow":["GET"]}}],"collection":[{"href":"https:\/\/zooprekes24.lt\/lv\/wp-json\/wp\/v2\/product"}],"about":[{"href":"https:\/\/zooprekes24.lt\/lv\/wp-json\/wp\/v2\/types\/product"}],"replies":[{"embeddable":true,"href":"https:\/\/zooprekes24.lt\/lv\/wp-json\/wp\/v2\/comments?post=42276"}],"wp:featuredmedia":[{"embeddable":true,"href":"https:\/\/zooprekes24.lt\/lv\/wp-json\/wp\/v2\/media\/42279"}],"wp:attachment":[{"href":"https:\/\/zooprekes24.lt\/lv\/wp-json\/wp\/v2\/media?parent=42276"}],"wp:term":[{"taxonomy":"product_brand","embeddable":true,"href":"https:\/\/zooprekes24.lt\/lv\/wp-json\/wp\/v2\/product_brand?post=42276"},{"taxonomy":"product_cat","embeddable":true,"href":"https:\/\/zooprekes24.lt\/lv\/wp-json\/wp\/v2\/product_cat?post=42276"},{"taxonomy":"product_tag","embeddable":true,"href":"https:\/\/zooprekes24.lt\/lv\/wp-json\/wp\/v2\/product_tag?post=42276"}],"curies":[{"name":"wp","href":"https:\/\/api.w.org\/{rel}","templated":true}]}}