{"id":42269,"date":"2025-10-31T13:26:27","date_gmt":"2025-10-31T11:26:27","guid":{"rendered":"https:\/\/zooprekes24.lt\/?post_type=product&#038;p=42269"},"modified":"2026-04-27T15:43:22","modified_gmt":"2026-04-27T13:43:22","slug":"trixie-riestainis-su-antiena-skanestas-sunims-iv-dydziu","status":"publish","type":"product","link":"https:\/\/zooprekes24.lt\/lv\/produktas\/trixie-riestainis-su-antiena-skanestas-sunims-iv-dydziu\/","title":{"rendered":"Trixie riestainis su antiena, skan\u0117stas \u0161unims, \u012fv. dyd\u017ei\u0173"},"content":{"rendered":"<p>Skan\u0117st\u0173 dyd\u017eiai:<\/p>\n<ul>\n<li>Ma\u017eesnis &#8211; <span><span>\u2300 <\/span><\/span>9 cm, 40 g (400 g),<\/li>\n<li>Didesnis &#8211;\u00a0<span><span><span>\u2300 10 cm, <\/span><\/span><\/span>75 g (750 g).<\/li>\n<\/ul>","protected":false},"excerpt":{"rendered":"<p>Skan\u0117st\u0173 dyd\u017eiai: Ma\u017eesnis &#8211; \u2300 9 cm, 40 g (400 g), Didesnis &#8211;\u00a0\u2300 10 cm, 75 g (750 g).<\/p>","protected":false},"featured_media":42273,"comment_status":"closed","ping_status":"closed","template":"","meta":{"_acf_changed":false,"slim_seo":{"title":"Trixie riestainis su antiena, skan\u0117stas \u0161unims, \u012fv. dyd\u017ei\u0173 - Zooprekes24","description":"Skan\u0117st\u0173 dyd\u017eiai: Ma\u017eesnis - \u2300 9 cm, 40 g (400 g), Didesnis -\u00a0 \u2300 10 cm, 75 g (750 g)."},"iawp_total_views":24},"product_brand":[],"product_cat":[9039,9010,8999,31,30,9219],"product_tag":[],"class_list":{"0":"post-42269","1":"product","2":"type-product","3":"status-publish","4":"has-post-thumbnail","6":"product_cat-kaulai-ir-susukta-oda","7":"product_cat-naturalus-skanestai","8":"product_cat-sunims","9":"product_cat-sunu-prekiu-gamintojai","10":"product_cat-sunu-skanestai","11":"product_cat-trixie-sunims","12":"pa_pasaro-sudetis-antiena","13":"pa_pasaro-sudetis-jautiena","14":"pa_prekiu-zenklai-trixie","15":"pa_suns-amzius-jauniems","16":"pa_suns-amzius-senjorams","17":"pa_suns-amzius-suaugusiems","18":"pa_suns-amzius-visiems-amziams","20":"first","21":"instock","22":"featured","23":"taxable","24":"shipping-taxable","25":"purchasable","26":"product-type-variable"},"acf":[],"_links":{"self":[{"href":"https:\/\/zooprekes24.lt\/lv\/wp-json\/wp\/v2\/product\/42269","targetHints":{"allow":["GET"]}}],"collection":[{"href":"https:\/\/zooprekes24.lt\/lv\/wp-json\/wp\/v2\/product"}],"about":[{"href":"https:\/\/zooprekes24.lt\/lv\/wp-json\/wp\/v2\/types\/product"}],"replies":[{"embeddable":true,"href":"https:\/\/zooprekes24.lt\/lv\/wp-json\/wp\/v2\/comments?post=42269"}],"wp:featuredmedia":[{"embeddable":true,"href":"https:\/\/zooprekes24.lt\/lv\/wp-json\/wp\/v2\/media\/42273"}],"wp:attachment":[{"href":"https:\/\/zooprekes24.lt\/lv\/wp-json\/wp\/v2\/media?parent=42269"}],"wp:term":[{"taxonomy":"product_brand","embeddable":true,"href":"https:\/\/zooprekes24.lt\/lv\/wp-json\/wp\/v2\/product_brand?post=42269"},{"taxonomy":"product_cat","embeddable":true,"href":"https:\/\/zooprekes24.lt\/lv\/wp-json\/wp\/v2\/product_cat?post=42269"},{"taxonomy":"product_tag","embeddable":true,"href":"https:\/\/zooprekes24.lt\/lv\/wp-json\/wp\/v2\/product_tag?post=42269"}],"curies":[{"name":"wp","href":"https:\/\/api.w.org\/{rel}","templated":true}]}}