{"id":42249,"date":"2025-10-31T11:53:03","date_gmt":"2025-10-31T09:53:03","guid":{"rendered":"https:\/\/zooprekes24.lt\/?post_type=product&#038;p=42249"},"modified":"2026-04-27T15:51:21","modified_gmt":"2026-04-27T13:51:21","slug":"trixie-picknicks-erienos-desreliu-grandinele-skanestas-sunims-8cm-200vnt-deze","status":"publish","type":"product","link":"https:\/\/zooprekes24.lt\/lv\/produktas\/trixie-picknicks-erienos-desreliu-grandinele-skanestas-sunims-8cm-200vnt-deze\/","title":{"rendered":"Trixie Picknicks \u0117rienos de\u0161reli\u0173 grandin\u0117l\u0117, skan\u0117stas \u0161unims, 8 cm, 200 vnt d\u0117\u017e\u0117"},"content":{"rendered":"","protected":false},"excerpt":{"rendered":"","protected":false},"featured_media":42250,"comment_status":"closed","ping_status":"closed","template":"","meta":{"_acf_changed":false,"slim_seo":{"title":"Trixie Picknicks \u0117rienos de\u0161reli\u0173 grandin\u0117l\u0117, skan\u0117stas \u0161unims, 8 cm, 200 vnt d\u0117\u017e\u0117 - Zooprekes24","description":""},"iawp_total_views":3},"product_brand":[],"product_cat":[9030,8999,31,30,9219],"product_tag":[],"class_list":{"0":"post-42249","1":"product","2":"type-product","3":"status-publish","4":"has-post-thumbnail","6":"product_cat-minksti-kramtalai","7":"product_cat-sunims","8":"product_cat-sunu-prekiu-gamintojai","9":"product_cat-sunu-skanestai","10":"product_cat-trixie-sunims","11":"pa_pasaro-sudetis-eriena","12":"pa_prekiu-zenklai-trixie","13":"pa_suns-amzius-suaugusiems","15":"first","16":"instock","17":"featured","18":"taxable","19":"shipping-taxable","20":"purchasable","21":"product-type-simple"},"acf":[],"_links":{"self":[{"href":"https:\/\/zooprekes24.lt\/lv\/wp-json\/wp\/v2\/product\/42249","targetHints":{"allow":["GET"]}}],"collection":[{"href":"https:\/\/zooprekes24.lt\/lv\/wp-json\/wp\/v2\/product"}],"about":[{"href":"https:\/\/zooprekes24.lt\/lv\/wp-json\/wp\/v2\/types\/product"}],"replies":[{"embeddable":true,"href":"https:\/\/zooprekes24.lt\/lv\/wp-json\/wp\/v2\/comments?post=42249"}],"wp:featuredmedia":[{"embeddable":true,"href":"https:\/\/zooprekes24.lt\/lv\/wp-json\/wp\/v2\/media\/42250"}],"wp:attachment":[{"href":"https:\/\/zooprekes24.lt\/lv\/wp-json\/wp\/v2\/media?parent=42249"}],"wp:term":[{"taxonomy":"product_brand","embeddable":true,"href":"https:\/\/zooprekes24.lt\/lv\/wp-json\/wp\/v2\/product_brand?post=42249"},{"taxonomy":"product_cat","embeddable":true,"href":"https:\/\/zooprekes24.lt\/lv\/wp-json\/wp\/v2\/product_cat?post=42249"},{"taxonomy":"product_tag","embeddable":true,"href":"https:\/\/zooprekes24.lt\/lv\/wp-json\/wp\/v2\/product_tag?post=42249"}],"curies":[{"name":"wp","href":"https:\/\/api.w.org\/{rel}","templated":true}]}}