{"id":42205,"date":"2025-10-29T16:01:02","date_gmt":"2025-10-29T14:01:02","guid":{"rendered":"https:\/\/zooprekes24.lt\/?post_type=product&#038;p=42205"},"modified":"2026-04-20T09:48:57","modified_gmt":"2026-04-20T07:48:57","slug":"quattro-senior-diet-white-fish-collagen-sausas-maistas-katems-papildytas-kolagenu","status":"publish","type":"product","link":"https:\/\/zooprekes24.lt\/lv\/produktas\/quattro-senior-diet-white-fish-collagen-sausas-maistas-katems-papildytas-kolagenu\/","title":{"rendered":"Quattro Senior &#038; Diet White Fish Collagen sausas maistas kat\u0117ms, papildytas kolagenu"},"content":{"rendered":"<h3>Quattro Senior &amp; Diet White Fish Collagen &#8211; <span>Super premium klas\u0117s visavertis maistas vyresn\u0117ms ir antsvorio turin\u010dioms kat\u0117ms su la\u0161i\u0161a, kriliu ir kolagenu. <\/span><span>Nuo 10 met\u0173 am\u017eiaus.<\/span><\/h3>\n<ul>\n<li><span>\u00a0J\u016brinis III tipo kolagenas palaiko sveik\u0105 od\u0105 ir kail\u012f, stiprina s\u0105narius ir kaul\u0173 strukt\u016br\u0105.<\/span><\/li>\n<li><span>Quattro produktai pagaminti naudojant inovatyvi\u0105 \u201efreeze-dried meat coated\u201c technologij\u0105. \u0160io i\u0161skirtinio sprendimo d\u0117ka kiekviena pa\u0161aro granul\u0117 padengiama nat\u016bralia liofilizuota m\u0117sa, kuri ne tik praturtina Quattro pa\u0161arus nat\u016braliai i\u0161saugotomis maistin\u0117mis med\u017eiagomis, bet ir u\u017etikrina puik\u0173 produkto \u0117damum\u0105.<\/span><\/li>\n<li><span>Ma\u017eai kaloringa, auk\u0161tos kokyb\u0117s balta \u017euvis suteikia katei lengvai vir\u0161kinam\u0173 baltym\u0173, prebiotik\u0173 ir augalini\u0173 skaidul\u0173, kurios palaiko vir\u0161kinam\u0105j\u012f trakt\u0105 ir padeda u\u017etikrinti tinkam\u0105 i\u0161mat\u0173 kokyb\u0119.<\/span><\/li>\n<li><span>D\u017eiovinti \u017eoleli\u0173 ir vaisi\u0173 ekstraktai (rozmarino, ciber\u017eol\u0117s, gvazdik\u0117li\u0173, greipfrut\u0173 ir medetk\u0173 \u017eied\u0173) nat\u016braliu b\u016bdu saugo nuo laisv\u0173j\u0173 radikal\u0173 poveikio ir padeda palaikyti stipri\u0105 imunin\u0119 sistem\u0105.<\/span><\/li>\n<li><span>Produkto gamyboje naudojamos visos gyv\u016bno dalys: raumen\u0173 m\u0117sa \u2013 baltym\u0173 \u0161altinis, kaulai \u2013 kalcio ir fosforo \u0161altinis, kremzliniai audiniai \u2013 s\u0105nari\u0173 palaikymui, organai \u2013 nat\u016bralus vitamin\u0173 ir mineral\u0173 \u0161altinis.<\/span><\/li>\n<li><span>Quattro vis\u0173 veisli\u0173 asortimentas pagamintas be gr\u016bd\u0173, toki\u0173 kaip kvie\u010diai, soja, mie\u017eiai ir kit\u0173 alergines reakcijas sukelian\u010di\u0173 med\u017eiag\u0173 (glitimo, GMO).<\/span><\/li>\n<\/ul>","protected":false},"excerpt":{"rendered":"<p>Quattro Senior &amp; Diet White Fish Collagen &#8211; Super premium klas\u0117s visavertis maistas vyresn\u0117ms ir antsvorio turin\u010dioms kat\u0117ms su la\u0161i\u0161a, kriliu ir kolagenu. Nuo 10 met\u0173 am\u017eiaus. \u00a0J\u016brinis III tipo kolagenas palaiko sveik\u0105 od\u0105 ir kail\u012f, stiprina s\u0105narius ir kaul\u0173 strukt\u016br\u0105. Quattro produktai pagaminti naudojant inovatyvi\u0105 \u201efreeze-dried meat coated\u201c technologij\u0105. \u0160io i\u0161skirtinio sprendimo d\u0117ka kiekviena&#8230;<\/p>","protected":false},"featured_media":42209,"comment_status":"closed","ping_status":"closed","template":"","meta":{"_acf_changed":false,"slim_seo":{"title":"Quattro Senior & Diet White Fish Collagen sausas maistas kat\u0117ms, papildytas kolagenu - Zooprekes24","description":"Quattro Senior &amp; Diet White Fish Collagen - Super premium klas\u0117s visavertis maistas vyresn\u0117ms ir antsvorio turin\u010dioms kat\u0117ms su la\u0161i\u0161a, kriliu ir kolagenu."},"iawp_total_views":66},"product_brand":[],"product_cat":[9027,72,83,25,9052,9016],"product_tag":[1675,1682,1696],"class_list":{"0":"post-42205","1":"product","2":"type-product","3":"status-publish","4":"has-post-thumbnail","6":"product_cat-begrudis-maistas-kaciu-maistas","7":"product_cat-kaciu-maistas","8":"product_cat-kaciu-prekiu-gamintojai","9":"product_cat-katems","10":"product_cat-quattro-katems","11":"product_cat-sausas-maistas-kaciu-maistas","12":"product_tag-kaciu-edalas","13":"product_tag-kaciu-maistas-super-premium-klases","14":"product_tag-super-premium-maistas-katems","15":"pa_pasaro-sudetis-zuvis","16":"pa_prekiu-zenklai-quattro","18":"first","19":"instock","20":"sale","21":"featured","22":"taxable","23":"shipping-taxable","24":"purchasable","25":"product-type-variable"},"acf":[],"_links":{"self":[{"href":"https:\/\/zooprekes24.lt\/lv\/wp-json\/wp\/v2\/product\/42205","targetHints":{"allow":["GET"]}}],"collection":[{"href":"https:\/\/zooprekes24.lt\/lv\/wp-json\/wp\/v2\/product"}],"about":[{"href":"https:\/\/zooprekes24.lt\/lv\/wp-json\/wp\/v2\/types\/product"}],"replies":[{"embeddable":true,"href":"https:\/\/zooprekes24.lt\/lv\/wp-json\/wp\/v2\/comments?post=42205"}],"wp:featuredmedia":[{"embeddable":true,"href":"https:\/\/zooprekes24.lt\/lv\/wp-json\/wp\/v2\/media\/42209"}],"wp:attachment":[{"href":"https:\/\/zooprekes24.lt\/lv\/wp-json\/wp\/v2\/media?parent=42205"}],"wp:term":[{"taxonomy":"product_brand","embeddable":true,"href":"https:\/\/zooprekes24.lt\/lv\/wp-json\/wp\/v2\/product_brand?post=42205"},{"taxonomy":"product_cat","embeddable":true,"href":"https:\/\/zooprekes24.lt\/lv\/wp-json\/wp\/v2\/product_cat?post=42205"},{"taxonomy":"product_tag","embeddable":true,"href":"https:\/\/zooprekes24.lt\/lv\/wp-json\/wp\/v2\/product_tag?post=42205"}],"curies":[{"name":"wp","href":"https:\/\/api.w.org\/{rel}","templated":true}]}}