{"id":42201,"date":"2025-10-29T15:40:37","date_gmt":"2025-10-29T13:40:37","guid":{"rendered":"https:\/\/zooprekes24.lt\/?post_type=product&#038;p=42201"},"modified":"2026-04-20T09:46:26","modified_gmt":"2026-04-20T07:46:26","slug":"quattro-digestive-salmon-collagen-sausas-maistas-katems-papildytas-kolagenu","status":"publish","type":"product","link":"https:\/\/zooprekes24.lt\/lv\/produktas\/quattro-digestive-salmon-collagen-sausas-maistas-katems-papildytas-kolagenu\/","title":{"rendered":"Quattro Digestive Salmon Collagen sausas maistas kat\u0117ms, papildytas kolagenu"},"content":{"rendered":"<h3>Quattro Digestive Salmon Collagen &#8211; <span>Super premium klas\u0117s visavertis suaugusi\u0173 ka\u010di\u0173 maistas su la\u0161i\u0161a, kriliu ir kolagenu, skirtas jautriam vir\u0161kinimui. Nuo 1 met\u0173 am\u017eiaus.<\/span><\/h3>\n<ul>\n<li><span>\u00a0J\u016brinis III tipo kolagenas palaiko sveik\u0105 od\u0105 ir kail\u012f, stiprina s\u0105narius ir kaul\u0173 strukt\u016br\u0105.<\/span><\/li>\n<li><span>Quattro produktai pagaminti naudojant inovatyvi\u0105 \u201efreeze-dried meat coated\u201c technologij\u0105. \u0160io i\u0161skirtinio sprendimo d\u0117ka kiekviena pa\u0161aro granul\u0117 padengiama nat\u016bralia liofilizuota m\u0117sa, kuri ne tik praturtina Quattro pa\u0161arus nat\u016braliai i\u0161saugotomis maistin\u0117mis med\u017eiagomis, bet ir u\u017etikrina puik\u0173 produkto \u0117damum\u0105.<\/span><\/li>\n<li><span>Enzimatiniu b\u016bdu hidrolizuoti la\u0161i\u0161os baltymai yra lengvai vir\u0161kinamas ir lengvai \u012fsisavinamas maistinis \u0161altinis, turintis didel\u0119 biologin\u0119 vert\u0119.<\/span><\/li>\n<li><span>Mannan-oligosacharidais, inulinu, jukos ekstraktu ir sinerginiu postbiotini\u0173 med\u017eiag\u0173 mi\u0161iniu praturtinta formul\u0117 padeda i\u0161laikyti sveik\u0105 \u017earnyno mikroflor\u0105 bei stiprina ir subalansuoja nat\u016brali\u0105 augintinio\u00a0organizmo apsaug\u0105.<\/span><\/li>\n<li><span>Produkto gamyboje naudojamos visos gyv\u016bno dalys: raumen\u0173 m\u0117sa \u2013 baltym\u0173 \u0161altinis, kaulai \u2013 kalcio ir fosforo \u0161altinis, kremzliniai audiniai \u2013 s\u0105nari\u0173 palaikymui, organai \u2013 nat\u016bralus vitamin\u0173 ir mineral\u0173 \u0161altinis.<\/span><\/li>\n<li><span>Quattro vis\u0173 veisli\u0173 asortimentas pagamintas be gr\u016bd\u0173, toki\u0173 kaip kvie\u010diai, soja, mie\u017eiai ir kit\u0173 alergines reakcijas sukelian\u010di\u0173 med\u017eiag\u0173 (glitimo, GMO).<\/span><\/li>\n<\/ul>","protected":false},"excerpt":{"rendered":"<p>Quattro Digestive Salmon Collagen &#8211; Super premium klas\u0117s visavertis suaugusi\u0173 ka\u010di\u0173 maistas su la\u0161i\u0161a, kriliu ir kolagenu, skirtas jautriam vir\u0161kinimui. Nuo 1 met\u0173 am\u017eiaus. \u00a0J\u016brinis III tipo kolagenas palaiko sveik\u0105 od\u0105 ir kail\u012f, stiprina s\u0105narius ir kaul\u0173 strukt\u016br\u0105. Quattro produktai pagaminti naudojant inovatyvi\u0105 \u201efreeze-dried meat coated\u201c technologij\u0105. \u0160io i\u0161skirtinio sprendimo d\u0117ka kiekviena pa\u0161aro granul\u0117 padengiama&#8230;<\/p>","protected":false},"featured_media":42204,"comment_status":"closed","ping_status":"closed","template":"","meta":{"_acf_changed":false,"slim_seo":{"title":"Quattro Digestive Salmon Collagen sausas maistas kat\u0117ms, papildytas kolagenu - Zooprekes24","description":"Quattro Digestive Salmon Collagen - Super premium klas\u0117s visavertis suaugusi\u0173 ka\u010di\u0173 maistas su la\u0161i\u0161a, kriliu ir kolagenu, skirtas jautriam vir\u0161kinimui. Nuo 1 m"},"iawp_total_views":174},"product_brand":[],"product_cat":[9027,72,83,25,9052,9016],"product_tag":[1675,1682,1696],"class_list":{"0":"post-42201","1":"product","2":"type-product","3":"status-publish","4":"has-post-thumbnail","6":"product_cat-begrudis-maistas-kaciu-maistas","7":"product_cat-kaciu-maistas","8":"product_cat-kaciu-prekiu-gamintojai","9":"product_cat-katems","10":"product_cat-quattro-katems","11":"product_cat-sausas-maistas-kaciu-maistas","12":"product_tag-kaciu-edalas","13":"product_tag-kaciu-maistas-super-premium-klases","14":"product_tag-super-premium-maistas-katems","15":"pa_pasaro-sudetis-lasisa","16":"pa_pasaro-sudetis-zuvis","17":"pa_prekiu-zenklai-quattro","19":"first","20":"instock","21":"sale","22":"featured","23":"taxable","24":"shipping-taxable","25":"purchasable","26":"product-type-variable"},"acf":[],"_links":{"self":[{"href":"https:\/\/zooprekes24.lt\/lv\/wp-json\/wp\/v2\/product\/42201","targetHints":{"allow":["GET"]}}],"collection":[{"href":"https:\/\/zooprekes24.lt\/lv\/wp-json\/wp\/v2\/product"}],"about":[{"href":"https:\/\/zooprekes24.lt\/lv\/wp-json\/wp\/v2\/types\/product"}],"replies":[{"embeddable":true,"href":"https:\/\/zooprekes24.lt\/lv\/wp-json\/wp\/v2\/comments?post=42201"}],"wp:featuredmedia":[{"embeddable":true,"href":"https:\/\/zooprekes24.lt\/lv\/wp-json\/wp\/v2\/media\/42204"}],"wp:attachment":[{"href":"https:\/\/zooprekes24.lt\/lv\/wp-json\/wp\/v2\/media?parent=42201"}],"wp:term":[{"taxonomy":"product_brand","embeddable":true,"href":"https:\/\/zooprekes24.lt\/lv\/wp-json\/wp\/v2\/product_brand?post=42201"},{"taxonomy":"product_cat","embeddable":true,"href":"https:\/\/zooprekes24.lt\/lv\/wp-json\/wp\/v2\/product_cat?post=42201"},{"taxonomy":"product_tag","embeddable":true,"href":"https:\/\/zooprekes24.lt\/lv\/wp-json\/wp\/v2\/product_tag?post=42201"}],"curies":[{"name":"wp","href":"https:\/\/api.w.org\/{rel}","templated":true}]}}