{"id":42195,"date":"2025-10-29T15:23:43","date_gmt":"2025-10-29T13:23:43","guid":{"rendered":"https:\/\/zooprekes24.lt\/?post_type=product&#038;p=42195"},"modified":"2026-04-20T09:47:13","modified_gmt":"2026-04-20T07:47:13","slug":"quattro-indoor-duck-collagen-sausas-maistas-katems-papildytas-kolagenu","status":"publish","type":"product","link":"https:\/\/zooprekes24.lt\/lv\/produktas\/quattro-indoor-duck-collagen-sausas-maistas-katems-papildytas-kolagenu\/","title":{"rendered":"Quattro Indoor Duck Collagen sausas maistas kat\u0117ms, papildytas kolagenu"},"content":{"rendered":"<h3>Quattro Indoor Duck Collagen &#8211; <span>Super premium klas\u0117s visavertis suaugusi\u0173, namie gyvenan\u010di\u0173 ka\u010di\u0173 maistas su antiena ir kolagenu. Nuo 1 met\u0173 am\u017eiaus.<\/span><\/h3>\n<ul>\n<li><span>\u00a0J\u016brinis III tipo kolagenas palaiko sveik\u0105 od\u0105 ir kail\u012f, stiprina s\u0105narius ir kaul\u0173 strukt\u016br\u0105.<\/span><\/li>\n<li><span>Quattro produktai pagaminti naudojant inovatyvi\u0105 \u201efreeze-dried meat coated\u201c technologij\u0105. \u0160io i\u0161skirtinio sprendimo d\u0117ka kiekviena pa\u0161aro granul\u0117 padengiama nat\u016bralia liofilizuota m\u0117sa, kuri ne tik praturtina Quattro pa\u0161arus nat\u016braliai i\u0161saugotomis maistin\u0117mis med\u017eiagomis, bet ir u\u017etikrina puik\u0173 produkto \u0117damum\u0105.<\/span><\/li>\n<li><span>Auk\u0161tos kokyb\u0117s antiena suteikia katei lengvai vir\u0161kinam\u0173 baltym\u0173, prebiotik\u0173 ir augalin\u0117s kilm\u0117s skaidul\u0173, kurios palaiko vir\u0161kinimo trakto veikl\u0105 ir padeda u\u017etikrinti tinkam\u0105 tu\u0161tinimasi.<\/span><\/li>\n<li><span>Visi\u0161kai nat\u016bralus celiulioz\u0117s pluo\u0161to papildas neleid\u017eia susidaryti plauk\u0173 kamuoliams ir skatina plauk\u0173 i\u0161siskyrim\u0105 su i\u0161matomis.<\/span><\/li>\n<li><span>Produkto gamyboje naudojamos visos gyv\u016bno dalys: raumen\u0173 m\u0117sa \u2013 baltym\u0173 \u0161altinis, kaulai \u2013 kalcio ir fosforo \u0161altinis, kremzliniai audiniai \u2013 s\u0105nari\u0173 palaikymui, organai \u2013 nat\u016bralus vitamin\u0173 ir mineral\u0173 \u0161altinis.<\/span><\/li>\n<li><span>Quattro vis\u0173 veisli\u0173 asortimentas pagamintas be gr\u016bd\u0173, toki\u0173 kaip kvie\u010diai, soja, mie\u017eiai ir kit\u0173 alergines reakcijas sukelian\u010di\u0173 med\u017eiag\u0173 (glitimo, GMO).<\/span><\/li>\n<\/ul>","protected":false},"excerpt":{"rendered":"<p>Quattro Indoor Duck Collagen &#8211; Super premium klas\u0117s visavertis suaugusi\u0173, namie gyvenan\u010di\u0173 ka\u010di\u0173 maistas su antiena ir kolagenu. Nuo 1 met\u0173 am\u017eiaus. \u00a0J\u016brinis III tipo kolagenas palaiko sveik\u0105 od\u0105 ir kail\u012f, stiprina s\u0105narius ir kaul\u0173 strukt\u016br\u0105. Quattro produktai pagaminti naudojant inovatyvi\u0105 \u201efreeze-dried meat coated\u201c technologij\u0105. \u0160io i\u0161skirtinio sprendimo d\u0117ka kiekviena pa\u0161aro granul\u0117 padengiama nat\u016bralia liofilizuota&#8230;<\/p>","protected":false},"featured_media":42200,"comment_status":"closed","ping_status":"closed","template":"","meta":{"_acf_changed":false,"slim_seo":{"title":"Quattro Indoor Duck Collagen sausas maistas kat\u0117ms, papildytas kolagenu - Zooprekes24","description":"Quattro Indoor Duck Collagen - Super premium klas\u0117s visavertis suaugusi\u0173, namie gyvenan\u010di\u0173 ka\u010di\u0173 maistas su antiena ir kolagenu. Nuo 1 met\u0173 am\u017eiaus. \u00a0J\u016brinis II"},"iawp_total_views":66},"product_brand":[],"product_cat":[9027,72,83,25,9052,9016],"product_tag":[1675,1682,1696],"class_list":{"0":"post-42195","1":"product","2":"type-product","3":"status-publish","4":"has-post-thumbnail","6":"product_cat-begrudis-maistas-kaciu-maistas","7":"product_cat-kaciu-maistas","8":"product_cat-kaciu-prekiu-gamintojai","9":"product_cat-katems","10":"product_cat-quattro-katems","11":"product_cat-sausas-maistas-kaciu-maistas","12":"product_tag-kaciu-edalas","13":"product_tag-kaciu-maistas-super-premium-klases","14":"product_tag-super-premium-maistas-katems","15":"pa_pasaro-sudetis-antiena","16":"pa_prekiu-zenklai-quattro","18":"first","19":"instock","20":"sale","21":"featured","22":"taxable","23":"shipping-taxable","24":"purchasable","25":"product-type-variable"},"acf":[],"_links":{"self":[{"href":"https:\/\/zooprekes24.lt\/lv\/wp-json\/wp\/v2\/product\/42195","targetHints":{"allow":["GET"]}}],"collection":[{"href":"https:\/\/zooprekes24.lt\/lv\/wp-json\/wp\/v2\/product"}],"about":[{"href":"https:\/\/zooprekes24.lt\/lv\/wp-json\/wp\/v2\/types\/product"}],"replies":[{"embeddable":true,"href":"https:\/\/zooprekes24.lt\/lv\/wp-json\/wp\/v2\/comments?post=42195"}],"wp:featuredmedia":[{"embeddable":true,"href":"https:\/\/zooprekes24.lt\/lv\/wp-json\/wp\/v2\/media\/42200"}],"wp:attachment":[{"href":"https:\/\/zooprekes24.lt\/lv\/wp-json\/wp\/v2\/media?parent=42195"}],"wp:term":[{"taxonomy":"product_brand","embeddable":true,"href":"https:\/\/zooprekes24.lt\/lv\/wp-json\/wp\/v2\/product_brand?post=42195"},{"taxonomy":"product_cat","embeddable":true,"href":"https:\/\/zooprekes24.lt\/lv\/wp-json\/wp\/v2\/product_cat?post=42195"},{"taxonomy":"product_tag","embeddable":true,"href":"https:\/\/zooprekes24.lt\/lv\/wp-json\/wp\/v2\/product_tag?post=42195"}],"curies":[{"name":"wp","href":"https:\/\/api.w.org\/{rel}","templated":true}]}}