{"id":42191,"date":"2025-10-29T15:11:43","date_gmt":"2025-10-29T13:11:43","guid":{"rendered":"https:\/\/zooprekes24.lt\/?post_type=product&#038;p=42191"},"modified":"2026-04-20T09:48:07","modified_gmt":"2026-04-20T07:48:07","slug":"quattro-kitten-chicken-collagen-sausas-maistas-kaciukams-papildytas-kolagenu","status":"publish","type":"product","link":"https:\/\/zooprekes24.lt\/lv\/produktas\/quattro-kitten-chicken-collagen-sausas-maistas-kaciukams-papildytas-kolagenu\/","title":{"rendered":"Quattro Kitten Chicken Collagen sausas maistas ka\u010diukams, papildytas kolagenu"},"content":{"rendered":"<h3>Quattro Kitten Chicken Collagen &#8211; <span>Super premium klas\u0117s visavertis sausas \u0117dalas ka\u010diukams <\/span><span>su vi\u0161tiena ir kolagenu. Iki 1 met\u0173 am\u017eiaus.<\/span><\/h3>\n<ul>\n<li><span>\u00a0J\u016brinis III tipo kolagenas palaiko sveik\u0105 od\u0105 ir kail\u012f, stiprina s\u0105narius ir kaul\u0173 strukt\u016br\u0105.<\/span><\/li>\n<li><span>Quattro produktai pagaminti naudojant inovatyvi\u0105 \u201efreeze-dried meat coated\u201c technologij\u0105. \u0160io i\u0161skirtinio sprendimo d\u0117ka kiekviena pa\u0161aro granul\u0117 padengiama nat\u016bralia liofilizuota m\u0117sa, kuri ne tik praturtina Quattro pa\u0161arus nat\u016braliai i\u0161saugotomis maistin\u0117mis med\u017eiagomis, bet ir u\u017etikrina puik\u0173 produkto \u0117damum\u0105.<\/span><\/li>\n<li><span>Auk\u0161tos kokyb\u0117s vi\u0161tiena suteikia ka\u010diukui lengvai vir\u0161kinam\u0173 baltym\u0173, prebiotik\u0173, postbiotik\u0173 ir augalini\u0173 skaidul\u0173, kurios palaiko vir\u0161kinam\u0105j\u012f trakt\u0105 ir padeda u\u017etikrinti tinkama tu\u0161tinimasi.<\/span><\/li>\n<li><span>Sud\u0117tyje yra 91 % gyv\u016bnin\u0117s kilm\u0117s baltym\u0173 ir 19% riebal\u0173, kurie atitinka didelius ka\u010diuk\u0173 energijos poreikius kalorij\u0173 at\u017evilgiu, kad jie gal\u0117t\u0173 greitai augti ir aktyviai \u017eaisti.<\/span><\/li>\n<li><span>Nat\u016bralios dokozaheksaeno (DHA) ir eikozapantaeno (EPA) omega-3 riebal\u0173 r\u016bg\u0161tys ir la\u0161i\u0161\u0173 aliejus padeda mokytis ir turi \u012ftakos bendrai augimo gerovei.<\/span><\/li>\n<li><span>Produkto gamyboje naudojamos visos gyv\u016bno dalys: raumen\u0173 m\u0117sa \u2013 baltym\u0173 \u0161altinis, kaulai \u2013 kalcio ir fosforo \u0161altinis, kremzliniai audiniai \u2013 s\u0105nari\u0173 palaikymui, organai \u2013 nat\u016bralus vitamin\u0173 ir mineral\u0173 \u0161altinis.<\/span><\/li>\n<li><span>Quattro vis\u0173 veisli\u0173 asortimentas pagamintas be gr\u016bd\u0173, toki\u0173 kaip kvie\u010diai, soja, mie\u017eiai ir kit\u0173 alergines reakcijas sukelian\u010di\u0173 med\u017eiag\u0173 (glitimo, GMO).<\/span><\/li>\n<\/ul>","protected":false},"excerpt":{"rendered":"<p>Quattro Kitten Chicken Collagen &#8211; Super premium klas\u0117s visavertis sausas \u0117dalas ka\u010diukams su vi\u0161tiena ir kolagenu. Iki 1 met\u0173 am\u017eiaus. \u00a0J\u016brinis III tipo kolagenas palaiko sveik\u0105 od\u0105 ir kail\u012f, stiprina s\u0105narius ir kaul\u0173 strukt\u016br\u0105. Quattro produktai pagaminti naudojant inovatyvi\u0105 \u201efreeze-dried meat coated\u201c technologij\u0105. \u0160io i\u0161skirtinio sprendimo d\u0117ka kiekviena pa\u0161aro granul\u0117 padengiama nat\u016bralia liofilizuota m\u0117sa, kuri&#8230;<\/p>","protected":false},"featured_media":42194,"comment_status":"closed","ping_status":"closed","template":"","meta":{"_acf_changed":false,"slim_seo":{"title":"Quattro Kitten Chicken Collagen sausas maistas ka\u010diukams, papildytas kolagenu - Zooprekes24","description":"Quattro Kitten Chicken Collagen - Super premium klas\u0117s visavertis sausas \u0117dalas ka\u010diukams su vi\u0161tiena ir kolagenu. Iki 1 met\u0173 am\u017eiaus. \u00a0J\u016brinis III tipo kolagen"},"iawp_total_views":50},"product_brand":[],"product_cat":[9027,72,83,25,9052,9016],"product_tag":[1675,1682,1696],"class_list":{"0":"post-42191","1":"product","2":"type-product","3":"status-publish","4":"has-post-thumbnail","6":"product_cat-begrudis-maistas-kaciu-maistas","7":"product_cat-kaciu-maistas","8":"product_cat-kaciu-prekiu-gamintojai","9":"product_cat-katems","10":"product_cat-quattro-katems","11":"product_cat-sausas-maistas-kaciu-maistas","12":"product_tag-kaciu-edalas","13":"product_tag-kaciu-maistas-super-premium-klases","14":"product_tag-super-premium-maistas-katems","15":"pa_pasaro-sudetis-vistiena","16":"pa_prekiu-zenklai-quattro","18":"first","19":"instock","20":"sale","21":"featured","22":"taxable","23":"shipping-taxable","24":"purchasable","25":"product-type-variable"},"acf":[],"_links":{"self":[{"href":"https:\/\/zooprekes24.lt\/lv\/wp-json\/wp\/v2\/product\/42191","targetHints":{"allow":["GET"]}}],"collection":[{"href":"https:\/\/zooprekes24.lt\/lv\/wp-json\/wp\/v2\/product"}],"about":[{"href":"https:\/\/zooprekes24.lt\/lv\/wp-json\/wp\/v2\/types\/product"}],"replies":[{"embeddable":true,"href":"https:\/\/zooprekes24.lt\/lv\/wp-json\/wp\/v2\/comments?post=42191"}],"wp:featuredmedia":[{"embeddable":true,"href":"https:\/\/zooprekes24.lt\/lv\/wp-json\/wp\/v2\/media\/42194"}],"wp:attachment":[{"href":"https:\/\/zooprekes24.lt\/lv\/wp-json\/wp\/v2\/media?parent=42191"}],"wp:term":[{"taxonomy":"product_brand","embeddable":true,"href":"https:\/\/zooprekes24.lt\/lv\/wp-json\/wp\/v2\/product_brand?post=42191"},{"taxonomy":"product_cat","embeddable":true,"href":"https:\/\/zooprekes24.lt\/lv\/wp-json\/wp\/v2\/product_cat?post=42191"},{"taxonomy":"product_tag","embeddable":true,"href":"https:\/\/zooprekes24.lt\/lv\/wp-json\/wp\/v2\/product_tag?post=42191"}],"curies":[{"name":"wp","href":"https:\/\/api.w.org\/{rel}","templated":true}]}}