{"id":42187,"date":"2025-10-29T15:04:49","date_gmt":"2025-10-29T13:04:49","guid":{"rendered":"https:\/\/zooprekes24.lt\/?post_type=product&#038;p=42187"},"modified":"2026-04-20T09:49:47","modified_gmt":"2026-04-20T07:49:47","slug":"quattro-sterilised-chicken-collagen-sausas-maistas-katems-papildytas-kolagenu","status":"publish","type":"product","link":"https:\/\/zooprekes24.lt\/lv\/produktas\/quattro-sterilised-chicken-collagen-sausas-maistas-katems-papildytas-kolagenu\/","title":{"rendered":"Quattro Sterilised Chicken Collagen sausas maistas kat\u0117ms, papildytas kolagenu"},"content":{"rendered":"<h3>Quattro Sterilised Chicken Collagen &#8211; <span>Super premium klas\u0117s visavertis suaugusi\u0173, sterilizuot\u0173 ka\u010di\u0173 maistas su vi\u0161tiena ir kolagenu. Nuo 1 met\u0173 am\u017eiaus.<\/span><\/h3>\n<ul>\n<li><span>\u00a0J\u016brinis III tipo kolagenas palaiko sveik\u0105 od\u0105 ir kail\u012f, stiprina s\u0105narius ir kaul\u0173 strukt\u016br\u0105.<\/span><\/li>\n<li><span>Quattro produktai pagaminti naudojant inovatyvi\u0105 \u201efreeze-dried meat coated\u201c technologij\u0105. \u0160io i\u0161skirtinio sprendimo d\u0117ka kiekviena pa\u0161aro granul\u0117 padengiama nat\u016bralia liofilizuota m\u0117sa, kuri ne tik praturtina Quattro pa\u0161arus nat\u016braliai i\u0161saugotomis maistin\u0117mis med\u017eiagomis, bet ir u\u017etikrina puik\u0173 produkto \u0117damum\u0105.<\/span><\/li>\n<li><span>Spanguol\u0117s ir DL-metioninas kartu su subalansuotu mineral\u0173 kiekiu palaiko kat\u0117s \u0161lapimo tak\u0173 sveikat\u0105.<\/span><\/li>\n<li><span>L-karnitinas skatina riebal\u0173 apykait\u0105, o augalin\u0117s skaidulos u\u017etikrina sotumo jausm\u0105 be papildom\u0173 kalorij\u0173, pad\u0117damos i\u0161laikyti optimal\u0173 augintinio svor\u012f.<\/span><\/li>\n<li><span>Produkto gamyboje naudojamos visos gyv\u016bno dalys: raumen\u0173 m\u0117sa \u2013 baltym\u0173 \u0161altinis, kaulai \u2013 kalcio ir fosforo \u0161altinis, kremzliniai audiniai \u2013 s\u0105nari\u0173 palaikymui, organai \u2013 nat\u016bralus vitamin\u0173 ir mineral\u0173 \u0161altinis.<\/span><\/li>\n<li><span>Quattro vis\u0173 veisli\u0173 asortimentas pagamintas be gr\u016bd\u0173, toki\u0173 kaip kvie\u010diai, soja, mie\u017eiai ir kit\u0173 alergines reakcijas sukelian\u010di\u0173 med\u017eiag\u0173 (glitimo, GMO).<\/span><\/li>\n<\/ul>","protected":false},"excerpt":{"rendered":"<p>Quattro Sterilised Chicken Collagen &#8211; Super premium klas\u0117s visavertis suaugusi\u0173, sterilizuot\u0173 ka\u010di\u0173 maistas su vi\u0161tiena ir kolagenu. Nuo 1 met\u0173 am\u017eiaus. \u00a0J\u016brinis III tipo kolagenas palaiko sveik\u0105 od\u0105 ir kail\u012f, stiprina s\u0105narius ir kaul\u0173 strukt\u016br\u0105. Quattro produktai pagaminti naudojant inovatyvi\u0105 \u201efreeze-dried meat coated\u201c technologij\u0105. \u0160io i\u0161skirtinio sprendimo d\u0117ka kiekviena pa\u0161aro granul\u0117 padengiama nat\u016bralia liofilizuota m\u0117sa,&#8230;<\/p>","protected":false},"featured_media":42190,"comment_status":"closed","ping_status":"closed","template":"","meta":{"_acf_changed":false,"slim_seo":{"title":"Quattro Sterilised Chicken Collagen sausas maistas kat\u0117ms, papildytas kolagenu - Zooprekes24","description":"Quattro Sterilised Chicken Collagen - Super premium klas\u0117s visavertis suaugusi\u0173, sterilizuot\u0173 ka\u010di\u0173 maistas su vi\u0161tiena ir kolagenu. Nuo 1 met\u0173 am\u017eiaus. \u00a0J\u016brini"},"iawp_total_views":80},"product_brand":[],"product_cat":[9027,72,83,25,9052,9016],"product_tag":[1675,1682,1696],"class_list":{"0":"post-42187","1":"product","2":"type-product","3":"status-publish","4":"has-post-thumbnail","6":"product_cat-begrudis-maistas-kaciu-maistas","7":"product_cat-kaciu-maistas","8":"product_cat-kaciu-prekiu-gamintojai","9":"product_cat-katems","10":"product_cat-quattro-katems","11":"product_cat-sausas-maistas-kaciu-maistas","12":"product_tag-kaciu-edalas","13":"product_tag-kaciu-maistas-super-premium-klases","14":"product_tag-super-premium-maistas-katems","15":"pa_pasaro-sudetis-vistiena","16":"pa_prekiu-zenklai-quattro","18":"first","19":"instock","20":"sale","21":"featured","22":"taxable","23":"shipping-taxable","24":"purchasable","25":"product-type-variable"},"acf":[],"_links":{"self":[{"href":"https:\/\/zooprekes24.lt\/lv\/wp-json\/wp\/v2\/product\/42187","targetHints":{"allow":["GET"]}}],"collection":[{"href":"https:\/\/zooprekes24.lt\/lv\/wp-json\/wp\/v2\/product"}],"about":[{"href":"https:\/\/zooprekes24.lt\/lv\/wp-json\/wp\/v2\/types\/product"}],"replies":[{"embeddable":true,"href":"https:\/\/zooprekes24.lt\/lv\/wp-json\/wp\/v2\/comments?post=42187"}],"wp:featuredmedia":[{"embeddable":true,"href":"https:\/\/zooprekes24.lt\/lv\/wp-json\/wp\/v2\/media\/42190"}],"wp:attachment":[{"href":"https:\/\/zooprekes24.lt\/lv\/wp-json\/wp\/v2\/media?parent=42187"}],"wp:term":[{"taxonomy":"product_brand","embeddable":true,"href":"https:\/\/zooprekes24.lt\/lv\/wp-json\/wp\/v2\/product_brand?post=42187"},{"taxonomy":"product_cat","embeddable":true,"href":"https:\/\/zooprekes24.lt\/lv\/wp-json\/wp\/v2\/product_cat?post=42187"},{"taxonomy":"product_tag","embeddable":true,"href":"https:\/\/zooprekes24.lt\/lv\/wp-json\/wp\/v2\/product_tag?post=42187"}],"curies":[{"name":"wp","href":"https:\/\/api.w.org\/{rel}","templated":true}]}}