{"id":42157,"date":"2025-10-29T11:47:26","date_gmt":"2025-10-29T09:47:26","guid":{"rendered":"https:\/\/zooprekes24.lt\/?post_type=product&#038;p=42157"},"modified":"2025-10-29T16:08:31","modified_gmt":"2025-10-29T14:08:31","slug":"la-murr-sterilised-poultry-sausas-maistas-katems-800g","status":"publish","type":"product","link":"https:\/\/zooprekes24.lt\/lv\/produktas\/la-murr-sterilised-poultry-sausas-maistas-katems-800g\/","title":{"rendered":"La Murr Sterilised Poultry sausas maistas kat\u0117ms, 800 g"},"content":{"rendered":"<h3>La Murr Sterilised Poultry &#8211; visavertis sausas maistas suaugusioms, sterilizuotoms kat\u0117ms nuo 1 met\u0173 am\u017eiaus su pauk\u0161tiena. \u0160is maistas pritaikytas kasdienei pilnavertei augintinio mitybai. Skirtas ma\u017eiau aktyvioms, turin\u010dioms problem\u0173 d\u0117l vir\u0161svorio kat\u0117ms. Sud\u0117tyje esantis DL-metioninas kartu su subalansuotu mineral\u0173 kompleksu gali pad\u0117ti palaikyti tinkam\u0105 \u0161lapimo sistemos veikl\u0105. Omega riebal\u0173 r\u016bg\u0161tys pad\u0117s palaikyti tinkam\u0105 odos ir kailio b\u016bkl\u0119.<\/h3>\n<ul>\n<li>Oda ir kailis &#8211; Omega riebal\u0173 r\u016bg\u0161tys odos ir kailio b\u016bkl\u0117s gerinimui.<\/li>\n<li>Svorio kontrol\u0117 &#8211; optimalus kalorij\u0173 kiekis specialiems sterilizuotos kat\u0117s poreikiams.<\/li>\n<li>Pagalba \u0161lapimo takams &#8211; DL-metioninas kartu su subalansuotu mineral\u0173 kompleksu gali pad\u0117ti palaikyti tinkam\u0105 \u0161lapimo sistemos veikl\u0105.<\/li>\n<\/ul>","protected":false},"excerpt":{"rendered":"<p>La Murr Sterilised Poultry &#8211; visavertis sausas maistas suaugusioms, sterilizuotoms kat\u0117ms nuo 1 met\u0173 am\u017eiaus su pauk\u0161tiena. \u0160is maistas pritaikytas kasdienei pilnavertei augintinio mitybai. Skirtas ma\u017eiau aktyvioms, turin\u010dioms problem\u0173 d\u0117l vir\u0161svorio kat\u0117ms. Sud\u0117tyje esantis DL-metioninas kartu su subalansuotu mineral\u0173 kompleksu gali pad\u0117ti palaikyti tinkam\u0105 \u0161lapimo sistemos veikl\u0105. Omega riebal\u0173 r\u016bg\u0161tys pad\u0117s palaikyti tinkam\u0105 odos ir&#8230;<\/p>","protected":false},"featured_media":42158,"comment_status":"closed","ping_status":"closed","template":"","meta":{"_acf_changed":false,"slim_seo":{"title":"La Murr Sterilised Poultry sausas maistas kat\u0117ms, 800 g - Zooprekes24","description":"La Murr Sterilised Poultry - visavertis sausas maistas suaugusioms, sterilizuotoms kat\u0117ms nuo 1 met\u0173 am\u017eiaus su pauk\u0161tiena. \u0160is maistas pritaikytas kasdienei pi"},"iawp_total_views":15},"product_brand":[],"product_cat":[72,25,9016],"product_tag":[],"class_list":{"0":"post-42157","1":"product","2":"type-product","3":"status-publish","4":"has-post-thumbnail","6":"product_cat-kaciu-maistas","7":"product_cat-katems","8":"product_cat-sausas-maistas-kaciu-maistas","9":"pa_pasaro-sudetis-paukstiena","10":"pa_prekiu-zenklai-la-murr","12":"first","13":"instock","14":"featured","15":"taxable","16":"shipping-taxable","17":"purchasable","18":"product-type-simple"},"acf":[],"_links":{"self":[{"href":"https:\/\/zooprekes24.lt\/lv\/wp-json\/wp\/v2\/product\/42157","targetHints":{"allow":["GET"]}}],"collection":[{"href":"https:\/\/zooprekes24.lt\/lv\/wp-json\/wp\/v2\/product"}],"about":[{"href":"https:\/\/zooprekes24.lt\/lv\/wp-json\/wp\/v2\/types\/product"}],"replies":[{"embeddable":true,"href":"https:\/\/zooprekes24.lt\/lv\/wp-json\/wp\/v2\/comments?post=42157"}],"wp:featuredmedia":[{"embeddable":true,"href":"https:\/\/zooprekes24.lt\/lv\/wp-json\/wp\/v2\/media\/42158"}],"wp:attachment":[{"href":"https:\/\/zooprekes24.lt\/lv\/wp-json\/wp\/v2\/media?parent=42157"}],"wp:term":[{"taxonomy":"product_brand","embeddable":true,"href":"https:\/\/zooprekes24.lt\/lv\/wp-json\/wp\/v2\/product_brand?post=42157"},{"taxonomy":"product_cat","embeddable":true,"href":"https:\/\/zooprekes24.lt\/lv\/wp-json\/wp\/v2\/product_cat?post=42157"},{"taxonomy":"product_tag","embeddable":true,"href":"https:\/\/zooprekes24.lt\/lv\/wp-json\/wp\/v2\/product_tag?post=42157"}],"curies":[{"name":"wp","href":"https:\/\/api.w.org\/{rel}","templated":true}]}}