{"id":42150,"date":"2025-10-29T11:12:59","date_gmt":"2025-10-29T09:12:59","guid":{"rendered":"https:\/\/zooprekes24.lt\/?post_type=product&#038;p=42150"},"modified":"2025-10-29T14:03:49","modified_gmt":"2025-10-29T12:03:49","slug":"la-murr-bentonitinis-kaciu-kraikas-su-aktyvinta-anglimi-5l","status":"publish","type":"product","link":"https:\/\/zooprekes24.lt\/lv\/produktas\/la-murr-bentonitinis-kaciu-kraikas-su-aktyvinta-anglimi-5l\/","title":{"rendered":"La Murr bentonitinis ka\u010di\u0173 kraikas, su aktyvinta anglimi, 5L"},"content":{"rendered":"<h3>La Murr bentonitinis ka\u010di\u0173 kraikas &#8211; nat\u016bralus produktas su aktyvinta anglimi. Baltasis bentonitas tai nat\u016bralus ir aplinkai draugi\u0161kas kraikas kat\u0117ms, kuris d\u0117l savo unikali\u0173 savybi\u0173 puikiai sulimpa bei atrodo higieni\u0161kai. Aktyvinta anglis &#8211; tai nat\u016brali med\u017eiaga, itin efektyviai sugerianti bei sulaikanti nemalonius kvapus. Tai &#8211; grynas produktas, be sintetini\u0173 pried\u0173, da\u017eikli\u0173 bei kvap\u0173.<\/h3>\n<ul>\n<li>100% dab\u012bgais miner\u0101lm\u0101ls.<\/li>\n<li>Ka\u0137i var dro\u0161i laiz\u012bt \u0137epas, kad t\u0101s tiek izmantotas.<\/li>\n<li>Augsta absorbcijas sp\u0113ja pat l\u012bdz 360%, padarot t\u0101s lieto\u0161anu \u013coti rentablu.<\/li>\n<li>\u0100tri sabl\u012bv\u0113jas nelielos, nelielos, stingros \u0137epu gabali\u0146os, kurus ir viegli no\u0146emt.<\/li>\n<li>Saudz\u012bgs pret p\u0113d\u0101m - maz\u0101s granulas nepielipst pie p\u0113d\u0101m un t\u0101s nekairina.<\/li>\n<li>La Murr ir piem\u0113rots aler\u0123iskiem un jut\u012bgiem ka\u0137iem - BEZ sint\u0113tisk\u0101m piedev\u0101m, kr\u0101sviel\u0101m un smar\u017eviel\u0101m.<\/li>\n<li>Higi\u0113nisks - stingrais satv\u0113riens notur ur\u012bnu recek\u013cu iek\u0161pus\u0113, t\u0101d\u0113j\u0101di saglab\u0101jot higi\u0113nu.<\/li>\n<li>99.5% bez putek\u013ciem - minim\u0101la putek\u013cu veido\u0161an\u0101s, aizpildot pakai\u0161u kast\u012bti, un nav nek\u0101du p\u0113du uz \u0137ep\u0101m.<\/li>\n<li>Aktiv\u0113t\u0101 ogle pal\u012bdz maksim\u0101li neitraliz\u0113t ka\u0137u ur\u012bna un ekskrementu rad\u012bto amonjaka smaku.<\/li>\n<\/ul>","protected":false},"excerpt":{"rendered":"<p>La Murr bentonitinis ka\u010di\u0173 kraikas &#8211; nat\u016bralus produktas su aktyvinta anglimi. Baltasis bentonitas tai nat\u016bralus ir aplinkai draugi\u0161kas kraikas kat\u0117ms, kuris d\u0117l savo unikali\u0173 savybi\u0173 puikiai sulimpa bei atrodo higieni\u0161kai. Aktyvinta anglis &#8211; tai nat\u016brali med\u017eiaga, itin efektyviai sugerianti bei sulaikanti nemalonius kvapus. Tai &#8211; grynas produktas, be sintetini\u0173 pried\u0173, da\u017eikli\u0173 bei kvap\u0173. 100% nat\u016bralus&#8230;<\/p>","protected":false},"featured_media":42151,"comment_status":"closed","ping_status":"closed","template":"","meta":{"_acf_changed":false,"slim_seo":{"title":"La Murr bentonitinis ka\u010di\u0173 kraikas, su aktyvinta anglimi, 5L - Zooprekes24","description":"La Murr bentonitinis ka\u010di\u0173 kraikas - nat\u016bralus produktas su aktyvinta anglimi. Baltasis bentonitas tai nat\u016bralus ir aplinkai draugi\u0161kas kraikas kat\u0117ms, kuris d\u0117"},"iawp_total_views":29},"product_brand":[],"product_cat":[78,25,9009],"product_tag":[1940,5253],"class_list":{"0":"post-42150","1":"product","2":"type-product","3":"status-publish","4":"has-post-thumbnail","6":"product_cat-higiena-ir-prieziura-katems","7":"product_cat-katems","8":"product_cat-kraikas","9":"product_tag-naturalus-kraikas-katems","10":"product_tag-nedulkantis-kraikas-katems","11":"pa_kraiko-rusis-bentonitas","12":"pa_prekiu-zenklai-la-murr","14":"first","15":"instock","16":"featured","17":"taxable","18":"shipping-taxable","19":"purchasable","20":"product-type-simple"},"acf":[],"_links":{"self":[{"href":"https:\/\/zooprekes24.lt\/lv\/wp-json\/wp\/v2\/product\/42150","targetHints":{"allow":["GET"]}}],"collection":[{"href":"https:\/\/zooprekes24.lt\/lv\/wp-json\/wp\/v2\/product"}],"about":[{"href":"https:\/\/zooprekes24.lt\/lv\/wp-json\/wp\/v2\/types\/product"}],"replies":[{"embeddable":true,"href":"https:\/\/zooprekes24.lt\/lv\/wp-json\/wp\/v2\/comments?post=42150"}],"wp:featuredmedia":[{"embeddable":true,"href":"https:\/\/zooprekes24.lt\/lv\/wp-json\/wp\/v2\/media\/42151"}],"wp:attachment":[{"href":"https:\/\/zooprekes24.lt\/lv\/wp-json\/wp\/v2\/media?parent=42150"}],"wp:term":[{"taxonomy":"product_brand","embeddable":true,"href":"https:\/\/zooprekes24.lt\/lv\/wp-json\/wp\/v2\/product_brand?post=42150"},{"taxonomy":"product_cat","embeddable":true,"href":"https:\/\/zooprekes24.lt\/lv\/wp-json\/wp\/v2\/product_cat?post=42150"},{"taxonomy":"product_tag","embeddable":true,"href":"https:\/\/zooprekes24.lt\/lv\/wp-json\/wp\/v2\/product_tag?post=42150"}],"curies":[{"name":"wp","href":"https:\/\/api.w.org\/{rel}","templated":true}]}}