{"id":42080,"date":"2025-10-28T11:52:09","date_gmt":"2025-10-28T09:52:09","guid":{"rendered":"https:\/\/zooprekes24.lt\/?post_type=product&#038;p=42080"},"modified":"2025-10-30T18:15:21","modified_gmt":"2025-10-30T16:15:21","slug":"trixie-kramtomos-lazdeles-sunims-iv-spalvu-50vnt","status":"publish","type":"product","link":"https:\/\/zooprekes24.lt\/lv\/produktas\/trixie-kramtomos-lazdeles-sunims-iv-spalvu-50vnt\/","title":{"rendered":"Trixie kramtomos lazdel\u0117s \u0161unims, \u012fv. spalv\u0173,\u00a050 vnt"},"content":{"rendered":"","protected":false},"excerpt":{"rendered":"","protected":false},"featured_media":42081,"comment_status":"closed","ping_status":"closed","template":"","meta":{"_acf_changed":false,"slim_seo":{"title":"Trixie kramtomos lazdel\u0117s \u0161unims, \u012fv. spalv\u0173,\u00a050 vnt - Zooprekes24","description":""},"iawp_total_views":72},"product_brand":[],"product_cat":[9039,8999,31,30,9219],"product_tag":[],"class_list":{"0":"post-42080","1":"product","2":"type-product","3":"status-publish","4":"has-post-thumbnail","6":"product_cat-kaulai-ir-susukta-oda","7":"product_cat-sunims","8":"product_cat-sunu-prekiu-gamintojai","9":"product_cat-sunu-skanestai","10":"product_cat-trixie-sunims","11":"pa_prekiu-zenklai-trixie","12":"pa_suns-amzius-suaugusiems","14":"first","15":"instock","16":"featured","17":"taxable","18":"shipping-taxable","19":"purchasable","20":"product-type-simple"},"acf":[],"_links":{"self":[{"href":"https:\/\/zooprekes24.lt\/lv\/wp-json\/wp\/v2\/product\/42080","targetHints":{"allow":["GET"]}}],"collection":[{"href":"https:\/\/zooprekes24.lt\/lv\/wp-json\/wp\/v2\/product"}],"about":[{"href":"https:\/\/zooprekes24.lt\/lv\/wp-json\/wp\/v2\/types\/product"}],"replies":[{"embeddable":true,"href":"https:\/\/zooprekes24.lt\/lv\/wp-json\/wp\/v2\/comments?post=42080"}],"wp:featuredmedia":[{"embeddable":true,"href":"https:\/\/zooprekes24.lt\/lv\/wp-json\/wp\/v2\/media\/42081"}],"wp:attachment":[{"href":"https:\/\/zooprekes24.lt\/lv\/wp-json\/wp\/v2\/media?parent=42080"}],"wp:term":[{"taxonomy":"product_brand","embeddable":true,"href":"https:\/\/zooprekes24.lt\/lv\/wp-json\/wp\/v2\/product_brand?post=42080"},{"taxonomy":"product_cat","embeddable":true,"href":"https:\/\/zooprekes24.lt\/lv\/wp-json\/wp\/v2\/product_cat?post=42080"},{"taxonomy":"product_tag","embeddable":true,"href":"https:\/\/zooprekes24.lt\/lv\/wp-json\/wp\/v2\/product_tag?post=42080"}],"curies":[{"name":"wp","href":"https:\/\/api.w.org\/{rel}","templated":true}]}}