{"id":42045,"date":"2025-10-27T13:28:20","date_gmt":"2025-10-27T11:28:20","guid":{"rendered":"https:\/\/zooprekes24.lt\/?post_type=product&#038;p=42045"},"modified":"2025-10-27T18:59:47","modified_gmt":"2025-10-27T16:59:47","slug":"trixie-intensive-slapimo-demiu-ir-kvapu-valiklis-augintiniams-750ml","status":"publish","type":"product","link":"https:\/\/zooprekes24.lt\/lv\/produktas\/trixie-intensive-slapimo-demiu-ir-kvapu-valiklis-augintiniams-750ml\/","title":{"rendered":"Trixie Intensive \u0161lapimo d\u0117mi\u0173 ir kvap\u0173 valiklis augintiniams, 750 ml"},"content":{"rendered":"","protected":false},"excerpt":{"rendered":"","protected":false},"featured_media":42046,"comment_status":"closed","ping_status":"closed","template":"","meta":{"_acf_changed":false,"slim_seo":{"title":"Trixie Intensive \u0161lapimo d\u0117mi\u0173 ir kvap\u0173 valiklis augintiniams, 750 ml - Zooprekes24","description":""},"iawp_total_views":18},"product_brand":[],"product_cat":[9235,78,9005,83,25,32,8999,31,9219,9222],"product_tag":[],"class_list":{"0":"post-42045","1":"product","2":"type-product","3":"status-publish","4":"has-post-thumbnail","6":"product_cat-demiu-ir-kvapu-salinimo-priemones","7":"product_cat-higiena-ir-prieziura-katems","8":"product_cat-higienos-ir-valymo-priemones","9":"product_cat-kaciu-prekiu-gamintojai","10":"product_cat-katems","11":"product_cat-kitos-sunu-prekes","12":"product_cat-sunims","13":"product_cat-sunu-prekiu-gamintojai","14":"product_cat-trixie-sunims","15":"product_cat-trixie-katems","16":"pa_prekiu-zenklai-trixie","18":"first","19":"instock","20":"featured","21":"taxable","22":"shipping-taxable","23":"purchasable","24":"product-type-simple"},"acf":[],"_links":{"self":[{"href":"https:\/\/zooprekes24.lt\/lv\/wp-json\/wp\/v2\/product\/42045","targetHints":{"allow":["GET"]}}],"collection":[{"href":"https:\/\/zooprekes24.lt\/lv\/wp-json\/wp\/v2\/product"}],"about":[{"href":"https:\/\/zooprekes24.lt\/lv\/wp-json\/wp\/v2\/types\/product"}],"replies":[{"embeddable":true,"href":"https:\/\/zooprekes24.lt\/lv\/wp-json\/wp\/v2\/comments?post=42045"}],"wp:featuredmedia":[{"embeddable":true,"href":"https:\/\/zooprekes24.lt\/lv\/wp-json\/wp\/v2\/media\/42046"}],"wp:attachment":[{"href":"https:\/\/zooprekes24.lt\/lv\/wp-json\/wp\/v2\/media?parent=42045"}],"wp:term":[{"taxonomy":"product_brand","embeddable":true,"href":"https:\/\/zooprekes24.lt\/lv\/wp-json\/wp\/v2\/product_brand?post=42045"},{"taxonomy":"product_cat","embeddable":true,"href":"https:\/\/zooprekes24.lt\/lv\/wp-json\/wp\/v2\/product_cat?post=42045"},{"taxonomy":"product_tag","embeddable":true,"href":"https:\/\/zooprekes24.lt\/lv\/wp-json\/wp\/v2\/product_tag?post=42045"}],"curies":[{"name":"wp","href":"https:\/\/api.w.org\/{rel}","templated":true}]}}