{"id":42033,"date":"2025-10-27T12:57:34","date_gmt":"2025-10-27T10:57:34","guid":{"rendered":"https:\/\/zooprekes24.lt\/?post_type=product&#038;p=42033"},"modified":"2025-10-27T18:55:18","modified_gmt":"2025-10-27T16:55:18","slug":"trixie-lamb-liver-salmon-saltyje-isdziovinti-skanestai-katems-25g","status":"publish","type":"product","link":"https:\/\/zooprekes24.lt\/lv\/produktas\/trixie-lamb-liver-salmon-saltyje-isdziovinti-skanestai-katems-25g\/","title":{"rendered":"Trixie Lamb Liver &#038; Salmon \u0161altyje i\u0161d\u017eiovinti skan\u0117stai kat\u0117ms, 25 g"},"content":{"rendered":"","protected":false},"excerpt":{"rendered":"","protected":false},"featured_media":42034,"comment_status":"closed","ping_status":"closed","template":"","meta":{"_acf_changed":false,"slim_seo":{"title":"Trixie Lamb Liver & Salmon \u0161altyje i\u0161d\u017eiovinti skan\u0117stai kat\u0117ms, 25 g - Zooprekes24","description":""},"iawp_total_views":2},"product_brand":[],"product_cat":[72,83,25,9018,9222],"product_tag":[],"class_list":{"0":"post-42033","1":"product","2":"type-product","3":"status-publish","4":"has-post-thumbnail","6":"product_cat-kaciu-maistas","7":"product_cat-kaciu-prekiu-gamintojai","8":"product_cat-katems","9":"product_cat-skanestai","10":"product_cat-trixie-katems","11":"pa_pasaro-sudetis-eriena","12":"pa_pasaro-sudetis-kepeneles","13":"pa_pasaro-sudetis-lasisa","14":"pa_pasaro-sudetis-zuvis","15":"pa_prekiu-zenklai-trixie","17":"first","18":"instock","19":"featured","20":"taxable","21":"shipping-taxable","22":"purchasable","23":"product-type-simple"},"acf":[],"_links":{"self":[{"href":"https:\/\/zooprekes24.lt\/lv\/wp-json\/wp\/v2\/product\/42033","targetHints":{"allow":["GET"]}}],"collection":[{"href":"https:\/\/zooprekes24.lt\/lv\/wp-json\/wp\/v2\/product"}],"about":[{"href":"https:\/\/zooprekes24.lt\/lv\/wp-json\/wp\/v2\/types\/product"}],"replies":[{"embeddable":true,"href":"https:\/\/zooprekes24.lt\/lv\/wp-json\/wp\/v2\/comments?post=42033"}],"wp:featuredmedia":[{"embeddable":true,"href":"https:\/\/zooprekes24.lt\/lv\/wp-json\/wp\/v2\/media\/42034"}],"wp:attachment":[{"href":"https:\/\/zooprekes24.lt\/lv\/wp-json\/wp\/v2\/media?parent=42033"}],"wp:term":[{"taxonomy":"product_brand","embeddable":true,"href":"https:\/\/zooprekes24.lt\/lv\/wp-json\/wp\/v2\/product_brand?post=42033"},{"taxonomy":"product_cat","embeddable":true,"href":"https:\/\/zooprekes24.lt\/lv\/wp-json\/wp\/v2\/product_cat?post=42033"},{"taxonomy":"product_tag","embeddable":true,"href":"https:\/\/zooprekes24.lt\/lv\/wp-json\/wp\/v2\/product_tag?post=42033"}],"curies":[{"name":"wp","href":"https:\/\/api.w.org\/{rel}","templated":true}]}}