{"id":41980,"date":"2025-10-24T15:25:59","date_gmt":"2025-10-24T13:25:59","guid":{"rendered":"https:\/\/zooprekes24.lt\/?post_type=product&#038;p=41980"},"modified":"2026-03-02T15:25:39","modified_gmt":"2026-03-02T13:25:39","slug":"royal-canin-ageing-11-konservai-katems-drebuciuose","status":"publish","type":"product","link":"https:\/\/zooprekes24.lt\/lv\/produktas\/royal-canin-ageing-11-konservai-katems-drebuciuose\/","title":{"rendered":"Royal Canin Ageing 11+ konservai kat\u0117ms drebu\u010diuose"},"content":{"rendered":"<h3 data-start=\"0\" data-end=\"323\">Royal Canin Ageing 11+ konservai &#8211; specialiai subalansuotas \u0161lapias pa\u0161aras, skirtas vyresnio am\u017eiaus kat\u0117ms nuo 11 met\u0173. Formul\u0117 su \u201eHealthyAge7\u2122 Complex\u201c junginiu padeda senstan\u010dioms kat\u0117ms palaikyti pagrindines septynias sveikatos ir gyvybingumo sritis, tuo pa\u010diu u\u017etikrindama malon\u0173 skon\u012f ir puik\u0173 \u0117damum\u0105.<\/h3>\n<ul>\n<li data-start=\"325\" data-end=\"1136\">\u0160lapias pa\u0161aras sukurtas ir i\u0161bandytas su vyresnio am\u017eiaus kat\u0117mis &#8211; mink\u0161ti gabaliukai drebu\u010diuose lengvai kramtomi ir malon\u016bs net jautresn\u0117ms kat\u0117ms.<\/li>\n<li data-start=\"325\" data-end=\"1136\">Sud\u0117tyje esantis \u201eHealthyAge7\u2122 Complex\u201c derinys palaiko septynias pagrindines kat\u0117s sveikatos sritis: apetit\u0105 ir svor\u012f, vir\u0161kinim\u0105, judrum\u0105, od\u0105 ir kail\u012f, inkst\u0173 veikl\u0105, smegen\u0173 funkcij\u0105 bei imunitet\u0105.<\/li>\n<li data-start=\"325\" data-end=\"1136\">EPR, DHR ir chondroitinas padeda i\u0161laikyti s\u0105nari\u0173 sveikat\u0105 ir judrum\u0105, o linolo r\u016bg\u0161tis bei cinkas palaiko sveik\u0105 od\u0105 ir \u017evilgant\u012f kail\u012f.<\/li>\n<li data-start=\"325\" data-end=\"1136\">Auk\u0161tos kokyb\u0117s baltymai ir pritaikytas fosforo kiekis padeda palaikyti inkst\u0173 funkcij\u0105, o vitaminai C ir E, liuteinas, taurinas, beta karotenas bei likopenas stiprina imunitet\u0105.<\/li>\n<li data-start=\"325\" data-end=\"1136\">Subalansuota formul\u0117 padeda i\u0161laikyti gyvybingum\u0105 ir ger\u0105 savijaut\u0105 net vyresniame am\u017eiuje, u\u017etikrindama vis\u0173 organizmo sistem\u0173 darn\u0105.<\/li>\n<\/ul>\n<p><img loading=\"lazy\" decoding=\"async\" class=\"alignnone wp-image-41961\" src=\"https:\/\/zooprekes24.lt\/wp-content\/uploads\/dhvdvf.jpg\" alt=\"Royal Canin Ageing 11+ foto\" width=\"300\" height=\"354\" srcset=\"https:\/\/zooprekes24.lt\/wp-content\/uploads\/dhvdvf.jpg 724w, https:\/\/zooprekes24.lt\/wp-content\/uploads\/dhvdvf-509x600.jpg 509w, https:\/\/zooprekes24.lt\/wp-content\/uploads\/dhvdvf-10x12.jpg 10w, https:\/\/zooprekes24.lt\/wp-content\/uploads\/dhvdvf-600x708.jpg 600w, https:\/\/zooprekes24.lt\/wp-content\/uploads\/dhvdvf-64x75.jpg 64w\" sizes=\"auto, (max-width: 300px) 100vw, 300px\" \/><\/p>","protected":false},"excerpt":{"rendered":"<p>Royal Canin Ageing 11+ konservai &#8211; specialiai subalansuotas \u0161lapias pa\u0161aras, skirtas vyresnio am\u017eiaus kat\u0117ms nuo 11 met\u0173. Formul\u0117 su \u201eHealthyAge7\u2122 Complex\u201c junginiu padeda senstan\u010dioms kat\u0117ms palaikyti pagrindines septynias sveikatos ir gyvybingumo sritis, tuo pa\u010diu u\u017etikrindama malon\u0173 skon\u012f ir puik\u0173 \u0117damum\u0105. \u0160lapias pa\u0161aras sukurtas ir i\u0161bandytas su vyresnio am\u017eiaus kat\u0117mis &#8211; mink\u0161ti gabaliukai drebu\u010diuose lengvai kramtomi&#8230;<\/p>","protected":false},"featured_media":42215,"comment_status":"closed","ping_status":"closed","template":"","meta":{"_acf_changed":false,"slim_seo":{"title":"Royal Canin Ageing 11+ konservai kat\u0117ms drebu\u010diuose - Zooprekes24","description":"Royal Canin Ageing 11+ konservai - specialiai subalansuotas \u0161lapias pa\u0161aras, skirtas vyresnio am\u017eiaus kat\u0117ms nuo 11 met\u0173. Formul\u0117 su \u201eHealthyAge7\u2122 Complex\u201c jung"},"iawp_total_views":40},"product_brand":[],"product_cat":[72,83,25,9019,9020],"product_tag":[1675],"class_list":{"0":"post-41980","1":"product","2":"type-product","3":"status-publish","4":"has-post-thumbnail","6":"product_cat-kaciu-maistas","7":"product_cat-kaciu-prekiu-gamintojai","8":"product_cat-katems","9":"product_cat-royal-canin-kaciu-prekiu-gamintojai","10":"product_cat-slapias-maistas-kaciu-maistas","11":"product_tag-kaciu-edalas","12":"pa_pasaro-sudetis-paukstiena","13":"pa_prekiu-zenklai-royal-canin","15":"first","16":"instock","17":"featured","18":"taxable","19":"shipping-taxable","20":"purchasable","21":"product-type-variable"},"acf":[],"_links":{"self":[{"href":"https:\/\/zooprekes24.lt\/lv\/wp-json\/wp\/v2\/product\/41980","targetHints":{"allow":["GET"]}}],"collection":[{"href":"https:\/\/zooprekes24.lt\/lv\/wp-json\/wp\/v2\/product"}],"about":[{"href":"https:\/\/zooprekes24.lt\/lv\/wp-json\/wp\/v2\/types\/product"}],"replies":[{"embeddable":true,"href":"https:\/\/zooprekes24.lt\/lv\/wp-json\/wp\/v2\/comments?post=41980"}],"wp:featuredmedia":[{"embeddable":true,"href":"https:\/\/zooprekes24.lt\/lv\/wp-json\/wp\/v2\/media\/42215"}],"wp:attachment":[{"href":"https:\/\/zooprekes24.lt\/lv\/wp-json\/wp\/v2\/media?parent=41980"}],"wp:term":[{"taxonomy":"product_brand","embeddable":true,"href":"https:\/\/zooprekes24.lt\/lv\/wp-json\/wp\/v2\/product_brand?post=41980"},{"taxonomy":"product_cat","embeddable":true,"href":"https:\/\/zooprekes24.lt\/lv\/wp-json\/wp\/v2\/product_cat?post=41980"},{"taxonomy":"product_tag","embeddable":true,"href":"https:\/\/zooprekes24.lt\/lv\/wp-json\/wp\/v2\/product_tag?post=41980"}],"curies":[{"name":"wp","href":"https:\/\/api.w.org\/{rel}","templated":true}]}}