{"id":41965,"date":"2025-10-24T13:33:10","date_gmt":"2025-10-24T11:33:10","guid":{"rendered":"https:\/\/zooprekes24.lt\/?post_type=product&#038;p=41965"},"modified":"2026-03-02T15:26:10","modified_gmt":"2026-03-02T13:26:10","slug":"royal-canin-ageing-11-sterilised-sausas-maistas-katems","status":"publish","type":"product","link":"https:\/\/zooprekes24.lt\/lv\/produktas\/royal-canin-ageing-11-sterilised-sausas-maistas-katems\/","title":{"rendered":"Royal Canin Ageing 11+ Sterilised sausas maistas kat\u0117ms"},"content":{"rendered":"<h3>Royal Canin Ageing 11+ Sterilised specialiai subalansuotas sausas maistas sterilizuotoms ar kastruotoms kat\u0117ms nuo 11 met\u0173 am\u017eiaus. Formul\u0117 su \u201eHealthyAge7\u2122 Complex\u201c junginiu padeda senstan\u010dioms kat\u0117ms palaikyti pagrindines septynias sveikatos ir gyvybingumo sritis, kartu kontroliuojant sterilizuoto augintinio k\u016bno svor\u012f.<\/h3>\n<ul>\n<li><span>Pa\u0161aras sukurtas ir i\u0161bandytas su vyresnio am\u017eiaus kat\u0117mis &#8211; lengvai kramtoma granuli\u0173 forma u\u017etikrina malon\u0173 valgymo poj\u016bt\u012f.<\/span><\/li>\n<li><span>Sud\u0117tyje esantis \u201eHealthyAge7\u2122 Complex\u201c derinys palaiko septynias pagrindines kat\u0117s sveikatos sritis: apetit\u0105 ir svor\u012f, vir\u0161kinim\u0105, judrum\u0105, od\u0105 ir kail\u012f, inkst\u0173 veikl\u0105, smegen\u0173 funkcij\u0105 bei imunitet\u0105.<\/span><\/li>\n<li data-start=\"289\" data-end=\"1170\">Praturtinta EPR, DHR ir chondroitinu &#8211; padeda i\u0161laikyti s\u0105nari\u0173 sveikat\u0105 ir judrum\u0105, o linolo r\u016bg\u0161tis bei cinkas palaiko odos ir kailio kokyb\u0119.<\/li>\n<li data-start=\"289\" data-end=\"1170\">Subalansuotas riebal\u0173 ir baltym\u0173 kiekis padeda palaikyti ideal\u0173 sterilizuoto augintinio k\u016bno svor\u012f.<\/li>\n<li data-start=\"289\" data-end=\"1170\"><span>Sud\u0117tyje esantis mineral\u0173 kompleksas padeda palaikyti \u0161lapimo tak\u0173 sveikat\u0105 ir ma\u017eina \u0161lapimo akmen\u0173 susidarymo rizik\u0105.<\/span><\/li>\n<li data-start=\"289\" data-end=\"1170\">Auk\u0161tos kokyb\u0117s baltymai ir pritaikytas fosforo kiekis padeda palaikyti inkst\u0173 funkcij\u0105, o vitaminai C ir E, liuteinas, taurinas, beta karotenas ir likopenas stiprina imunin\u0119 sistem\u0105.<\/li>\n<\/ul>\n<p><img loading=\"lazy\" decoding=\"async\" class=\"alignnone wp-image-41961\" src=\"https:\/\/zooprekes24.lt\/wp-content\/uploads\/dhvdvf.jpg\" alt=\"Royal Canin Ageing 11+ foto\" width=\"300\" height=\"354\" srcset=\"https:\/\/zooprekes24.lt\/wp-content\/uploads\/dhvdvf.jpg 724w, https:\/\/zooprekes24.lt\/wp-content\/uploads\/dhvdvf-509x600.jpg 509w, https:\/\/zooprekes24.lt\/wp-content\/uploads\/dhvdvf-10x12.jpg 10w, https:\/\/zooprekes24.lt\/wp-content\/uploads\/dhvdvf-600x708.jpg 600w, https:\/\/zooprekes24.lt\/wp-content\/uploads\/dhvdvf-64x75.jpg 64w\" sizes=\"auto, (max-width: 300px) 100vw, 300px\" \/><\/p>","protected":false},"excerpt":{"rendered":"<p>Royal Canin Ageing 11+ Sterilised specialiai subalansuotas sausas maistas sterilizuotoms ar kastruotoms kat\u0117ms nuo 11 met\u0173 am\u017eiaus. Formul\u0117 su \u201eHealthyAge7\u2122 Complex\u201c junginiu padeda senstan\u010dioms kat\u0117ms palaikyti pagrindines septynias sveikatos ir gyvybingumo sritis, kartu kontroliuojant sterilizuoto augintinio k\u016bno svor\u012f. Pa\u0161aras sukurtas ir i\u0161bandytas su vyresnio am\u017eiaus kat\u0117mis &#8211; lengvai kramtoma granuli\u0173 forma u\u017etikrina malon\u0173 valgymo poj\u016bt\u012f&#8230;.<\/p>","protected":false},"featured_media":41969,"comment_status":"closed","ping_status":"closed","template":"","meta":{"_acf_changed":false,"slim_seo":{"title":"Royal Canin Ageing 11+ Sterilised sausas maistas kat\u0117ms - Zooprekes24","description":"Royal Canin Ageing 11+ Sterilised specialiai subalansuotas sausas maistas sterilizuotoms ar kastruotoms kat\u0117ms nuo 11 met\u0173 am\u017eiaus. Formul\u0117 su \u201eHealthyAge7\u2122 Com"},"iawp_total_views":231},"product_brand":[],"product_cat":[72,83,25,9019,9016],"product_tag":[1675],"class_list":{"0":"post-41965","1":"product","2":"type-product","3":"status-publish","4":"has-post-thumbnail","6":"product_cat-kaciu-maistas","7":"product_cat-kaciu-prekiu-gamintojai","8":"product_cat-katems","9":"product_cat-royal-canin-kaciu-prekiu-gamintojai","10":"product_cat-sausas-maistas-kaciu-maistas","11":"product_tag-kaciu-edalas","12":"pa_pasaro-sudetis-paukstiena","13":"pa_prekiu-zenklai-royal-canin","15":"first","16":"instock","17":"sale","18":"featured","19":"taxable","20":"shipping-taxable","21":"purchasable","22":"product-type-variable"},"acf":[],"_links":{"self":[{"href":"https:\/\/zooprekes24.lt\/lv\/wp-json\/wp\/v2\/product\/41965","targetHints":{"allow":["GET"]}}],"collection":[{"href":"https:\/\/zooprekes24.lt\/lv\/wp-json\/wp\/v2\/product"}],"about":[{"href":"https:\/\/zooprekes24.lt\/lv\/wp-json\/wp\/v2\/types\/product"}],"replies":[{"embeddable":true,"href":"https:\/\/zooprekes24.lt\/lv\/wp-json\/wp\/v2\/comments?post=41965"}],"wp:featuredmedia":[{"embeddable":true,"href":"https:\/\/zooprekes24.lt\/lv\/wp-json\/wp\/v2\/media\/41969"}],"wp:attachment":[{"href":"https:\/\/zooprekes24.lt\/lv\/wp-json\/wp\/v2\/media?parent=41965"}],"wp:term":[{"taxonomy":"product_brand","embeddable":true,"href":"https:\/\/zooprekes24.lt\/lv\/wp-json\/wp\/v2\/product_brand?post=41965"},{"taxonomy":"product_cat","embeddable":true,"href":"https:\/\/zooprekes24.lt\/lv\/wp-json\/wp\/v2\/product_cat?post=41965"},{"taxonomy":"product_tag","embeddable":true,"href":"https:\/\/zooprekes24.lt\/lv\/wp-json\/wp\/v2\/product_tag?post=41965"}],"curies":[{"name":"wp","href":"https:\/\/api.w.org\/{rel}","templated":true}]}}