{"id":41881,"date":"2025-10-22T17:39:11","date_gmt":"2025-10-22T15:39:11","guid":{"rendered":"https:\/\/zooprekes24.lt\/?post_type=product&#038;p=41881"},"modified":"2025-10-24T15:58:11","modified_gmt":"2025-10-24T13:58:11","slug":"trixie-malt-crumbies-skanestai-katems-padeda-isvengti-plauku-gumuleliu-susidarymo-50g","status":"publish","type":"product","link":"https:\/\/zooprekes24.lt\/lv\/produktas\/trixie-malt-crumbies-skanestai-katems-padeda-isvengti-plauku-gumuleliu-susidarymo-50g\/","title":{"rendered":"Trixie Malt Crumbies skan\u0117stai kat\u0117ms, padeda i\u0161vengti plauk\u0173 gumul\u0117li\u0173 susidarymo, 50 g"},"content":{"rendered":"","protected":false},"excerpt":{"rendered":"","protected":false},"featured_media":41882,"comment_status":"closed","ping_status":"closed","template":"","meta":{"_acf_changed":false,"slim_seo":{"title":"Trixie Malt Crumbies skan\u0117stai kat\u0117ms, padeda i\u0161vengti plauk\u0173 gumul\u0117li\u0173 susidarymo, 50 g - Zooprekes24","description":""},"iawp_total_views":8},"product_brand":[],"product_cat":[72,83,25,9018,9222],"product_tag":[],"class_list":{"0":"post-41881","1":"product","2":"type-product","3":"status-publish","4":"has-post-thumbnail","6":"product_cat-kaciu-maistas","7":"product_cat-kaciu-prekiu-gamintojai","8":"product_cat-katems","9":"product_cat-skanestai","10":"product_cat-trixie-katems","11":"pa_prekiu-zenklai-trixie","13":"first","14":"instock","15":"featured","16":"taxable","17":"shipping-taxable","18":"purchasable","19":"product-type-simple"},"acf":[],"_links":{"self":[{"href":"https:\/\/zooprekes24.lt\/lv\/wp-json\/wp\/v2\/product\/41881","targetHints":{"allow":["GET"]}}],"collection":[{"href":"https:\/\/zooprekes24.lt\/lv\/wp-json\/wp\/v2\/product"}],"about":[{"href":"https:\/\/zooprekes24.lt\/lv\/wp-json\/wp\/v2\/types\/product"}],"replies":[{"embeddable":true,"href":"https:\/\/zooprekes24.lt\/lv\/wp-json\/wp\/v2\/comments?post=41881"}],"wp:featuredmedia":[{"embeddable":true,"href":"https:\/\/zooprekes24.lt\/lv\/wp-json\/wp\/v2\/media\/41882"}],"wp:attachment":[{"href":"https:\/\/zooprekes24.lt\/lv\/wp-json\/wp\/v2\/media?parent=41881"}],"wp:term":[{"taxonomy":"product_brand","embeddable":true,"href":"https:\/\/zooprekes24.lt\/lv\/wp-json\/wp\/v2\/product_brand?post=41881"},{"taxonomy":"product_cat","embeddable":true,"href":"https:\/\/zooprekes24.lt\/lv\/wp-json\/wp\/v2\/product_cat?post=41881"},{"taxonomy":"product_tag","embeddable":true,"href":"https:\/\/zooprekes24.lt\/lv\/wp-json\/wp\/v2\/product_tag?post=41881"}],"curies":[{"name":"wp","href":"https:\/\/api.w.org\/{rel}","templated":true}]}}