{"id":41877,"date":"2025-10-22T17:19:25","date_gmt":"2025-10-22T15:19:25","guid":{"rendered":"https:\/\/zooprekes24.lt\/?post_type=product&#038;p=41877"},"modified":"2026-02-03T09:15:05","modified_gmt":"2026-02-03T07:15:05","slug":"trixie-maltncheese-pasta-katems-gerina-virskinima-ir-padeda-isvengti-plauku-gumuleliu-susidarymo-100g","status":"publish","type":"product","link":"https:\/\/zooprekes24.lt\/lv\/produktas\/trixie-maltncheese-pasta-katems-gerina-virskinima-ir-padeda-isvengti-plauku-gumuleliu-susidarymo-100g\/","title":{"rendered":"Trixie Malt&#8217;n&#8217;Cheese pasta kat\u0117ms, gerina vir\u0161kinim\u0105 ir padeda i\u0161vengti plauk\u0173 gumul\u0117li\u0173 susidarymo, 100 g"},"content":{"rendered":"","protected":false},"excerpt":{"rendered":"","protected":false},"featured_media":41878,"comment_status":"closed","ping_status":"closed","template":"","meta":{"_acf_changed":false,"slim_seo":{"title":"Trixie Malt'n'Cheese pasta kat\u0117ms, gerina vir\u0161kinim\u0105 ir padeda i\u0161vengti plauk\u0173 gumul\u0117li\u0173 susidarymo, 100 g - Zooprekes24","description":""},"iawp_total_views":6},"product_brand":[],"product_cat":[83,25,104,9222,9017],"product_tag":[],"class_list":{"0":"post-41877","1":"product","2":"type-product","3":"status-publish","4":"has-post-thumbnail","6":"product_cat-kaciu-prekiu-gamintojai","7":"product_cat-katems","8":"product_cat-kitos-kaciu-prekes","9":"product_cat-trixie-katems","10":"product_cat-vitaminai-ir-papildai-katems","11":"pa_pasaro-sudetis-suris","12":"pa_prekiu-zenklai-trixie","14":"first","15":"instock","16":"featured","17":"taxable","18":"shipping-taxable","19":"purchasable","20":"product-type-simple"},"acf":[],"_links":{"self":[{"href":"https:\/\/zooprekes24.lt\/lv\/wp-json\/wp\/v2\/product\/41877","targetHints":{"allow":["GET"]}}],"collection":[{"href":"https:\/\/zooprekes24.lt\/lv\/wp-json\/wp\/v2\/product"}],"about":[{"href":"https:\/\/zooprekes24.lt\/lv\/wp-json\/wp\/v2\/types\/product"}],"replies":[{"embeddable":true,"href":"https:\/\/zooprekes24.lt\/lv\/wp-json\/wp\/v2\/comments?post=41877"}],"wp:featuredmedia":[{"embeddable":true,"href":"https:\/\/zooprekes24.lt\/lv\/wp-json\/wp\/v2\/media\/41878"}],"wp:attachment":[{"href":"https:\/\/zooprekes24.lt\/lv\/wp-json\/wp\/v2\/media?parent=41877"}],"wp:term":[{"taxonomy":"product_brand","embeddable":true,"href":"https:\/\/zooprekes24.lt\/lv\/wp-json\/wp\/v2\/product_brand?post=41877"},{"taxonomy":"product_cat","embeddable":true,"href":"https:\/\/zooprekes24.lt\/lv\/wp-json\/wp\/v2\/product_cat?post=41877"},{"taxonomy":"product_tag","embeddable":true,"href":"https:\/\/zooprekes24.lt\/lv\/wp-json\/wp\/v2\/product_tag?post=41877"}],"curies":[{"name":"wp","href":"https:\/\/api.w.org\/{rel}","templated":true}]}}