{"id":41869,"date":"2025-10-22T16:43:35","date_gmt":"2025-10-22T14:43:35","guid":{"rendered":"https:\/\/zooprekes24.lt\/?post_type=product&#038;p=41869"},"modified":"2025-10-27T17:01:02","modified_gmt":"2025-10-27T15:01:02","slug":"trixie-multivitaminu-pasta-katems-stiprina-regejima-imuniteta-ir-virskinima-100g","status":"publish","type":"product","link":"https:\/\/zooprekes24.lt\/lv\/produktas\/trixie-multivitaminu-pasta-katems-stiprina-regejima-imuniteta-ir-virskinima-100g\/","title":{"rendered":"Trixie Multivitamin\u0173 pasta kat\u0117ms, stiprina reg\u0117jim\u0105, imunitet\u0105 ir vir\u0161kinim\u0105, 100 g"},"content":{"rendered":"","protected":false},"excerpt":{"rendered":"","protected":false},"featured_media":41870,"comment_status":"closed","ping_status":"closed","template":"","meta":{"_acf_changed":false,"slim_seo":{"title":"Trixie Multivitamin\u0173 pasta kat\u0117ms, stiprina reg\u0117jim\u0105, imunitet\u0105 ir vir\u0161kinim\u0105, 100 g - Zooprekes24","description":""},"iawp_total_views":7},"product_brand":[],"product_cat":[83,25,104,9222,9017],"product_tag":[],"class_list":{"0":"post-41869","1":"product","2":"type-product","3":"status-publish","4":"has-post-thumbnail","6":"product_cat-kaciu-prekiu-gamintojai","7":"product_cat-katems","8":"product_cat-kitos-kaciu-prekes","9":"product_cat-trixie-katems","10":"product_cat-vitaminai-ir-papildai-katems","11":"pa_prekiu-zenklai-trixie","13":"first","14":"instock","15":"featured","16":"taxable","17":"shipping-taxable","18":"purchasable","19":"product-type-simple"},"acf":[],"_links":{"self":[{"href":"https:\/\/zooprekes24.lt\/lv\/wp-json\/wp\/v2\/product\/41869","targetHints":{"allow":["GET"]}}],"collection":[{"href":"https:\/\/zooprekes24.lt\/lv\/wp-json\/wp\/v2\/product"}],"about":[{"href":"https:\/\/zooprekes24.lt\/lv\/wp-json\/wp\/v2\/types\/product"}],"replies":[{"embeddable":true,"href":"https:\/\/zooprekes24.lt\/lv\/wp-json\/wp\/v2\/comments?post=41869"}],"wp:featuredmedia":[{"embeddable":true,"href":"https:\/\/zooprekes24.lt\/lv\/wp-json\/wp\/v2\/media\/41870"}],"wp:attachment":[{"href":"https:\/\/zooprekes24.lt\/lv\/wp-json\/wp\/v2\/media?parent=41869"}],"wp:term":[{"taxonomy":"product_brand","embeddable":true,"href":"https:\/\/zooprekes24.lt\/lv\/wp-json\/wp\/v2\/product_brand?post=41869"},{"taxonomy":"product_cat","embeddable":true,"href":"https:\/\/zooprekes24.lt\/lv\/wp-json\/wp\/v2\/product_cat?post=41869"},{"taxonomy":"product_tag","embeddable":true,"href":"https:\/\/zooprekes24.lt\/lv\/wp-json\/wp\/v2\/product_tag?post=41869"}],"curies":[{"name":"wp","href":"https:\/\/api.w.org\/{rel}","templated":true}]}}