{"id":41865,"date":"2025-10-22T16:14:01","date_gmt":"2025-10-22T14:14:01","guid":{"rendered":"https:\/\/zooprekes24.lt\/?post_type=product&#038;p=41865"},"modified":"2025-10-24T19:44:03","modified_gmt":"2025-10-24T17:44:03","slug":"trixie-barf-menkiu-kepeneliu-aliejus-sunims-ir-katems-250ml","status":"publish","type":"product","link":"https:\/\/zooprekes24.lt\/lv\/produktas\/trixie-barf-menkiu-kepeneliu-aliejus-sunims-ir-katems-250ml\/","title":{"rendered":"Trixie Barf menki\u0173 kepen\u0117li\u0173 aliejus \u0161unims ir kat\u0117ms, 250 ml"},"content":{"rendered":"","protected":false},"excerpt":{"rendered":"","protected":false},"featured_media":41866,"comment_status":"closed","ping_status":"closed","template":"","meta":{"_acf_changed":false,"slim_seo":{"title":"Trixie Barf menki\u0173 kepen\u0117li\u0173 aliejus \u0161unims ir kat\u0117ms, 250 ml - Zooprekes24","description":""},"iawp_total_views":13},"product_brand":[],"product_cat":[83,25,104,32,8999,31,9219,9222,9022,9017],"product_tag":[],"class_list":{"0":"post-41865","1":"product","2":"type-product","3":"status-publish","4":"has-post-thumbnail","6":"product_cat-kaciu-prekiu-gamintojai","7":"product_cat-katems","8":"product_cat-kitos-kaciu-prekes","9":"product_cat-kitos-sunu-prekes","10":"product_cat-sunims","11":"product_cat-sunu-prekiu-gamintojai","12":"product_cat-trixie-sunims","13":"product_cat-trixie-katems","14":"product_cat-vitaminai-ir-papildai-sunims","15":"product_cat-vitaminai-ir-papildai-katems","16":"pa_prekiu-zenklai-trixie","17":"pa_suns-amzius-jauniems","18":"pa_suns-amzius-senjorams","19":"pa_suns-amzius-suaugusiems","20":"pa_suns-amzius-visiems-amziams","21":"pa_veisles-dydis-didelems-veislems","22":"pa_veisles-dydis-mazoms-veislems","23":"pa_veisles-dydis-vidutinems-veislems","24":"pa_veisles-dydis-visu-dydziu-veislems","26":"first","27":"instock","28":"featured","29":"taxable","30":"shipping-taxable","31":"purchasable","32":"product-type-simple"},"acf":[],"_links":{"self":[{"href":"https:\/\/zooprekes24.lt\/lv\/wp-json\/wp\/v2\/product\/41865","targetHints":{"allow":["GET"]}}],"collection":[{"href":"https:\/\/zooprekes24.lt\/lv\/wp-json\/wp\/v2\/product"}],"about":[{"href":"https:\/\/zooprekes24.lt\/lv\/wp-json\/wp\/v2\/types\/product"}],"replies":[{"embeddable":true,"href":"https:\/\/zooprekes24.lt\/lv\/wp-json\/wp\/v2\/comments?post=41865"}],"wp:featuredmedia":[{"embeddable":true,"href":"https:\/\/zooprekes24.lt\/lv\/wp-json\/wp\/v2\/media\/41866"}],"wp:attachment":[{"href":"https:\/\/zooprekes24.lt\/lv\/wp-json\/wp\/v2\/media?parent=41865"}],"wp:term":[{"taxonomy":"product_brand","embeddable":true,"href":"https:\/\/zooprekes24.lt\/lv\/wp-json\/wp\/v2\/product_brand?post=41865"},{"taxonomy":"product_cat","embeddable":true,"href":"https:\/\/zooprekes24.lt\/lv\/wp-json\/wp\/v2\/product_cat?post=41865"},{"taxonomy":"product_tag","embeddable":true,"href":"https:\/\/zooprekes24.lt\/lv\/wp-json\/wp\/v2\/product_tag?post=41865"}],"curies":[{"name":"wp","href":"https:\/\/api.w.org\/{rel}","templated":true}]}}