{"id":41721,"date":"2025-10-16T10:48:19","date_gmt":"2025-10-16T08:48:19","guid":{"rendered":"https:\/\/zooprekes24.lt\/?post_type=product&#038;p=41721"},"modified":"2025-10-20T18:16:52","modified_gmt":"2025-10-20T16:16:52","slug":"trixie-4-krypciu-duru-landa-su-tuneliu-augintiniams-imontuojama-duryse-arba-sienoje-xxl-dydzio-baltos-spalvos","status":"publish","type":"product","link":"https:\/\/zooprekes24.lt\/lv\/produktas\/trixie-4-krypciu-duru-landa-su-tuneliu-augintiniams-imontuojama-duryse-arba-sienoje-xxl-dydzio-baltos-spalvos\/","title":{"rendered":"Trixie 4 kryp\u010di\u0173 dur\u0173 landa su tuneliu augintiniams, \u012fmontuojama duryse arba sienoje, XXL dyd\u017eio, baltos spalvos"},"content":{"rendered":"","protected":false},"excerpt":{"rendered":"","protected":false},"featured_media":41722,"comment_status":"closed","ping_status":"closed","template":"","meta":{"_acf_changed":false,"slim_seo":{"title":"Trixie 4 kryp\u010di\u0173 dur\u0173 landa su tuneliu augintiniams, \u012fmontuojama duryse arba sienoje, XXL dyd\u017eio, baltos spalvos - Zooprekes24","description":""},"iawp_total_views":17},"product_brand":[],"product_cat":[83,25,9221,9225,104,32,8999,31,9219,9222],"product_tag":[],"class_list":{"0":"post-41721","1":"product","2":"type-product","3":"status-publish","4":"has-post-thumbnail","6":"product_cat-kaciu-prekiu-gamintojai","7":"product_cat-katems","8":"product_cat-kelioniu-ir-isvyku-prekes-sunims","9":"product_cat-kelioniu-ir-isvyku-prekes-katems","10":"product_cat-kitos-kaciu-prekes","11":"product_cat-kitos-sunu-prekes","12":"product_cat-sunims","13":"product_cat-sunu-prekiu-gamintojai","14":"product_cat-trixie-sunims","15":"product_cat-trixie-katems","16":"pa_prekiu-zenklai-trixie","18":"first","19":"instock","20":"featured","21":"taxable","22":"shipping-taxable","23":"purchasable","24":"product-type-simple"},"acf":[],"_links":{"self":[{"href":"https:\/\/zooprekes24.lt\/lv\/wp-json\/wp\/v2\/product\/41721","targetHints":{"allow":["GET"]}}],"collection":[{"href":"https:\/\/zooprekes24.lt\/lv\/wp-json\/wp\/v2\/product"}],"about":[{"href":"https:\/\/zooprekes24.lt\/lv\/wp-json\/wp\/v2\/types\/product"}],"replies":[{"embeddable":true,"href":"https:\/\/zooprekes24.lt\/lv\/wp-json\/wp\/v2\/comments?post=41721"}],"wp:featuredmedia":[{"embeddable":true,"href":"https:\/\/zooprekes24.lt\/lv\/wp-json\/wp\/v2\/media\/41722"}],"wp:attachment":[{"href":"https:\/\/zooprekes24.lt\/lv\/wp-json\/wp\/v2\/media?parent=41721"}],"wp:term":[{"taxonomy":"product_brand","embeddable":true,"href":"https:\/\/zooprekes24.lt\/lv\/wp-json\/wp\/v2\/product_brand?post=41721"},{"taxonomy":"product_cat","embeddable":true,"href":"https:\/\/zooprekes24.lt\/lv\/wp-json\/wp\/v2\/product_cat?post=41721"},{"taxonomy":"product_tag","embeddable":true,"href":"https:\/\/zooprekes24.lt\/lv\/wp-json\/wp\/v2\/product_tag?post=41721"}],"curies":[{"name":"wp","href":"https:\/\/api.w.org\/{rel}","templated":true}]}}