{"id":41701,"date":"2025-10-15T15:45:50","date_gmt":"2025-10-15T13:45:50","guid":{"rendered":"https:\/\/zooprekes24.lt\/?post_type=product&#038;p=41701"},"modified":"2025-10-20T18:14:49","modified_gmt":"2025-10-20T16:14:49","slug":"trixie-apsaugines-groteles-praviram-langui-lango-virsutinei-arba-apatinei-daliai-baltos","status":"publish","type":"product","link":"https:\/\/zooprekes24.lt\/lv\/produktas\/trixie-apsaugines-groteles-praviram-langui-lango-virsutinei-arba-apatinei-daliai-baltos\/","title":{"rendered":"Trixie apsaugin\u0117s grotel\u0117s praviram langui, lango vir\u0161utinei arba apatinei daliai, baltos"},"content":{"rendered":"","protected":false},"excerpt":{"rendered":"","protected":false},"featured_media":41702,"comment_status":"closed","ping_status":"closed","template":"","meta":{"_acf_changed":false,"slim_seo":{"title":"Trixie apsaugin\u0117s grotel\u0117s praviram langui, lango vir\u0161utinei arba apatinei daliai, baltos - Zooprekes24","description":""},"iawp_total_views":14},"product_brand":[],"product_cat":[83,25,9225,104,9222],"product_tag":[],"class_list":{"0":"post-41701","1":"product","2":"type-product","3":"status-publish","4":"has-post-thumbnail","6":"product_cat-kaciu-prekiu-gamintojai","7":"product_cat-katems","8":"product_cat-kelioniu-ir-isvyku-prekes-katems","9":"product_cat-kitos-kaciu-prekes","10":"product_cat-trixie-katems","11":"pa_prekiu-zenklai-trixie","13":"first","14":"instock","15":"featured","16":"taxable","17":"shipping-taxable","18":"purchasable","19":"product-type-simple"},"acf":[],"_links":{"self":[{"href":"https:\/\/zooprekes24.lt\/lv\/wp-json\/wp\/v2\/product\/41701","targetHints":{"allow":["GET"]}}],"collection":[{"href":"https:\/\/zooprekes24.lt\/lv\/wp-json\/wp\/v2\/product"}],"about":[{"href":"https:\/\/zooprekes24.lt\/lv\/wp-json\/wp\/v2\/types\/product"}],"replies":[{"embeddable":true,"href":"https:\/\/zooprekes24.lt\/lv\/wp-json\/wp\/v2\/comments?post=41701"}],"wp:featuredmedia":[{"embeddable":true,"href":"https:\/\/zooprekes24.lt\/lv\/wp-json\/wp\/v2\/media\/41702"}],"wp:attachment":[{"href":"https:\/\/zooprekes24.lt\/lv\/wp-json\/wp\/v2\/media?parent=41701"}],"wp:term":[{"taxonomy":"product_brand","embeddable":true,"href":"https:\/\/zooprekes24.lt\/lv\/wp-json\/wp\/v2\/product_brand?post=41701"},{"taxonomy":"product_cat","embeddable":true,"href":"https:\/\/zooprekes24.lt\/lv\/wp-json\/wp\/v2\/product_cat?post=41701"},{"taxonomy":"product_tag","embeddable":true,"href":"https:\/\/zooprekes24.lt\/lv\/wp-json\/wp\/v2\/product_tag?post=41701"}],"curies":[{"name":"wp","href":"https:\/\/api.w.org\/{rel}","templated":true}]}}