{"id":41406,"date":"2025-10-10T12:55:09","date_gmt":"2025-10-10T10:55:09","guid":{"rendered":"https:\/\/zooprekes24.lt\/?post_type=product&#038;p=41406"},"modified":"2025-10-14T11:40:52","modified_gmt":"2025-10-14T09:40:52","slug":"trixie-walker-care-apsauginiai-batukai-sunims-skirti-suzeistu-letenu-apsaugai-gijimo-metu-iv-dydziu-juodi-2vnt","status":"publish","type":"product","link":"https:\/\/zooprekes24.lt\/lv\/produktas\/trixie-walker-care-apsauginiai-batukai-sunims-skirti-suzeistu-letenu-apsaugai-gijimo-metu-iv-dydziu-juodi-2vnt\/","title":{"rendered":"Trixie Walker Care apsauginiai batukai \u0161unims, skirti su\u017eeist\u0173 leten\u0173 apsaugai gijimo metu, \u012fv. dyd\u017ei\u0173, juodi, 2 vnt"},"content":{"rendered":"<p>Batuk\u0173 dyd\u017eiai:<\/p>\n<p><img loading=\"lazy\" decoding=\"async\" class=\"alignnone wp-image-41415\" src=\"https:\/\/zooprekes24.lt\/wp-content\/uploads\/GRA_INFO_1949-1955-1956-1957-1958-1959-1_SALL_AWK_V1.jpg\" alt=\"Trixie Walker Care apsauginiai batukai \u0161unims, skirti leten\u0173 traum\u0173 apsaugai gijimo metu, \u012fv. dyd\u017ei\u0173, juodi, 2 vnt\" width=\"655\" height=\"92\" srcset=\"https:\/\/zooprekes24.lt\/wp-content\/uploads\/GRA_INFO_1949-1955-1956-1957-1958-1959-1_SALL_AWK_V1.jpg 1600w, https:\/\/zooprekes24.lt\/wp-content\/uploads\/GRA_INFO_1949-1955-1956-1957-1958-1959-1_SALL_AWK_V1-600x84.jpg 600w, https:\/\/zooprekes24.lt\/wp-content\/uploads\/GRA_INFO_1949-1955-1956-1957-1958-1959-1_SALL_AWK_V1-1440x203.jpg 1440w, https:\/\/zooprekes24.lt\/wp-content\/uploads\/GRA_INFO_1949-1955-1956-1957-1958-1959-1_SALL_AWK_V1-18x3.jpg 18w, https:\/\/zooprekes24.lt\/wp-content\/uploads\/GRA_INFO_1949-1955-1956-1957-1958-1959-1_SALL_AWK_V1-64x9.jpg 64w\" sizes=\"auto, (max-width: 655px) 100vw, 655px\" \/><\/p>\n<p data-start=\"0\" data-end=\"10\">Pastaba:<\/p>\n<ul>\n<li data-start=\"13\" data-end=\"114\">Jei augintinio letenos dydis yra tarp dviej\u0173 batuk\u0173 dyd\u017ei\u0173 arba letena sutvarstyta, rekomenduojame rinktis didesn\u012f dyd\u012f.<\/li>\n<li data-start=\"13\" data-end=\"114\">Reguliariai tikrinkite letenas. Vietose, kur yra perri\u0161imai, gali lengvai atsirasti nutrynim\u0173 ar \u017eaizdeli\u0173 &#8211; \u0161ias vietas gali reik\u0117ti papildomai pamink\u0161tinti tvar\u0161\u010diu.<\/li>\n<\/ul>","protected":false},"excerpt":{"rendered":"<p>Batuk\u0173 dyd\u017eiai: Pastaba: Jei augintinio letenos dydis yra tarp dviej\u0173 batuk\u0173 dyd\u017ei\u0173 arba letena sutvarstyta, rekomenduojame rinktis didesn\u012f dyd\u012f. Reguliariai tikrinkite letenas. Vietose, kur yra perri\u0161imai, gali lengvai atsirasti nutrynim\u0173 ar \u017eaizdeli\u0173 &#8211; \u0161ias vietas gali reik\u0117ti papildomai pamink\u0161tinti tvar\u0161\u010diu.<\/p>","protected":false},"featured_media":41422,"comment_status":"closed","ping_status":"closed","template":"","meta":{"_acf_changed":false,"slim_seo":{"title":"Trixie Walker Care apsauginiai batukai \u0161unims, skirti su\u017eeist\u0173 leten\u0173 apsaugai gijimo metu, \u012fv. dyd\u017ei\u0173, juodi, 2 vnt - Zooprekes24","description":"Batuk\u0173 dyd\u017eiai: Pastaba: Jei augintinio letenos dydis yra tarp dviej\u0173 batuk\u0173 dyd\u017ei\u0173 arba letena sutvarstyta, rekomenduojame rinktis didesn\u012f dyd\u012f. Reguliariai ti"},"iawp_total_views":98},"product_brand":[],"product_cat":[9079,32,8999,31,9219],"product_tag":[],"class_list":{"0":"post-41406","1":"product","2":"type-product","3":"status-publish","4":"has-post-thumbnail","6":"product_cat-drabuziai-ir-aksesuarai","7":"product_cat-kitos-sunu-prekes","8":"product_cat-sunims","9":"product_cat-sunu-prekiu-gamintojai","10":"product_cat-trixie-sunims","11":"pa_prekiu-zenklai-trixie","12":"pa_veisles-dydis-didelems-veislems","13":"pa_veisles-dydis-mazoms-veislems","14":"pa_veisles-dydis-vidutinems-veislems","15":"pa_veisles-dydis-visu-dydziu-veislems","17":"first","18":"instock","19":"featured","20":"taxable","21":"shipping-taxable","22":"purchasable","23":"product-type-variable"},"acf":[],"_links":{"self":[{"href":"https:\/\/zooprekes24.lt\/lv\/wp-json\/wp\/v2\/product\/41406","targetHints":{"allow":["GET"]}}],"collection":[{"href":"https:\/\/zooprekes24.lt\/lv\/wp-json\/wp\/v2\/product"}],"about":[{"href":"https:\/\/zooprekes24.lt\/lv\/wp-json\/wp\/v2\/types\/product"}],"replies":[{"embeddable":true,"href":"https:\/\/zooprekes24.lt\/lv\/wp-json\/wp\/v2\/comments?post=41406"}],"wp:featuredmedia":[{"embeddable":true,"href":"https:\/\/zooprekes24.lt\/lv\/wp-json\/wp\/v2\/media\/41422"}],"wp:attachment":[{"href":"https:\/\/zooprekes24.lt\/lv\/wp-json\/wp\/v2\/media?parent=41406"}],"wp:term":[{"taxonomy":"product_brand","embeddable":true,"href":"https:\/\/zooprekes24.lt\/lv\/wp-json\/wp\/v2\/product_brand?post=41406"},{"taxonomy":"product_cat","embeddable":true,"href":"https:\/\/zooprekes24.lt\/lv\/wp-json\/wp\/v2\/product_cat?post=41406"},{"taxonomy":"product_tag","embeddable":true,"href":"https:\/\/zooprekes24.lt\/lv\/wp-json\/wp\/v2\/product_tag?post=41406"}],"curies":[{"name":"wp","href":"https:\/\/api.w.org\/{rel}","templated":true}]}}