{"id":41321,"date":"2025-10-08T13:36:03","date_gmt":"2025-10-08T11:36:03","guid":{"rendered":"https:\/\/zooprekes24.lt\/?post_type=product&#038;p=41321"},"modified":"2026-03-12T09:49:38","modified_gmt":"2026-03-12T07:49:38","slug":"trixie-sausas-sampunas-sunims-katems-ir-kitiems-smulkiems-gyvunams-svelnus-ir-gaivinantis-100g","status":"publish","type":"product","link":"https:\/\/zooprekes24.lt\/lv\/produktas\/trixie-sausas-sampunas-sunims-katems-ir-kitiems-smulkiems-gyvunams-svelnus-ir-gaivinantis-100g\/","title":{"rendered":"Trixie sausas \u0161amp\u016bnas \u0161unims, kat\u0117ms ir kitiems smulkiems gyv\u016bnams, \u0161velnus ir gaivinantis, 100 g"},"content":{"rendered":"","protected":false},"excerpt":{"rendered":"","protected":false},"featured_media":41322,"comment_status":"closed","ping_status":"closed","template":"","meta":{"_acf_changed":false,"slim_seo":{"title":"Trixie sausas \u0161amp\u016bnas \u0161unims, kat\u0117ms ir kitiems smulkiems gyv\u016bnams, \u0161velnus ir gaivinantis, 100 g - Zooprekes24","description":""},"iawp_total_views":30},"product_brand":[],"product_cat":[9299,83,25,104,32,9025,9026,8999,31,9219,9222],"product_tag":[],"class_list":{"0":"post-41321","1":"product","2":"type-product","3":"status-publish","4":"has-post-thumbnail","6":"product_cat-grauzikams","7":"product_cat-kaciu-prekiu-gamintojai","8":"product_cat-katems","9":"product_cat-kitos-kaciu-prekes","10":"product_cat-kitos-sunu-prekes","11":"product_cat-prieziuros-priemones-katems","12":"product_cat-prieziuros-priemones-sunims","13":"product_cat-sunims","14":"product_cat-sunu-prekiu-gamintojai","15":"product_cat-trixie-sunims","16":"product_cat-trixie-katems","17":"pa_prekiu-zenklai-trixie","19":"first","20":"instock","21":"featured","22":"taxable","23":"shipping-taxable","24":"purchasable","25":"product-type-simple"},"acf":[],"_links":{"self":[{"href":"https:\/\/zooprekes24.lt\/lv\/wp-json\/wp\/v2\/product\/41321","targetHints":{"allow":["GET"]}}],"collection":[{"href":"https:\/\/zooprekes24.lt\/lv\/wp-json\/wp\/v2\/product"}],"about":[{"href":"https:\/\/zooprekes24.lt\/lv\/wp-json\/wp\/v2\/types\/product"}],"replies":[{"embeddable":true,"href":"https:\/\/zooprekes24.lt\/lv\/wp-json\/wp\/v2\/comments?post=41321"}],"wp:featuredmedia":[{"embeddable":true,"href":"https:\/\/zooprekes24.lt\/lv\/wp-json\/wp\/v2\/media\/41322"}],"wp:attachment":[{"href":"https:\/\/zooprekes24.lt\/lv\/wp-json\/wp\/v2\/media?parent=41321"}],"wp:term":[{"taxonomy":"product_brand","embeddable":true,"href":"https:\/\/zooprekes24.lt\/lv\/wp-json\/wp\/v2\/product_brand?post=41321"},{"taxonomy":"product_cat","embeddable":true,"href":"https:\/\/zooprekes24.lt\/lv\/wp-json\/wp\/v2\/product_cat?post=41321"},{"taxonomy":"product_tag","embeddable":true,"href":"https:\/\/zooprekes24.lt\/lv\/wp-json\/wp\/v2\/product_tag?post=41321"}],"curies":[{"name":"wp","href":"https:\/\/api.w.org\/{rel}","templated":true}]}}