{"id":41160,"date":"2025-10-02T12:14:03","date_gmt":"2025-10-02T10:14:03","guid":{"rendered":"https:\/\/zooprekes24.lt\/?post_type=product&#038;p=41160"},"modified":"2026-03-12T09:49:44","modified_gmt":"2026-03-12T07:49:44","slug":"trixie-kvapu-neutralizavimo-purskiklis-katems-ir-smulkiems-gyvunams-tinkamas-naudoti-kraikui-ir-ne-tik-su-probiotikais-750ml","status":"publish","type":"product","link":"https:\/\/zooprekes24.lt\/lv\/produktas\/trixie-kvapu-neutralizavimo-purskiklis-katems-ir-smulkiems-gyvunams-tinkamas-naudoti-kraikui-ir-ne-tik-su-probiotikais-750ml\/","title":{"rendered":"Trixie kvap\u0173 neutralizavimo pur\u0161kiklis kat\u0117ms ir smulkiems gyv\u016bnams, tinkamas naudoti kraikui ir ne tik, su probiotikais, 750 ml"},"content":{"rendered":"","protected":false},"excerpt":{"rendered":"","protected":false},"featured_media":41166,"comment_status":"closed","ping_status":"closed","template":"","meta":{"_acf_changed":false,"slim_seo":{"title":"Trixie kvap\u0173 neutralizavimo pur\u0161kiklis kat\u0117ms ir smulkiems gyv\u016bnams, tinkamas naudoti kraikui ir ne tik, su probiotikais, 750 ml - Zooprekes24","description":""},"iawp_total_views":27},"product_brand":[],"product_cat":[9235,9299,78,83,25,9222],"product_tag":[],"class_list":{"0":"post-41160","1":"product","2":"type-product","3":"status-publish","4":"has-post-thumbnail","6":"product_cat-demiu-ir-kvapu-salinimo-priemones","7":"product_cat-grauzikams","8":"product_cat-higiena-ir-prieziura-katems","9":"product_cat-kaciu-prekiu-gamintojai","10":"product_cat-katems","11":"product_cat-trixie-katems","12":"pa_prekiu-zenklai-trixie","14":"first","15":"instock","16":"featured","17":"taxable","18":"shipping-taxable","19":"purchasable","20":"product-type-simple"},"acf":[],"_links":{"self":[{"href":"https:\/\/zooprekes24.lt\/lv\/wp-json\/wp\/v2\/product\/41160","targetHints":{"allow":["GET"]}}],"collection":[{"href":"https:\/\/zooprekes24.lt\/lv\/wp-json\/wp\/v2\/product"}],"about":[{"href":"https:\/\/zooprekes24.lt\/lv\/wp-json\/wp\/v2\/types\/product"}],"replies":[{"embeddable":true,"href":"https:\/\/zooprekes24.lt\/lv\/wp-json\/wp\/v2\/comments?post=41160"}],"wp:featuredmedia":[{"embeddable":true,"href":"https:\/\/zooprekes24.lt\/lv\/wp-json\/wp\/v2\/media\/41166"}],"wp:attachment":[{"href":"https:\/\/zooprekes24.lt\/lv\/wp-json\/wp\/v2\/media?parent=41160"}],"wp:term":[{"taxonomy":"product_brand","embeddable":true,"href":"https:\/\/zooprekes24.lt\/lv\/wp-json\/wp\/v2\/product_brand?post=41160"},{"taxonomy":"product_cat","embeddable":true,"href":"https:\/\/zooprekes24.lt\/lv\/wp-json\/wp\/v2\/product_cat?post=41160"},{"taxonomy":"product_tag","embeddable":true,"href":"https:\/\/zooprekes24.lt\/lv\/wp-json\/wp\/v2\/product_tag?post=41160"}],"curies":[{"name":"wp","href":"https:\/\/api.w.org\/{rel}","templated":true}]}}