{"id":41039,"date":"2025-10-01T11:51:58","date_gmt":"2025-10-01T09:51:58","guid":{"rendered":"https:\/\/zooprekes24.lt\/?post_type=product&#038;p=41039"},"modified":"2025-10-01T13:25:19","modified_gmt":"2025-10-01T11:25:19","slug":"trixie-vico-eco-uzdaras-kaciu-tualetas-be-filtro-tamsiai-pilkas-su-zaliu","status":"publish","type":"product","link":"https:\/\/zooprekes24.lt\/lv\/produktas\/trixie-vico-eco-uzdaras-kaciu-tualetas-be-filtro-tamsiai-pilkas-su-zaliu\/","title":{"rendered":"Trixie Vico Eco u\u017edaras ka\u010di\u0173 tualetas, be filtro, tamsiai pilkas su \u017ealiu"},"content":{"rendered":"","protected":false},"excerpt":{"rendered":"","protected":false},"featured_media":41042,"comment_status":"closed","ping_status":"closed","template":"","meta":{"_acf_changed":false,"slim_seo":{"title":"Trixie Vico Eco u\u017edaras ka\u010di\u0173 tualetas, be filtro, tamsiai pilkas su \u017ealiu - Zooprekes24","description":""},"iawp_total_views":6},"product_brand":[],"product_cat":[78,83,25,9222,9077],"product_tag":[],"class_list":{"0":"post-41039","1":"product","2":"type-product","3":"status-publish","4":"has-post-thumbnail","6":"product_cat-higiena-ir-prieziura-katems","7":"product_cat-kaciu-prekiu-gamintojai","8":"product_cat-katems","9":"product_cat-trixie-katems","10":"product_cat-tualetai","11":"pa_prekiu-zenklai-trixie","13":"first","14":"instock","15":"featured","16":"taxable","17":"shipping-taxable","18":"purchasable","19":"product-type-simple"},"acf":[],"_links":{"self":[{"href":"https:\/\/zooprekes24.lt\/lv\/wp-json\/wp\/v2\/product\/41039","targetHints":{"allow":["GET"]}}],"collection":[{"href":"https:\/\/zooprekes24.lt\/lv\/wp-json\/wp\/v2\/product"}],"about":[{"href":"https:\/\/zooprekes24.lt\/lv\/wp-json\/wp\/v2\/types\/product"}],"replies":[{"embeddable":true,"href":"https:\/\/zooprekes24.lt\/lv\/wp-json\/wp\/v2\/comments?post=41039"}],"wp:featuredmedia":[{"embeddable":true,"href":"https:\/\/zooprekes24.lt\/lv\/wp-json\/wp\/v2\/media\/41042"}],"wp:attachment":[{"href":"https:\/\/zooprekes24.lt\/lv\/wp-json\/wp\/v2\/media?parent=41039"}],"wp:term":[{"taxonomy":"product_brand","embeddable":true,"href":"https:\/\/zooprekes24.lt\/lv\/wp-json\/wp\/v2\/product_brand?post=41039"},{"taxonomy":"product_cat","embeddable":true,"href":"https:\/\/zooprekes24.lt\/lv\/wp-json\/wp\/v2\/product_cat?post=41039"},{"taxonomy":"product_tag","embeddable":true,"href":"https:\/\/zooprekes24.lt\/lv\/wp-json\/wp\/v2\/product_tag?post=41039"}],"curies":[{"name":"wp","href":"https:\/\/api.w.org\/{rel}","templated":true}]}}