{"id":40983,"date":"2025-09-30T12:20:45","date_gmt":"2025-09-30T10:20:45","guid":{"rendered":"https:\/\/zooprekes24.lt\/?post_type=product&#038;p=40983"},"modified":"2025-09-30T16:03:21","modified_gmt":"2025-09-30T14:03:21","slug":"trixie-nerudijancio-plieno-dubenelis-katems-neslystantis-su-dizainu-iv-spalvu","status":"publish","type":"product","link":"https:\/\/zooprekes24.lt\/lv\/produktas\/trixie-nerudijancio-plieno-dubenelis-katems-neslystantis-su-dizainu-iv-spalvu\/","title":{"rendered":"Trixie ner\u016bdijan\u010dio plieno duben\u0117lis kat\u0117ms, neslystantis, su dizainu, \u012fv. spalv\u0173"},"content":{"rendered":"","protected":false},"excerpt":{"rendered":"","protected":false},"featured_media":40984,"comment_status":"closed","ping_status":"closed","template":"","meta":{"_acf_changed":false,"slim_seo":{"title":"Trixie ner\u016bdijan\u010dio plieno duben\u0117lis kat\u0117ms, neslystantis, su dizainu, \u012fv. spalv\u0173 - Zooprekes24","description":""},"iawp_total_views":1},"product_brand":[],"product_cat":[9140,83,25,104,9222],"product_tag":[],"class_list":{"0":"post-40983","1":"product","2":"type-product","3":"status-publish","4":"has-post-thumbnail","6":"product_cat-dubeneliai-ir-girdyklos-kitos-kaciu-prekes","7":"product_cat-kaciu-prekiu-gamintojai","8":"product_cat-katems","9":"product_cat-kitos-kaciu-prekes","10":"product_cat-trixie-katems","11":"pa_prekiu-zenklai-trixie","13":"first","14":"instock","15":"featured","16":"taxable","17":"shipping-taxable","18":"purchasable","19":"product-type-simple"},"acf":[],"_links":{"self":[{"href":"https:\/\/zooprekes24.lt\/lv\/wp-json\/wp\/v2\/product\/40983","targetHints":{"allow":["GET"]}}],"collection":[{"href":"https:\/\/zooprekes24.lt\/lv\/wp-json\/wp\/v2\/product"}],"about":[{"href":"https:\/\/zooprekes24.lt\/lv\/wp-json\/wp\/v2\/types\/product"}],"replies":[{"embeddable":true,"href":"https:\/\/zooprekes24.lt\/lv\/wp-json\/wp\/v2\/comments?post=40983"}],"wp:featuredmedia":[{"embeddable":true,"href":"https:\/\/zooprekes24.lt\/lv\/wp-json\/wp\/v2\/media\/40984"}],"wp:attachment":[{"href":"https:\/\/zooprekes24.lt\/lv\/wp-json\/wp\/v2\/media?parent=40983"}],"wp:term":[{"taxonomy":"product_brand","embeddable":true,"href":"https:\/\/zooprekes24.lt\/lv\/wp-json\/wp\/v2\/product_brand?post=40983"},{"taxonomy":"product_cat","embeddable":true,"href":"https:\/\/zooprekes24.lt\/lv\/wp-json\/wp\/v2\/product_cat?post=40983"},{"taxonomy":"product_tag","embeddable":true,"href":"https:\/\/zooprekes24.lt\/lv\/wp-json\/wp\/v2\/product_tag?post=40983"}],"curies":[{"name":"wp","href":"https:\/\/api.w.org\/{rel}","templated":true}]}}