{"id":40845,"date":"2025-09-27T12:51:52","date_gmt":"2025-09-27T10:51:52","guid":{"rendered":"https:\/\/zooprekes24.lt\/?post_type=product&#038;p=40845"},"modified":"2025-09-29T16:27:38","modified_gmt":"2025-09-29T14:27:38","slug":"trixie-ramp-kartonine-draskykle-katems-mediniame-remelyje-su-katzole-ir-dideliu-besisukanciu-kamuoliu-draskymui-ruda","status":"publish","type":"product","link":"https:\/\/zooprekes24.lt\/lv\/produktas\/trixie-ramp-kartonine-draskykle-katems-mediniame-remelyje-su-katzole-ir-dideliu-besisukanciu-kamuoliu-draskymui-ruda\/","title":{"rendered":"Trixie Ramp kartonin\u0117 draskykl\u0117 kat\u0117ms mediniame r\u0117melyje, su kat\u017eole ir dideliu besisukan\u010diu kamuoliu draskymui, ruda"},"content":{"rendered":"","protected":false},"excerpt":{"rendered":"","protected":false},"featured_media":40846,"comment_status":"closed","ping_status":"closed","template":"","meta":{"_acf_changed":false,"slim_seo":{"title":"Trixie Ramp kartonin\u0117 draskykl\u0117 kat\u0117ms mediniame r\u0117melyje, su kat\u017eole ir dideliu besisukan\u010diu kamuoliu draskymui, ruda - Zooprekes24","description":""},"iawp_total_views":8},"product_brand":[],"product_cat":[9237,83,25,104,9222],"product_tag":[],"class_list":{"0":"post-40845","1":"product","2":"type-product","3":"status-publish","4":"has-post-thumbnail","6":"product_cat-draskykles-ir-stovai","7":"product_cat-kaciu-prekiu-gamintojai","8":"product_cat-katems","9":"product_cat-kitos-kaciu-prekes","10":"product_cat-trixie-katems","11":"pa_prekiu-zenklai-trixie","13":"first","14":"instock","15":"featured","16":"taxable","17":"shipping-taxable","18":"purchasable","19":"product-type-simple"},"acf":[],"_links":{"self":[{"href":"https:\/\/zooprekes24.lt\/lv\/wp-json\/wp\/v2\/product\/40845","targetHints":{"allow":["GET"]}}],"collection":[{"href":"https:\/\/zooprekes24.lt\/lv\/wp-json\/wp\/v2\/product"}],"about":[{"href":"https:\/\/zooprekes24.lt\/lv\/wp-json\/wp\/v2\/types\/product"}],"replies":[{"embeddable":true,"href":"https:\/\/zooprekes24.lt\/lv\/wp-json\/wp\/v2\/comments?post=40845"}],"wp:featuredmedia":[{"embeddable":true,"href":"https:\/\/zooprekes24.lt\/lv\/wp-json\/wp\/v2\/media\/40846"}],"wp:attachment":[{"href":"https:\/\/zooprekes24.lt\/lv\/wp-json\/wp\/v2\/media?parent=40845"}],"wp:term":[{"taxonomy":"product_brand","embeddable":true,"href":"https:\/\/zooprekes24.lt\/lv\/wp-json\/wp\/v2\/product_brand?post=40845"},{"taxonomy":"product_cat","embeddable":true,"href":"https:\/\/zooprekes24.lt\/lv\/wp-json\/wp\/v2\/product_cat?post=40845"},{"taxonomy":"product_tag","embeddable":true,"href":"https:\/\/zooprekes24.lt\/lv\/wp-json\/wp\/v2\/product_tag?post=40845"}],"curies":[{"name":"wp","href":"https:\/\/api.w.org\/{rel}","templated":true}]}}