{"id":40837,"date":"2025-09-27T12:39:30","date_gmt":"2025-09-27T10:39:30","guid":{"rendered":"https:\/\/zooprekes24.lt\/?post_type=product&#038;p=40837"},"modified":"2025-09-29T16:25:20","modified_gmt":"2025-09-29T14:25:20","slug":"trixie-kartonine-draskykle-katems-mediniame-remelyje-su-katzole-ir-keturiais-kamuoliukais-ruda-2","status":"publish","type":"product","link":"https:\/\/zooprekes24.lt\/lv\/produktas\/trixie-kartonine-draskykle-katems-mediniame-remelyje-su-katzole-ir-keturiais-kamuoliukais-ruda-2\/","title":{"rendered":"Trixie kartonin\u0117 draskykl\u0117 kat\u0117ms mediniame r\u0117melyje, su kat\u017eole ir keturiais kamuoliukais, ruda"},"content":{"rendered":"","protected":false},"excerpt":{"rendered":"","protected":false},"featured_media":40838,"comment_status":"closed","ping_status":"closed","template":"","meta":{"_acf_changed":false,"slim_seo":{"title":"Trixie kartonin\u0117 draskykl\u0117 kat\u0117ms mediniame r\u0117melyje, su kat\u017eole ir keturiais kamuoliukais, ruda - Zooprekes24","description":""},"iawp_total_views":7},"product_brand":[],"product_cat":[9237,83,25,104,9222],"product_tag":[],"class_list":{"0":"post-40837","1":"product","2":"type-product","3":"status-publish","4":"has-post-thumbnail","6":"product_cat-draskykles-ir-stovai","7":"product_cat-kaciu-prekiu-gamintojai","8":"product_cat-katems","9":"product_cat-kitos-kaciu-prekes","10":"product_cat-trixie-katems","11":"pa_prekiu-zenklai-trixie","13":"first","14":"instock","15":"featured","16":"taxable","17":"shipping-taxable","18":"purchasable","19":"product-type-simple"},"acf":[],"_links":{"self":[{"href":"https:\/\/zooprekes24.lt\/lv\/wp-json\/wp\/v2\/product\/40837","targetHints":{"allow":["GET"]}}],"collection":[{"href":"https:\/\/zooprekes24.lt\/lv\/wp-json\/wp\/v2\/product"}],"about":[{"href":"https:\/\/zooprekes24.lt\/lv\/wp-json\/wp\/v2\/types\/product"}],"replies":[{"embeddable":true,"href":"https:\/\/zooprekes24.lt\/lv\/wp-json\/wp\/v2\/comments?post=40837"}],"wp:featuredmedia":[{"embeddable":true,"href":"https:\/\/zooprekes24.lt\/lv\/wp-json\/wp\/v2\/media\/40838"}],"wp:attachment":[{"href":"https:\/\/zooprekes24.lt\/lv\/wp-json\/wp\/v2\/media?parent=40837"}],"wp:term":[{"taxonomy":"product_brand","embeddable":true,"href":"https:\/\/zooprekes24.lt\/lv\/wp-json\/wp\/v2\/product_brand?post=40837"},{"taxonomy":"product_cat","embeddable":true,"href":"https:\/\/zooprekes24.lt\/lv\/wp-json\/wp\/v2\/product_cat?post=40837"},{"taxonomy":"product_tag","embeddable":true,"href":"https:\/\/zooprekes24.lt\/lv\/wp-json\/wp\/v2\/product_tag?post=40837"}],"curies":[{"name":"wp","href":"https:\/\/api.w.org\/{rel}","templated":true}]}}