{"id":40780,"date":"2025-09-25T11:45:30","date_gmt":"2025-09-25T09:45:30","guid":{"rendered":"https:\/\/zooprekes24.lt\/?post_type=product&#038;p=40780"},"modified":"2025-09-27T12:05:13","modified_gmt":"2025-09-27T10:05:13","slug":"trixie-nayra-draskykle-katems-stulpai-su-budele-guoliu-ir-kamuoliuku-kremines-spalvos-83cm","status":"publish","type":"product","link":"https:\/\/zooprekes24.lt\/lv\/produktas\/trixie-nayra-draskykle-katems-stulpai-su-budele-guoliu-ir-kamuoliuku-kremines-spalvos-83cm\/","title":{"rendered":"Trixie Nayra draskykl\u0117 kat\u0117ms, stulpai su b\u016bdele, guoliu ir kamuoliuku, kremin\u0117s spalvos, 83 cm"},"content":{"rendered":"","protected":false},"excerpt":{"rendered":"","protected":false},"featured_media":40781,"comment_status":"closed","ping_status":"closed","template":"","meta":{"_acf_changed":false,"slim_seo":{"title":"Trixie Nayra draskykl\u0117 kat\u0117ms, stulpai su b\u016bdele, guoliu ir kamuoliuku, kremin\u0117s spalvos, 83 cm - Zooprekes24","description":""},"iawp_total_views":17},"product_brand":[],"product_cat":[9237,83,25,104,9222],"product_tag":[],"class_list":{"0":"post-40780","1":"product","2":"type-product","3":"status-publish","4":"has-post-thumbnail","6":"product_cat-draskykles-ir-stovai","7":"product_cat-kaciu-prekiu-gamintojai","8":"product_cat-katems","9":"product_cat-kitos-kaciu-prekes","10":"product_cat-trixie-katems","11":"pa_prekiu-zenklai-trixie","13":"first","14":"instock","15":"featured","16":"taxable","17":"shipping-taxable","18":"purchasable","19":"product-type-simple"},"acf":[],"_links":{"self":[{"href":"https:\/\/zooprekes24.lt\/lv\/wp-json\/wp\/v2\/product\/40780","targetHints":{"allow":["GET"]}}],"collection":[{"href":"https:\/\/zooprekes24.lt\/lv\/wp-json\/wp\/v2\/product"}],"about":[{"href":"https:\/\/zooprekes24.lt\/lv\/wp-json\/wp\/v2\/types\/product"}],"replies":[{"embeddable":true,"href":"https:\/\/zooprekes24.lt\/lv\/wp-json\/wp\/v2\/comments?post=40780"}],"wp:featuredmedia":[{"embeddable":true,"href":"https:\/\/zooprekes24.lt\/lv\/wp-json\/wp\/v2\/media\/40781"}],"wp:attachment":[{"href":"https:\/\/zooprekes24.lt\/lv\/wp-json\/wp\/v2\/media?parent=40780"}],"wp:term":[{"taxonomy":"product_brand","embeddable":true,"href":"https:\/\/zooprekes24.lt\/lv\/wp-json\/wp\/v2\/product_brand?post=40780"},{"taxonomy":"product_cat","embeddable":true,"href":"https:\/\/zooprekes24.lt\/lv\/wp-json\/wp\/v2\/product_cat?post=40780"},{"taxonomy":"product_tag","embeddable":true,"href":"https:\/\/zooprekes24.lt\/lv\/wp-json\/wp\/v2\/product_tag?post=40780"}],"curies":[{"name":"wp","href":"https:\/\/api.w.org\/{rel}","templated":true}]}}