{"id":40596,"date":"2025-09-19T13:17:18","date_gmt":"2025-09-19T11:17:18","guid":{"rendered":"https:\/\/zooprekes24.lt\/?post_type=product&#038;p=40596"},"modified":"2025-09-25T13:32:53","modified_gmt":"2025-09-25T11:32:53","slug":"churu-chicken-vegetables-skanestai-sunims-56g","status":"publish","type":"product","link":"https:\/\/zooprekes24.lt\/lv\/produktas\/churu-chicken-vegetables-skanestai-sunims-56g\/","title":{"rendered":"Churu Chicken Vegetables skan\u0117stai \u0161unims 56 g"},"content":{"rendered":"<h3>Churu Chicken Vegetables &#8211; tyrel\u0117se yra daug dr\u0117gm\u0117s, kuri yra b\u016btina gerai \u0161un\u0173 sveikatai. Taip pat \u0161i\u0173 tyreli\u0173 sud\u0117tyje n\u0117ra gr\u016bd\u0173, konservant\u0173 ir dirbtini\u0173 da\u017eikli\u0173. Juos galite naudoti keliais b\u016bdais: duoti lai\u017eyti i\u0161spaudus i\u0161 t\u016bbel\u0117s arba naudoti kaip sauso maisto papild\u0105.<\/h3>\n<ul>\n<li>Maz kaloriju.<\/li>\n<li>Kr\u0113m\u012bga konsistence un pikanta gar\u0161a.<\/li>\n<li>Be gr\u016bd\u0173, konservant\u0173 ir dirbtini\u0173 da\u017eikli\u0173.<\/li>\n<li>Izgatavots no vistas ga\u013cas no saimniec\u012bbas 100%.<\/li>\n<li>Biezenis ir bag\u0101ts ar mitrumu, kas ir b\u016btisks su\u0146u vesel\u012bbai.<\/li>\n<li>Churu na\u0161\u0137i ir inovat\u012bvs, interakt\u012bvs veids, k\u0101 pavad\u012bt laiku kop\u0101 ar savu m\u012bluli.<\/li>\n<\/ul>","protected":false},"excerpt":{"rendered":"<p>Churu Chicken Vegetables &#8211; tyrel\u0117se yra daug dr\u0117gm\u0117s, kuri yra b\u016btina gerai \u0161un\u0173 sveikatai. Taip pat \u0161i\u0173 tyreli\u0173 sud\u0117tyje n\u0117ra gr\u016bd\u0173, konservant\u0173 ir dirbtini\u0173 da\u017eikli\u0173. Juos galite naudoti keliais b\u016bdais: duoti lai\u017eyti i\u0161spaudus i\u0161 t\u016bbel\u0117s arba naudoti kaip sauso maisto papild\u0105. Ma\u017eai kalorij\u0173. Kremin\u0117 tekst\u016bra ir pikanti\u0161kas skonis. Be gr\u016bd\u0173, konservant\u0173 ir dirbtini\u0173 da\u017eikli\u0173. Pagaminta&#8230;<\/p>","protected":false},"featured_media":40597,"comment_status":"closed","ping_status":"closed","template":"","meta":{"_acf_changed":false,"slim_seo":{"title":"Churu Chicken Vegetables skan\u0117stai \u0161unims 56 g - Zooprekes24","description":"Churu Chicken Vegetables - tyrel\u0117se yra daug dr\u0117gm\u0117s, kuri yra b\u016btina gerai \u0161un\u0173 sveikatai. Taip pat \u0161i\u0173 tyreli\u0173 sud\u0117tyje n\u0117ra gr\u016bd\u0173, konservant\u0173 ir dirbtini\u0173 d"},"iawp_total_views":5},"product_brand":[],"product_cat":[9240,9010,8999,31,30],"product_tag":[],"class_list":{"0":"post-40596","1":"product","2":"type-product","3":"status-publish","4":"has-post-thumbnail","6":"product_cat-churu-sunims","7":"product_cat-naturalus-skanestai","8":"product_cat-sunims","9":"product_cat-sunu-prekiu-gamintojai","10":"product_cat-sunu-skanestai","11":"pa_pasaro-sudetis-darzoves","12":"pa_pasaro-sudetis-vistiena","13":"pa_prekiu-zenklai-churu","14":"pa_suns-amzius-jauniems","15":"pa_suns-amzius-senjorams","16":"pa_suns-amzius-suaugusiems","17":"pa_suns-amzius-visiems-amziams","18":"pa_veisles-dydis-didelems-veislems","19":"pa_veisles-dydis-mazoms-veislems","20":"pa_veisles-dydis-vidutinems-veislems","21":"pa_veisles-dydis-visu-dydziu-veislems","23":"first","24":"instock","25":"taxable","26":"shipping-taxable","27":"purchasable","28":"product-type-simple"},"acf":[],"_links":{"self":[{"href":"https:\/\/zooprekes24.lt\/lv\/wp-json\/wp\/v2\/product\/40596","targetHints":{"allow":["GET"]}}],"collection":[{"href":"https:\/\/zooprekes24.lt\/lv\/wp-json\/wp\/v2\/product"}],"about":[{"href":"https:\/\/zooprekes24.lt\/lv\/wp-json\/wp\/v2\/types\/product"}],"replies":[{"embeddable":true,"href":"https:\/\/zooprekes24.lt\/lv\/wp-json\/wp\/v2\/comments?post=40596"}],"wp:featuredmedia":[{"embeddable":true,"href":"https:\/\/zooprekes24.lt\/lv\/wp-json\/wp\/v2\/media\/40597"}],"wp:attachment":[{"href":"https:\/\/zooprekes24.lt\/lv\/wp-json\/wp\/v2\/media?parent=40596"}],"wp:term":[{"taxonomy":"product_brand","embeddable":true,"href":"https:\/\/zooprekes24.lt\/lv\/wp-json\/wp\/v2\/product_brand?post=40596"},{"taxonomy":"product_cat","embeddable":true,"href":"https:\/\/zooprekes24.lt\/lv\/wp-json\/wp\/v2\/product_cat?post=40596"},{"taxonomy":"product_tag","embeddable":true,"href":"https:\/\/zooprekes24.lt\/lv\/wp-json\/wp\/v2\/product_tag?post=40596"}],"curies":[{"name":"wp","href":"https:\/\/api.w.org\/{rel}","templated":true}]}}