{"id":40585,"date":"2025-09-19T12:26:09","date_gmt":"2025-09-19T10:26:09","guid":{"rendered":"https:\/\/zooprekes24.lt\/?post_type=product&#038;p=40585"},"modified":"2026-03-02T14:30:19","modified_gmt":"2026-03-02T12:30:19","slug":"ciao-gift-box-dovanu-rinkinys-katems","status":"publish","type":"product","link":"https:\/\/zooprekes24.lt\/lv\/produktas\/ciao-gift-box-dovanu-rinkinys-katems\/","title":{"rendered":"Ciao Gift Box dovan\u0173 rinkinys kat\u0117ms"},"content":{"rendered":"<h3><span>Skan\u0117st\u0173 rinkinys kat\u0117ms.<\/span><\/h3>\n<ul>\n<li>1 vnt &#8211; Ciao vi\u0161tienos kr\u016btin\u0117l\u0117s fil\u0117 gabaliukas \u0161uku\u010di\u0173 sultinyje.<\/li>\n<li>10 vnt &#8211; Churu kremini\u0173 skan\u0117st\u0173 su tunu ir vi\u0161tiena, kuri\u0173 sud\u0117tyje gausu dr\u0117gm\u0117s ir ma\u017eai kalorij\u0173.<\/li>\n<li>2 vnt &#8211; Ciao Dashi japoni\u0161k\u0173 sultini\u0173 su vi\u0161tiena ir s\u016briu bei vi\u0161tiena ir bonito dribsniais.<\/li>\n<li>Skan\u0117st\u0173 sud\u0117tyje n\u0117ra gr\u016bd\u0173, prid\u0117tini\u0173 da\u017eikli\u0173 ar konservant\u0173.<\/li>\n<li>Puiki dovana katei: idealiai tinka keliaujant \u012f sve\u010dius ar norint palepinti augintin\u012f!<\/li>\n<li>D\u0117\u017eut\u0117je taip pat yra \u0161auk\u0161telis, skirtas kreminiems skan\u0117stams supilti ir maitinti kat\u0119.<\/li>\n<li>Visi skan\u0117stai pagaminti i\u0161 nat\u016bralios, fermoje u\u017eaugintos m\u0117sos ir vandenyno \u017euvies.<\/li>\n<\/ul>","protected":false},"excerpt":{"rendered":"<p>Skan\u0117st\u0173 rinkinys kat\u0117ms. 1 vnt &#8211; Ciao vi\u0161tienos kr\u016btin\u0117l\u0117s fil\u0117 gabaliukas \u0161uku\u010di\u0173 sultinyje. 10 vnt &#8211; Churu kremini\u0173 skan\u0117st\u0173 su tunu ir vi\u0161tiena, kuri\u0173 sud\u0117tyje gausu dr\u0117gm\u0117s ir ma\u017eai kalorij\u0173. 2 vnt &#8211; Ciao Dashi japoni\u0161k\u0173 sultini\u0173 su vi\u0161tiena ir s\u016briu bei vi\u0161tiena ir bonito dribsniais. Skan\u0117st\u0173 sud\u0117tyje n\u0117ra gr\u016bd\u0173, prid\u0117tini\u0173 da\u017eikli\u0173 ar konservant\u0173. Puiki&#8230;<\/p>","protected":false},"featured_media":40587,"comment_status":"closed","ping_status":"closed","template":"","meta":{"_acf_changed":false,"slim_seo":{"title":"Ciao Gift Box dovan\u0173 rinkinys kat\u0117ms - Zooprekes24","description":"Skan\u0117st\u0173 rinkinys kat\u0117ms. 1 vnt - Ciao vi\u0161tienos kr\u016btin\u0117l\u0117s fil\u0117 gabaliukas \u0161uku\u010di\u0173 sultinyje. 10 vnt - Churu kremini\u0173 skan\u0117st\u0173 su tunu ir vi\u0161tiena, kuri\u0173 sud\u0117t"},"iawp_total_views":15},"product_brand":[],"product_cat":[9027,72,25,9018],"product_tag":[7671,2032],"class_list":{"0":"post-40585","1":"product","2":"type-product","3":"status-publish","4":"has-post-thumbnail","6":"product_cat-begrudis-maistas-kaciu-maistas","7":"product_cat-kaciu-maistas","8":"product_cat-katems","9":"product_cat-skanestai","10":"product_tag-churu-rinkinys-katems","11":"product_tag-skystas-kaciu-skanestas","12":"pa_pasaro-sudetis-tunas","13":"pa_pasaro-sudetis-vistiena","14":"pa_pasaro-sudetis-zuvis","15":"pa_prekiu-zenklai-ciao","17":"first","18":"instock","19":"taxable","20":"shipping-taxable","21":"purchasable","22":"product-type-simple"},"acf":[],"_links":{"self":[{"href":"https:\/\/zooprekes24.lt\/lv\/wp-json\/wp\/v2\/product\/40585","targetHints":{"allow":["GET"]}}],"collection":[{"href":"https:\/\/zooprekes24.lt\/lv\/wp-json\/wp\/v2\/product"}],"about":[{"href":"https:\/\/zooprekes24.lt\/lv\/wp-json\/wp\/v2\/types\/product"}],"replies":[{"embeddable":true,"href":"https:\/\/zooprekes24.lt\/lv\/wp-json\/wp\/v2\/comments?post=40585"}],"wp:featuredmedia":[{"embeddable":true,"href":"https:\/\/zooprekes24.lt\/lv\/wp-json\/wp\/v2\/media\/40587"}],"wp:attachment":[{"href":"https:\/\/zooprekes24.lt\/lv\/wp-json\/wp\/v2\/media?parent=40585"}],"wp:term":[{"taxonomy":"product_brand","embeddable":true,"href":"https:\/\/zooprekes24.lt\/lv\/wp-json\/wp\/v2\/product_brand?post=40585"},{"taxonomy":"product_cat","embeddable":true,"href":"https:\/\/zooprekes24.lt\/lv\/wp-json\/wp\/v2\/product_cat?post=40585"},{"taxonomy":"product_tag","embeddable":true,"href":"https:\/\/zooprekes24.lt\/lv\/wp-json\/wp\/v2\/product_tag?post=40585"}],"curies":[{"name":"wp","href":"https:\/\/api.w.org\/{rel}","templated":true}]}}