{"id":40549,"date":"2025-09-18T15:19:32","date_gmt":"2025-09-18T13:19:32","guid":{"rendered":"https:\/\/zooprekes24.lt\/?post_type=product&#038;p=40549"},"modified":"2025-09-25T13:06:12","modified_gmt":"2025-09-25T11:06:12","slug":"ciao-dashi-delights-katems-silkinis-vistienos-tuno-ir-lasisos-sultinys","status":"publish","type":"product","link":"https:\/\/zooprekes24.lt\/lv\/produktas\/ciao-dashi-delights-katems-silkinis-vistienos-tuno-ir-lasisos-sultinys\/","title":{"rendered":"Ciao Dashi Delights kat\u0117ms, \u0161ilkinis vi\u0161tienos, tuno ir la\u0161i\u0161os sultinys"},"content":{"rendered":"<h3><span>Visavertis ka\u010di\u0173 maistas \u0161ilkiniame vi\u0161tienos, tuno ir la\u0161i\u0161os sultinyje.<\/span><\/h3>\n<ul>\n<li>Papildyta vertingais antioksidantais.<\/li>\n<li>Sud\u0117tyje n\u0117ra gr\u016bd\u0173, konservant\u0173 ir dirbtini\u0173 da\u017eikli\u0173.<\/li>\n<li>Gausus dr\u0117gm\u0117s, baltym\u0173 ir kit\u0173 nat\u016brali\u0173 ingredient\u0173, su\u017eadinan\u010di\u0173 kat\u0117s apetit\u0105.<\/li>\n<li>Idealiai tinka kat\u0117s mitybai pa\u012fvairinti ir nustebinti naujais skoniais, apr\u016bpinti maistin\u0117mis med\u017eiagomis.<\/li>\n<\/ul>","protected":false},"excerpt":{"rendered":"<p>Visavertis ka\u010di\u0173 maistas \u0161ilkiniame vi\u0161tienos, tuno ir la\u0161i\u0161os sultinyje. Papildyta vertingais antioksidantais. Sud\u0117tyje n\u0117ra gr\u016bd\u0173, konservant\u0173 ir dirbtini\u0173 da\u017eikli\u0173. Gausus dr\u0117gm\u0117s, baltym\u0173 ir kit\u0173 nat\u016brali\u0173 ingredient\u0173, su\u017eadinan\u010di\u0173 kat\u0117s apetit\u0105. Idealiai tinka kat\u0117s mitybai pa\u012fvairinti ir nustebinti naujais skoniais, apr\u016bpinti maistin\u0117mis med\u017eiagomis.<\/p>","protected":false},"featured_media":40552,"comment_status":"closed","ping_status":"closed","template":"","meta":{"_acf_changed":false,"slim_seo":{"title":"Ciao Dashi Delights kat\u0117ms, \u0161ilkinis vi\u0161tienos, tuno ir la\u0161i\u0161os sultinys - Zooprekes24","description":"Visavertis ka\u010di\u0173 maistas \u0161ilkiniame vi\u0161tienos, tuno ir la\u0161i\u0161os sultinyje. Papildyta vertingais antioksidantais. Sud\u0117tyje n\u0117ra gr\u016bd\u0173, konservant\u0173 ir dirbtini\u0173 da"},"iawp_total_views":6},"product_brand":[],"product_cat":[9027,72,25,9020],"product_tag":[2008],"class_list":{"0":"post-40549","1":"product","2":"type-product","3":"status-publish","4":"has-post-thumbnail","6":"product_cat-begrudis-maistas-kaciu-maistas","7":"product_cat-kaciu-maistas","8":"product_cat-katems","9":"product_cat-slapias-maistas-kaciu-maistas","10":"product_tag-kaciu-skanestai","11":"pa_pasaro-sudetis-lasisa","12":"pa_pasaro-sudetis-vistiena","13":"pa_pasaro-sudetis-zuvis","14":"pa_prekiu-zenklai-ciao","16":"first","17":"instock","18":"taxable","19":"shipping-taxable","20":"purchasable","21":"product-type-variable"},"acf":[],"_links":{"self":[{"href":"https:\/\/zooprekes24.lt\/lv\/wp-json\/wp\/v2\/product\/40549","targetHints":{"allow":["GET"]}}],"collection":[{"href":"https:\/\/zooprekes24.lt\/lv\/wp-json\/wp\/v2\/product"}],"about":[{"href":"https:\/\/zooprekes24.lt\/lv\/wp-json\/wp\/v2\/types\/product"}],"replies":[{"embeddable":true,"href":"https:\/\/zooprekes24.lt\/lv\/wp-json\/wp\/v2\/comments?post=40549"}],"wp:featuredmedia":[{"embeddable":true,"href":"https:\/\/zooprekes24.lt\/lv\/wp-json\/wp\/v2\/media\/40552"}],"wp:attachment":[{"href":"https:\/\/zooprekes24.lt\/lv\/wp-json\/wp\/v2\/media?parent=40549"}],"wp:term":[{"taxonomy":"product_brand","embeddable":true,"href":"https:\/\/zooprekes24.lt\/lv\/wp-json\/wp\/v2\/product_brand?post=40549"},{"taxonomy":"product_cat","embeddable":true,"href":"https:\/\/zooprekes24.lt\/lv\/wp-json\/wp\/v2\/product_cat?post=40549"},{"taxonomy":"product_tag","embeddable":true,"href":"https:\/\/zooprekes24.lt\/lv\/wp-json\/wp\/v2\/product_tag?post=40549"}],"curies":[{"name":"wp","href":"https:\/\/api.w.org\/{rel}","templated":true}]}}