{"id":40529,"date":"2025-09-18T14:39:55","date_gmt":"2025-09-18T12:39:55","guid":{"rendered":"https:\/\/zooprekes24.lt\/?post_type=product&#038;p=40529"},"modified":"2025-09-25T12:11:20","modified_gmt":"2025-09-25T10:11:20","slug":"ciao-dashi-delights-katems-plesyta-vistiena-su-lasisa-sultinyje","status":"publish","type":"product","link":"https:\/\/zooprekes24.lt\/lv\/produktas\/ciao-dashi-delights-katems-plesyta-vistiena-su-lasisa-sultinyje\/","title":{"rendered":"Ciao Dashi Delights kat\u0117ms, pl\u0117\u0161yta vi\u0161tiena su la\u0161i\u0161a sultinyje"},"content":{"rendered":"<h3><span>\u0160lapias maistas kat\u0117ms aromatingame sultinyje su pl\u0117\u0161yta vi\u0161tiena ir la\u0161i\u0161a.<\/span><\/h3>\n<ul>\n<li>Sud\u0117tyje ma\u017eai kalorij\u0173 ir riebal\u0173.<\/li>\n<li>Be gr\u016bd\u0173, konservant\u0173 ir dirbtini\u0173 da\u017eikli\u0173.<\/li>\n<li>Gausus dr\u0117gm\u0117s, baltym\u0173 ir kit\u0173 nat\u016brali\u0173 ingredient\u0173, su\u017eadinan\u010di\u0173 kat\u0117s apetit\u0105.<\/li>\n<li>Idealiai tinka kat\u0117s mitybai pa\u012fvairinti ir nustebinti naujais skoniais, apr\u016bpinti maistin\u0117mis med\u017eiagomis.<\/li>\n<\/ul>","protected":false},"excerpt":{"rendered":"<p>\u0160lapias maistas kat\u0117ms aromatingame sultinyje su pl\u0117\u0161yta vi\u0161tiena ir la\u0161i\u0161a. Sud\u0117tyje ma\u017eai kalorij\u0173 ir riebal\u0173. Be gr\u016bd\u0173, konservant\u0173 ir dirbtini\u0173 da\u017eikli\u0173. Gausus dr\u0117gm\u0117s, baltym\u0173 ir kit\u0173 nat\u016brali\u0173 ingredient\u0173, su\u017eadinan\u010di\u0173 kat\u0117s apetit\u0105. Idealiai tinka kat\u0117s mitybai pa\u012fvairinti ir nustebinti naujais skoniais, apr\u016bpinti maistin\u0117mis med\u017eiagomis.<\/p>","protected":false},"featured_media":40532,"comment_status":"closed","ping_status":"closed","template":"","meta":{"_acf_changed":false,"slim_seo":{"title":"Ciao Dashi Delights kat\u0117ms, pl\u0117\u0161yta vi\u0161tiena su la\u0161i\u0161a sultinyje - Zooprekes24","description":"\u0160lapias maistas kat\u0117ms aromatingame sultinyje su pl\u0117\u0161yta vi\u0161tiena ir la\u0161i\u0161a. Sud\u0117tyje ma\u017eai kalorij\u0173 ir riebal\u0173. Be gr\u016bd\u0173, konservant\u0173 ir dirbtini\u0173 da\u017eikli\u0173. Ga"},"iawp_total_views":7},"product_brand":[],"product_cat":[9027,72,25,9020],"product_tag":[2008],"class_list":{"0":"post-40529","1":"product","2":"type-product","3":"status-publish","4":"has-post-thumbnail","6":"product_cat-begrudis-maistas-kaciu-maistas","7":"product_cat-kaciu-maistas","8":"product_cat-katems","9":"product_cat-slapias-maistas-kaciu-maistas","10":"product_tag-kaciu-skanestai","11":"pa_pasaro-sudetis-lasisa","12":"pa_pasaro-sudetis-vistiena","13":"pa_pasaro-sudetis-zuvis","14":"pa_prekiu-zenklai-ciao","16":"first","17":"instock","18":"taxable","19":"shipping-taxable","20":"purchasable","21":"product-type-variable"},"acf":[],"_links":{"self":[{"href":"https:\/\/zooprekes24.lt\/lv\/wp-json\/wp\/v2\/product\/40529","targetHints":{"allow":["GET"]}}],"collection":[{"href":"https:\/\/zooprekes24.lt\/lv\/wp-json\/wp\/v2\/product"}],"about":[{"href":"https:\/\/zooprekes24.lt\/lv\/wp-json\/wp\/v2\/types\/product"}],"replies":[{"embeddable":true,"href":"https:\/\/zooprekes24.lt\/lv\/wp-json\/wp\/v2\/comments?post=40529"}],"wp:featuredmedia":[{"embeddable":true,"href":"https:\/\/zooprekes24.lt\/lv\/wp-json\/wp\/v2\/media\/40532"}],"wp:attachment":[{"href":"https:\/\/zooprekes24.lt\/lv\/wp-json\/wp\/v2\/media?parent=40529"}],"wp:term":[{"taxonomy":"product_brand","embeddable":true,"href":"https:\/\/zooprekes24.lt\/lv\/wp-json\/wp\/v2\/product_brand?post=40529"},{"taxonomy":"product_cat","embeddable":true,"href":"https:\/\/zooprekes24.lt\/lv\/wp-json\/wp\/v2\/product_cat?post=40529"},{"taxonomy":"product_tag","embeddable":true,"href":"https:\/\/zooprekes24.lt\/lv\/wp-json\/wp\/v2\/product_tag?post=40529"}],"curies":[{"name":"wp","href":"https:\/\/api.w.org\/{rel}","templated":true}]}}