{"id":40514,"date":"2025-09-18T13:54:47","date_gmt":"2025-09-18T11:54:47","guid":{"rendered":"https:\/\/zooprekes24.lt\/?post_type=product&#038;p=40514"},"modified":"2025-09-24T14:57:19","modified_gmt":"2025-09-24T12:57:19","slug":"ciao-twin-packs-katems-vistiena-sultinyje-80g","status":"publish","type":"product","link":"https:\/\/zooprekes24.lt\/lv\/produktas\/ciao-twin-packs-katems-vistiena-sultinyje-80g\/","title":{"rendered":"Ciao Twin Packs kat\u0117ms, vi\u0161tiena sultinyje 80 g"},"content":{"rendered":"<h3><span>Vi\u0161tiena savo sultinyje.<\/span><\/h3>\n<ul>\n<li>Mink\u0161ta vi\u0161tienos m\u0117sa gard\u017eiame sultinyje.<\/li>\n<li>Pikanti\u0161kas, sveikas ir nekaloringas u\u017ekandis kat\u0117ms.<\/li>\n<li>Sud\u0117tyje n\u0117ra gr\u016bd\u0173, prid\u0117tini\u0173 da\u017eikli\u0173 ar konservant\u0173.<\/li>\n<li>Papildyta vitaminu E, padedan\u010diu palaikyti sveik\u0105 kat\u0117s imunin\u0119 sistem\u0105.<\/li>\n<\/ul>","protected":false},"excerpt":{"rendered":"<p>Vi\u0161tiena savo sultinyje. Mink\u0161ta vi\u0161tienos m\u0117sa gard\u017eiame sultinyje. Pikanti\u0161kas, sveikas ir nekaloringas u\u017ekandis kat\u0117ms. Sud\u0117tyje n\u0117ra gr\u016bd\u0173, prid\u0117tini\u0173 da\u017eikli\u0173 ar konservant\u0173. Papildyta vitaminu E, padedan\u010diu palaikyti sveik\u0105 kat\u0117s imunin\u0119 sistem\u0105.<\/p>","protected":false},"featured_media":40517,"comment_status":"closed","ping_status":"closed","template":"","meta":{"_acf_changed":false,"slim_seo":{"title":"Ciao Twin Packs kat\u0117ms, vi\u0161tiena sultinyje 80 g - Zooprekes24","description":"Vi\u0161tiena savo sultinyje. Mink\u0161ta vi\u0161tienos m\u0117sa gard\u017eiame sultinyje. Pikanti\u0161kas, sveikas ir nekaloringas u\u017ekandis kat\u0117ms. Sud\u0117tyje n\u0117ra gr\u016bd\u0173, prid\u0117tini\u0173 da\u017eik"},"iawp_total_views":21},"product_brand":[],"product_cat":[9027,72,25,9020],"product_tag":[2008],"class_list":{"0":"post-40514","1":"product","2":"type-product","3":"status-publish","4":"has-post-thumbnail","6":"product_cat-begrudis-maistas-kaciu-maistas","7":"product_cat-kaciu-maistas","8":"product_cat-katems","9":"product_cat-slapias-maistas-kaciu-maistas","10":"product_tag-kaciu-skanestai","11":"pa_pasaro-sudetis-vistiena","12":"pa_prekiu-zenklai-ciao","14":"first","15":"instock","16":"taxable","17":"shipping-taxable","18":"purchasable","19":"product-type-variable"},"acf":[],"_links":{"self":[{"href":"https:\/\/zooprekes24.lt\/lv\/wp-json\/wp\/v2\/product\/40514","targetHints":{"allow":["GET"]}}],"collection":[{"href":"https:\/\/zooprekes24.lt\/lv\/wp-json\/wp\/v2\/product"}],"about":[{"href":"https:\/\/zooprekes24.lt\/lv\/wp-json\/wp\/v2\/types\/product"}],"replies":[{"embeddable":true,"href":"https:\/\/zooprekes24.lt\/lv\/wp-json\/wp\/v2\/comments?post=40514"}],"wp:featuredmedia":[{"embeddable":true,"href":"https:\/\/zooprekes24.lt\/lv\/wp-json\/wp\/v2\/media\/40517"}],"wp:attachment":[{"href":"https:\/\/zooprekes24.lt\/lv\/wp-json\/wp\/v2\/media?parent=40514"}],"wp:term":[{"taxonomy":"product_brand","embeddable":true,"href":"https:\/\/zooprekes24.lt\/lv\/wp-json\/wp\/v2\/product_brand?post=40514"},{"taxonomy":"product_cat","embeddable":true,"href":"https:\/\/zooprekes24.lt\/lv\/wp-json\/wp\/v2\/product_cat?post=40514"},{"taxonomy":"product_tag","embeddable":true,"href":"https:\/\/zooprekes24.lt\/lv\/wp-json\/wp\/v2\/product_tag?post=40514"}],"curies":[{"name":"wp","href":"https:\/\/api.w.org\/{rel}","templated":true}]}}